{"id":2800,"date":"2022-12-10T10:57:41","date_gmt":"2022-12-10T09:57:41","guid":{"rendered":"https:\/\/tigea-shop.si\/?post_type=product&#038;p=2800"},"modified":"2022-12-11T06:17:35","modified_gmt":"2022-12-11T05:17:35","slug":"set-dolgi-udarni-nasadni-kljuci-1-2-10-32-mm","status":"publish","type":"product","link":"https:\/\/tigea-shop.si\/cs\/izdelek\/set-dolgi-udarni-nasadni-kljuci-1-2-10-32-mm\/","title":{"rendered":"Set dolgi udarni nasadni klju\u010di 1\/2&#8243;, 10 &#8211; 32 mm"},"content":{"rendered":"<p>Komplet dolgh 6-kotnih udarnih gedor s priklju\u010dkom 1\/2&#8243; in dol\u017eino 75 mm. Narejeni so iz kakovostnega CrMO jekla in so idealna za uporabo s pnevmatskimi udarnimi vija\u010dniki. Klju\u010di so name\u0161\u010deni na plasti\u010dnem obe\u0161alniku in razporejeni po velikosti od 10 do 32 mm.<\/p>\n<p>Velikost: 10, 13, 14, 15, 17, 18, 19, 21, 22, 24, 27, 30, 32 mm.<\/p>\n<p>Tip-\u0160estkotne<\/p>\n","protected":false},"excerpt":{"rendered":"<p>Komplet dolgh 6-kotnih udarnih gedor s priklju\u010dkom 1\/2&#8243; in dol\u017eino 75 mm. Narejeni so iz kakovostnega CrMO jekla in so idealna za uporabo s pnevmatskimi udarnimi vija\u010dniki. Klju\u010di so name\u0161\u010deni na plasti\u010dnem obe\u0161alniku in razporejeni po velikosti od 10 do 32 mm. Velikost: 10, 13, 14, 15, 17, 18, 19, 21, 22, 24, 27, 30, &hellip; <br \/><a href=\"https:\/\/tigea-shop.si\/cs\/izdelek\/set-dolgi-udarni-nasadni-kljuci-1-2-10-32-mm\/\" class=\"more-link\">Continue reading <span class=\"screen-reader-text\">Set dolgi udarni nasadni klju\u010di 1\/2&#8243;, 10 &#8211; 32 mm<\/span><\/a><\/p>\n","protected":false},"featured_media":2801,"template":"","meta":[],"_links":{"self":[{"href":"https:\/\/tigea-shop.si\/cs\/wp-json\/wp\/v2\/product\/2800"}],"collection":[{"href":"https:\/\/tigea-shop.si\/cs\/wp-json\/wp\/v2\/product"}],"about":[{"href":"https:\/\/tigea-shop.si\/cs\/wp-json\/wp\/v2\/types\/product"}],"wp:featuredmedia":[{"embeddable":true,"href":"https:\/\/tigea-shop.si\/cs\/wp-json\/wp\/v2\/media\/2801"}],"wp:attachment":[{"href":"https:\/\/tigea-shop.si\/cs\/wp-json\/wp\/v2\/media?parent=2800"}],"curies":[{"name":"wp","href":"https:\/\/api.w.org\/{rel}","templated":true}]}}