{"id":2846,"date":"2022-12-11T06:59:54","date_gmt":"2022-12-11T05:59:54","guid":{"rendered":"https:\/\/tigea-shop.si\/?post_type=product&#038;p=2846"},"modified":"2022-12-11T06:59:55","modified_gmt":"2022-12-11T05:59:55","slug":"set-kljucev-kombinirani-obrocni-tip-c-e-torx-zavorni-47-kosov","status":"publish","type":"product","link":"https:\/\/tigea-shop.si\/cs\/izdelek\/set-kljucev-kombinirani-obrocni-tip-c-e-torx-zavorni-47-kosov\/","title":{"rendered":"Set klju\u010dev &#8211; Kombinirani, obro\u010dni, Tip-C, E-Torx, zavorni &#8211; 47 kosov"},"content":{"rendered":"<p>47 kosov VELIKI SET razli\u010dnih tipov klju\u010dev. V kompletu so: Kombinirani klju\u010di, E-TORX obro\u010dni klju\u010di, Half-Moon polmese\u010dni obro\u010di&#8230;<\/p>\n<ul>\n<li>Kombinirani klju\u010di: 6, 7, 8, 9, 10, 11, 12, 13, 14, 15, 16, 17, 18, 19, 20, 21, 22, 23, 24, 26, 27, 28, 30, 32 mm<\/li>\n<li>TORX klju\u010di: E6xE8, E10xE12, E14xE18, E20xE24<\/li>\n<li>Obro\u010dni klju\u010di: 6&#215;7, 8&#215;9, 10&#215;11, 12&#215;13, 14&#215;15, 16&#215;17, 18&#215;19, 20&#215;22 mm<\/li>\n<li>Zaviti obro\u010dni klju\u010di: 10&#215;11, 12&#215;13, 14&#215;15, 16&#215;17, 18&#215;19 mm<\/li>\n<li>Klju\u010di za zavorne cevi: 8&#215;10, 9&#215;11, 10&#215;12, 12&#215;14, 15&#215;17, 16&#215;18 mm<\/li>\n<\/ul>\n","protected":false},"excerpt":{"rendered":"<p>47 kosov VELIKI SET razli\u010dnih tipov klju\u010dev. V kompletu so: Kombinirani klju\u010di, E-TORX obro\u010dni klju\u010di, Half-Moon polmese\u010dni obro\u010di&#8230; Kombinirani klju\u010di: 6, 7, 8, 9, 10, 11, 12, 13, 14, 15, 16, 17, 18, 19, 20, 21, 22, 23, 24, 26, 27, 28, 30, 32 mm TORX klju\u010di: E6xE8, E10xE12, E14xE18, E20xE24 Obro\u010dni klju\u010di: 6&#215;7, 8&#215;9, &hellip; <br \/><a href=\"https:\/\/tigea-shop.si\/cs\/izdelek\/set-kljucev-kombinirani-obrocni-tip-c-e-torx-zavorni-47-kosov\/\" class=\"more-link\">Continue reading <span class=\"screen-reader-text\">Set klju\u010dev &#8211; Kombinirani, obro\u010dni, Tip-C, E-Torx, zavorni &#8211; 47 kosov<\/span><\/a><\/p>\n","protected":false},"featured_media":2847,"template":"","meta":[],"_links":{"self":[{"href":"https:\/\/tigea-shop.si\/cs\/wp-json\/wp\/v2\/product\/2846"}],"collection":[{"href":"https:\/\/tigea-shop.si\/cs\/wp-json\/wp\/v2\/product"}],"about":[{"href":"https:\/\/tigea-shop.si\/cs\/wp-json\/wp\/v2\/types\/product"}],"wp:featuredmedia":[{"embeddable":true,"href":"https:\/\/tigea-shop.si\/cs\/wp-json\/wp\/v2\/media\/2847"}],"wp:attachment":[{"href":"https:\/\/tigea-shop.si\/cs\/wp-json\/wp\/v2\/media?parent=2846"}],"curies":[{"name":"wp","href":"https:\/\/api.w.org\/{rel}","templated":true}]}}