{"id":2879,"date":"2022-12-21T18:30:41","date_gmt":"2022-12-21T17:30:41","guid":{"rendered":"https:\/\/tigea-shop.si\/?post_type=product&#038;p=2879"},"modified":"2022-12-21T18:30:42","modified_gmt":"2022-12-21T17:30:42","slug":"set-bakrenih-podlozk","status":"publish","type":"product","link":"https:\/\/tigea-shop.si\/cs\/izdelek\/set-bakrenih-podlozk\/","title":{"rendered":"Set bakrenih podlo\u017ek"},"content":{"rendered":"<p>Bakrene podlo\u017eke so odporne proti koroziji v mokrih okoljih, nemagnetne in elektri\u010dno prevodne.<\/p>\n<p><strong>Tehni\u010dne lastnosti:<\/strong><\/p>\n<ul>\n<li>30 kosov 4,0 x 8 x 1 mm<\/li>\n<li>30 kosov 4,0 x 9 x 1 mm<\/li>\n<li>30 kosov 7,0 x 10 x 1 mm<\/li>\n<li>30 kosov 6,0 x 12 x 1 mm<\/li>\n<li>30 kosov 8,0 x 12 x 1 mm<\/li>\n<li>30 kosov 8,0 x 14 x 1 mm<\/li>\n<li>30 kosov 10,0 x 16 x 1 mm<\/li>\n<li>30 kosov 11,0 x 17 x 1 mm<\/li>\n<li>30 kosov 10,5 x 17 x 1 mm<\/li>\n<li>30 kosov 12,0 x 16 x 1 mm<\/li>\n<li>20 kosov 8,0 x 16 x 1 mm<\/li>\n<li>20 kosov 13,0 x 18 x 1 mm<\/li>\n<li>20 kosov 14,0 x 18 x 1 mm<\/li>\n<li>20 kosov 12,0 x 19 x 1 mm<\/li>\n<li>20 kosov 14,0 x 20 x 1 mm<\/li>\n<li>20 kosov 16,0 x 20 x 1 mm<\/li>\n<li>15 kosov 17,0 x 21 x 1 mm<\/li>\n<li>15 kosov 18,0 x 22 x 1 mm<\/li>\n<li>15 kosov 18,0 x 24 x 1 mm<\/li>\n<li>10 kosov 19,0 x 26 x 1 mm<\/li>\n<li>10 kosov 22,0 x 26 x 1 mm<\/li>\n<li>10 kosov 24,0 x 29 x 1 mm<\/li>\n<li>10 kosov 20,0 x 28 x 1 mm<\/li>\n<li>10 kosov 22,0 x 29 x 1 mm<\/li>\n<li>10 kosov 26,0 x 31 x 1 mm<\/li>\n<li>10 kosov 24,0 x 32 x 1 mm<\/li>\n<li>10 kosov 27,0 x 32 x 1 mm<\/li>\n<li>10 kosov 26,0 x 34 x 1 mm<\/li>\n<li>10 kosov 30,0 x 36 x 1 mm<\/li>\n<\/ul>\n","protected":false},"excerpt":{"rendered":"<p>Bakrene podlo\u017eke so odporne proti koroziji v mokrih okoljih, nemagnetne in elektri\u010dno prevodne. Tehni\u010dne lastnosti: 30 kosov 4,0 x 8 x 1 mm 30 kosov 4,0 x 9 x 1 mm 30 kosov 7,0 x 10 x 1 mm 30 kosov 6,0 x 12 x 1 mm 30 kosov 8,0 x 12 x 1 mm &hellip; <br \/><a href=\"https:\/\/tigea-shop.si\/cs\/izdelek\/set-bakrenih-podlozk\/\" class=\"more-link\">Continue reading <span class=\"screen-reader-text\">Set bakrenih podlo\u017ek<\/span><\/a><\/p>\n","protected":false},"featured_media":2880,"template":"","meta":[],"_links":{"self":[{"href":"https:\/\/tigea-shop.si\/cs\/wp-json\/wp\/v2\/product\/2879"}],"collection":[{"href":"https:\/\/tigea-shop.si\/cs\/wp-json\/wp\/v2\/product"}],"about":[{"href":"https:\/\/tigea-shop.si\/cs\/wp-json\/wp\/v2\/types\/product"}],"wp:featuredmedia":[{"embeddable":true,"href":"https:\/\/tigea-shop.si\/cs\/wp-json\/wp\/v2\/media\/2880"}],"wp:attachment":[{"href":"https:\/\/tigea-shop.si\/cs\/wp-json\/wp\/v2\/media?parent=2879"}],"curies":[{"name":"wp","href":"https:\/\/api.w.org\/{rel}","templated":true}]}}