{"id":3184,"date":"2023-04-23T09:05:50","date_gmt":"2023-04-23T07:05:50","guid":{"rendered":"https:\/\/tigea-shop.si\/?post_type=product&#038;p=3184"},"modified":"2025-07-16T17:52:30","modified_gmt":"2025-07-16T15:52:30","slug":"pnevmatska-dvigalka-3-t","status":"publish","type":"product","link":"https:\/\/tigea-shop.si\/cs\/izdelek\/pnevmatska-dvigalka-3-t\/","title":{"rendered":"PNEVMATSKA DVIGALKA 3 t"},"content":{"rendered":"<p>PNEVMATSKA DVIGALKA 3t<\/p>\n<p>PNEVMATSKA DVIGALKA 3T \u00a0Dvigalo je za skoraj vsak osebni avtomobil \u2013 njegova nosilnost zna\u0161a kar 3 tone. Dolg ro\u010daj olaj\u0161a manevriranje, ne da bi se bilo treba bistveno upogniti. Dvigalo je opremiljeno z velikimi, udobnimi kolesi, ki mo\u010dno olaj\u0161ajo njegovo manevriranje \u2013 tudi \u010de so tla na mestu, kjer stoji avto, neenakomerna.<\/p>\n<p>Opis:<\/p>\n<p>\u2013 Najmanj\u0161a vi\u0161ina 13,5cm<\/p>\n<p>\u2013 Najve\u010dja vi\u0161ina 42cm<\/p>\n<p>\u2013 Nosilnost: 3 T<\/p>\n<p>\u2013 Delovni pritisk:-5 \u2013 10 bar<\/p>\n<p>&nbsp;<\/p>\n","protected":false},"excerpt":{"rendered":"<p>PNEVMATSKA DVIGALKA 3t PNEVMATSKA DVIGALKA 3T \u00a0Dvigalo je za skoraj vsak osebni avtomobil \u2013 njegova nosilnost zna\u0161a kar 3 tone. Dolg ro\u010daj olaj\u0161a manevriranje, ne da bi se bilo treba bistveno upogniti. Dvigalo je opremiljeno z velikimi, udobnimi kolesi, ki mo\u010dno olaj\u0161ajo njegovo manevriranje \u2013 tudi \u010de so tla na mestu, kjer stoji avto, neenakomerna. &hellip; <br \/><a href=\"https:\/\/tigea-shop.si\/cs\/izdelek\/pnevmatska-dvigalka-3-t\/\" class=\"more-link\">Continue reading <span class=\"screen-reader-text\">PNEVMATSKA DVIGALKA 3 t<\/span><\/a><\/p>\n","protected":false},"featured_media":3185,"template":"","meta":[],"_links":{"self":[{"href":"https:\/\/tigea-shop.si\/cs\/wp-json\/wp\/v2\/product\/3184"}],"collection":[{"href":"https:\/\/tigea-shop.si\/cs\/wp-json\/wp\/v2\/product"}],"about":[{"href":"https:\/\/tigea-shop.si\/cs\/wp-json\/wp\/v2\/types\/product"}],"wp:featuredmedia":[{"embeddable":true,"href":"https:\/\/tigea-shop.si\/cs\/wp-json\/wp\/v2\/media\/3185"}],"wp:attachment":[{"href":"https:\/\/tigea-shop.si\/cs\/wp-json\/wp\/v2\/media?parent=3184"}],"curies":[{"name":"wp","href":"https:\/\/api.w.org\/{rel}","templated":true}]}}