{"id":3536,"date":"2023-10-21T17:27:14","date_gmt":"2023-10-21T15:27:14","guid":{"rendered":"https:\/\/tigea-shop.si\/?post_type=product&#038;p=3536"},"modified":"2023-10-21T17:27:15","modified_gmt":"2023-10-21T15:27:15","slug":"skladiscni-regal-180-x-90-x-40cm-175kg-polico","status":"publish","type":"product","link":"https:\/\/tigea-shop.si\/cs\/izdelek\/skladiscni-regal-180-x-90-x-40cm-175kg-polico\/","title":{"rendered":"Skladi\u0161\u010dni regal 180 x 90 x 40cm | 175kg\/polico"},"content":{"rendered":"<p>Ogrodje iz nerjavnega pocinkanega jekla 5x MDF lesene police Pre\u010dni nosilci za zagotavljanje visoke nosilnosti Plasti\u010dni zaklju\u010dki na vrhu in nogah regala (8 kosov)<\/p>\n<p>Omogo\u010da postavitev enega ali 2 skladi\u0161\u010dnih regalov Omog\u010da postavitev delovnega pulta \u2013 regal ob regal 2 barvi (cink in modra) Enostavna in hitra sestava oz. monta\u017ea brez vija\u010denja.<\/p>\n<p>Za uporabo doma ali v skladi\u0161\u010du Dimenzije in nosilnost:<\/p>\n<p>Dimenzija: 180x90x40 cm ali 2x 90x90x40 cm (opcijska postavitev)<\/p>\n<p>Nosilnost: 875 kg<\/p>\n<p>Nosilnost na polico: 175 kg<\/p>\n","protected":false},"excerpt":{"rendered":"<p>Ogrodje iz nerjavnega pocinkanega jekla 5x MDF lesene police Pre\u010dni nosilci za zagotavljanje visoke nosilnosti Plasti\u010dni zaklju\u010dki na vrhu in nogah regala (8 kosov) Omogo\u010da postavitev enega ali 2 skladi\u0161\u010dnih regalov Omog\u010da postavitev delovnega pulta \u2013 regal ob regal 2 barvi (cink in modra) Enostavna in hitra sestava oz. monta\u017ea brez vija\u010denja. Za uporabo doma &hellip; <br \/><a href=\"https:\/\/tigea-shop.si\/cs\/izdelek\/skladiscni-regal-180-x-90-x-40cm-175kg-polico\/\" class=\"more-link\">Continue reading <span class=\"screen-reader-text\">Skladi\u0161\u010dni regal 180 x 90 x 40cm | 175kg\/polico<\/span><\/a><\/p>\n","protected":false},"featured_media":3537,"template":"","meta":[],"_links":{"self":[{"href":"https:\/\/tigea-shop.si\/cs\/wp-json\/wp\/v2\/product\/3536"}],"collection":[{"href":"https:\/\/tigea-shop.si\/cs\/wp-json\/wp\/v2\/product"}],"about":[{"href":"https:\/\/tigea-shop.si\/cs\/wp-json\/wp\/v2\/types\/product"}],"wp:featuredmedia":[{"embeddable":true,"href":"https:\/\/tigea-shop.si\/cs\/wp-json\/wp\/v2\/media\/3537"}],"wp:attachment":[{"href":"https:\/\/tigea-shop.si\/cs\/wp-json\/wp\/v2\/media?parent=3536"}],"curies":[{"name":"wp","href":"https:\/\/api.w.org\/{rel}","templated":true}]}}