{"id":3583,"date":"2023-10-21T18:12:46","date_gmt":"2023-10-21T16:12:46","guid":{"rendered":"https:\/\/tigea-shop.si\/?post_type=product&#038;p=3583"},"modified":"2025-09-03T16:47:33","modified_gmt":"2025-09-03T14:47:33","slug":"pnevmatski-lovilec-odpadnega-olja-80-litrov","status":"publish","type":"product","link":"https:\/\/tigea-shop.si\/cs\/izdelek\/pnevmatski-lovilec-odpadnega-olja-80-litrov\/","title":{"rendered":"Pnevmatski lovilec odpadnega olja, 80 litrov"},"content":{"rendered":"<p>Pnevmatski lovilec in sesalnik odpadnega olja s kapaciteto 80.000 ml je odli\u010den dodatek k vsaki profesionalni avtomehani\u0161ki delavnici.<\/p>\n<p>Po vi\u0161ini nastavljiva teleskopska odto\u010dna posoda z mre\u017enim filtrom. Vsebuje 6 sesalnih sond; 4 plasti\u010dne (5, 6, 7 in 8 mm) in 2 kovinsko (5 in 6 mm) cev.<\/p>\n<p>Opremljen je z 10 litersko merilno posodo in 15 litersko posodo za odceditev.<\/p>\n<p>Mo\u010d vakumskega sesalnika zna\u0161a od 0 do 0,1 MPA. Izpust olja je omogo\u010den s pomo\u010djo pnevmatskega priklopa z razponu od 1 do najve\u010d 2 bara (14 &#8211; 28 psi). Temperatura olja lahko zna\u0161a med 40 &#8211; 80\u00b0C.<\/p>\n","protected":false},"excerpt":{"rendered":"<p>Pnevmatski lovilec in sesalnik odpadnega olja s kapaciteto 80.000 ml je odli\u010den dodatek k vsaki profesionalni avtomehani\u0161ki delavnici. Po vi\u0161ini nastavljiva teleskopska odto\u010dna posoda z mre\u017enim filtrom. Vsebuje 6 sesalnih sond; 4 plasti\u010dne (5, 6, 7 in 8 mm) in 2 kovinsko (5 in 6 mm) cev. Opremljen je z 10 litersko merilno posodo in &hellip; <br \/><a href=\"https:\/\/tigea-shop.si\/cs\/izdelek\/pnevmatski-lovilec-odpadnega-olja-80-litrov\/\" class=\"more-link\">Continue reading <span class=\"screen-reader-text\">Pnevmatski lovilec odpadnega olja, 80 litrov<\/span><\/a><\/p>\n","protected":false},"featured_media":3584,"template":"","meta":[],"_links":{"self":[{"href":"https:\/\/tigea-shop.si\/cs\/wp-json\/wp\/v2\/product\/3583"}],"collection":[{"href":"https:\/\/tigea-shop.si\/cs\/wp-json\/wp\/v2\/product"}],"about":[{"href":"https:\/\/tigea-shop.si\/cs\/wp-json\/wp\/v2\/types\/product"}],"wp:featuredmedia":[{"embeddable":true,"href":"https:\/\/tigea-shop.si\/cs\/wp-json\/wp\/v2\/media\/3584"}],"wp:attachment":[{"href":"https:\/\/tigea-shop.si\/cs\/wp-json\/wp\/v2\/media?parent=3583"}],"curies":[{"name":"wp","href":"https:\/\/api.w.org\/{rel}","templated":true}]}}