{"id":4669,"date":"2026-01-21T16:20:02","date_gmt":"2026-01-21T15:20:02","guid":{"rendered":"https:\/\/tigea-shop.si\/?post_type=product&#038;p=4669"},"modified":"2026-01-21T16:20:04","modified_gmt":"2026-01-21T15:20:04","slug":"kovinski-kovcek-z-orodjem","status":"publish","type":"product","link":"https:\/\/tigea-shop.si\/cs\/izdelek\/kovinski-kovcek-z-orodjem\/","title":{"rendered":"Kovinski kov\u010dek z orodjem"},"content":{"rendered":"<p><span dir=\"auto\">Kov\u010dek vsebuje:<\/span><\/p>\n<p><span dir=\"auto\">1\/2&#8243; \u0161esterokotne nasadne klju\u010de<\/span><br \/>\n<span dir=\"auto\">\u00b7 \u0160esterokotni klju\u010d: 8 mm, 9 mm, 10 mm, 11 mm, 12 mm, 13 mm, 14 mm, 15 mm, 16 mm, 17 mm, 18 mm, 19 mm, 20 mm, 21 mm, 22 mm, 23 mm (kratki), 24 mm, 27 mm, 30 mm, 32 mm<\/span><br \/>\n<span dir=\"auto\">1\/2&#8243; klju\u010di za sve\u010dke<\/span><br \/>\n<span dir=\"auto\">\u00b7 \u0160esterokotni klju\u010d za sve\u010dke: 16 mm, 21 mm<\/span><br \/>\n<span dir=\"auto\">1\/4&#8243; \u0161esterokotni nasadni klju\u010di (kromirani)<\/span><br \/>\n<span dir=\"auto\">\u00b7 \u0160esterokotni klju\u010d 1\/4&#8243;: 4 mm, 4,5 mm, 5 mm, 5,5 mm, 6 mm, 7 mm, 8 mm, 9 mm, 10 mm, 11 mm, 12 mm, 13 mm, 14<\/span><br \/>\n<span dir=\"auto\">mm 1\/4&#8243; (50 mm) dolgi \u0161esterokotni nasadni klju\u010di<\/span><br \/>\n<span dir=\"auto\">\u00b7 1\/4&#8243; dolg \u0161esterokotni klju\u010d: 8 mm, 10 mm, 11 mm, 12 mm, 13 mm, 14 mm<\/span><br \/>\n<span dir=\"auto\">1\/4&#8243; Torx klju\u010di (Tx)<\/span><br \/>\n<span dir=\"auto\">\u00b7 1\/4&#8243; Torx klju\u010d: E4, E5, E6, E7, E8<\/span><br \/>\n<span dir=\"auto\">Torx klju\u010di (Tx)<\/span><br \/>\n<span dir=\"auto\">\u00b7 Torx klju\u010d: E10, E11<\/span><br \/>\n<span dir=\"auto\">Jermenice<\/span><br \/>\n<span dir=\"auto\">\u00b7 Jermenica 1\/2&#8243;: 72 zob, 255 mm\u00a0<\/span><br \/>\n<span dir=\"auto\">\u00b7 Jermenica 1\/4&#8243;: 72 zob, 145 mm\u00a0<\/span><br \/>\n<span dir=\"auto\">Podalj\u0161ki<\/span><br \/>\n<span dir=\"auto\">\u00b7 Podalj\u0161ek 1\/2&#8243;: 125 mm, 250 mm<\/span><br \/>\n<span dir=\"auto\">\u00b7 Podalj\u0161ek 1\/4&#8243;: 50 mm, 100 mm<\/span><br \/>\n<span dir=\"auto\">Univerzalni zglobi<\/span><br \/>\n<span dir=\"auto\">\u00b7 Univerzalni zglob: 1\/2&#8243;, 1\/4&#8243;<\/span><br \/>\n<span dir=\"auto\">Adapterji<\/span><br \/>\n<span dir=\"auto\">\u00b7 3\/8&#8243; \u017eenski &#8211; 1\/2&#8243; mo\u0161ki adapter z za\u0161\u010dito pred nedovoljenim odpiranjem<\/span><\/p>\n<p><span dir=\"auto\">Nasadni klju\u010di za \u0161esterokotni izvija\u010d 1\/4&#8243;<\/span><br \/>\n<span dir=\"auto\">\u0160esterokotni izvija\u010d: 3 mm, 4 mm, 5 mm, 6 mm<\/span><br \/>\n<span dir=\"auto\">1\/4&#8243; \u0161esterokotni klju\u010d: 7 mm, 8 mm<\/span><br \/>\n<span dir=\"auto\">Nastavki za izvija\u010d z navojem (Sl)<\/span><br \/>\n<span dir=\"auto\">Nastavki za izvija\u010d z navojem: 4 mm, 5,5 mm, 6,5 mm<\/span><br \/>\n<span dir=\"auto\">Nastavki za izvija\u010d Phillips (Ph)<\/span><br \/>\n<span dir=\"auto\">Nastavki za izvija\u010d Phillips: 1, 2, 3<\/span><br \/>\n<span dir=\"auto\">Nastavki za izvija\u010d Torx (Tx)<\/span><br \/>\n<span dir=\"auto\">Evolventni klju\u010d za izvija\u010d Torx: T10, T15, T20, T25, T30, T40<\/span><\/p>\n<p><span dir=\"auto\">Ro\u010daji in pribor za izvija\u010de<\/span><br \/>\n<span dir=\"auto\">Drsni ro\u010daj 1\/4&#8243; (T)<\/span><br \/>\n<span dir=\"auto\">Ro\u010daj izvija\u010da 1\/4&#8243;<\/span><br \/>\n<span dir=\"auto\">Magnetni izvija\u010d<\/span><br \/>\n<span dir=\"auto\">Izvle\u010dna magnetna konica\u00a0<\/span><br \/>\n<span dir=\"auto\">Kombinirani klju\u010di<\/span><br \/>\n<span dir=\"auto\">Kombinirani klju\u010d: 6 mm, 7 mm, 8 mm, 9 mm, 10 mm, 11 mm, 12 mm, 13 mm, 14 mm, 17 mm, 19 mm, 22 mm<\/span><br \/>\n<span dir=\"auto\">Dvostranski zvezdasti klju\u010di<\/span><br \/>\n<span dir=\"auto\">\u00b7 Zvezdasti klju\u010d: 6&#215;7 mm, 8&#215;9 mm, 10&#215;11 mm, 12&#215;13 mm, 14&#215;15 mm, 16&#215;17 mm, 18&#215;19 mm, 20&#215;22 mm<\/span><br \/>\n<span dir=\"auto\">Ploski izvija\u010di<\/span><br \/>\n<span dir=\"auto\">\u00b7 Ploski izvija\u010d: Sl5x75 mm, Sl6x100 mm, Sl8x150 mm, Sl10x200 mm<\/span><br \/>\n<span dir=\"auto\">Zvezdasti izvija\u010di<\/span><br \/>\n<span dir=\"auto\">\u00b7 Zvezdasti izvija\u010d: Ph1x80 mm, Ph2x100 mm, Ph3x150 mm<\/span><\/p>\n<p><span dir=\"auto\">Kle\u0161\u010de<\/span><br \/>\n<span dir=\"auto\">\u00b7 Kle\u0161\u010de za vodno \u010drpalko 240 mm<\/span><br \/>\n<span dir=\"auto\">\u00b7 Kombinirane kle\u0161\u010de 7&#8243; (180 mm)<\/span><br \/>\n<span dir=\"auto\">\u00b7 Kle\u0161\u010de z dolgim \u200b\u200bnosom 8&#8243; (200 mm)<\/span><br \/>\n<span dir=\"auto\">\u00b7 Diagonalne kle\u0161\u010de za rezanje 7&#8243; (180 mm)<\/span><br \/>\n<span dir=\"auto\">\u00b7 Kle\u0161\u010de za pritisk<\/span><br \/>\n<span dir=\"auto\">\u00b7 Komplet 32 \u200b\u200bnastavkov<\/span><\/p>\n","protected":false},"excerpt":{"rendered":"<p>Kov\u010dek vsebuje: 1\/2&#8243; \u0161esterokotne nasadne klju\u010de \u00b7 \u0160esterokotni klju\u010d: 8 mm, 9 mm, 10 mm, 11 mm, 12 mm, 13 mm, 14 mm, 15 mm, 16 mm, 17 mm, 18 mm, 19 mm, 20 mm, 21 mm, 22 mm, 23 mm (kratki), 24 mm, 27 mm, 30 mm, 32 mm 1\/2&#8243; klju\u010di za sve\u010dke \u00b7 &hellip; <br \/><a href=\"https:\/\/tigea-shop.si\/cs\/izdelek\/kovinski-kovcek-z-orodjem\/\" class=\"more-link\">Continue reading <span class=\"screen-reader-text\">Kovinski kov\u010dek z orodjem<\/span><\/a><\/p>\n","protected":false},"featured_media":4674,"template":"","meta":[],"_links":{"self":[{"href":"https:\/\/tigea-shop.si\/cs\/wp-json\/wp\/v2\/product\/4669"}],"collection":[{"href":"https:\/\/tigea-shop.si\/cs\/wp-json\/wp\/v2\/product"}],"about":[{"href":"https:\/\/tigea-shop.si\/cs\/wp-json\/wp\/v2\/types\/product"}],"wp:featuredmedia":[{"embeddable":true,"href":"https:\/\/tigea-shop.si\/cs\/wp-json\/wp\/v2\/media\/4674"}],"wp:attachment":[{"href":"https:\/\/tigea-shop.si\/cs\/wp-json\/wp\/v2\/media?parent=4669"}],"curies":[{"name":"wp","href":"https:\/\/api.w.org\/{rel}","templated":true}]}}