{"id":2430,"date":"2022-09-01T13:36:35","date_gmt":"2022-09-01T11:36:35","guid":{"rendered":"https:\/\/tigea-shop.si\/?post_type=product&#038;p=2430"},"modified":"2022-09-03T08:32:58","modified_gmt":"2022-09-03T06:32:58","slug":"avtomatsko-dvostebrno-dvigalo-4t-redats-l-220-r-z-ojacevalnim-dnom","status":"publish","type":"product","link":"https:\/\/tigea-shop.si\/da\/izdelek\/avtomatsko-dvostebrno-dvigalo-4t-redats-l-220-r-z-ojacevalnim-dnom\/","title":{"rendered":"Avtomatsko dvostebrno dvigalo 4T REDATS L-220 R z oja\u010devalnim dnom"},"content":{"rendered":"<p>Proizvajalec-REDATS<\/p>\n<div id=\"content_tab_description\" class=\"tab-content tab-description\">\n<div class=\"tab-content-inner\">\n<div class=\"tab-content-scroll\">\n<p>Oja\u010devalni okvir\u00a0 \u00a0 \u00a0 \u00a0 \u00a0 \u00a0 \u00a0 \u00a0 \u00a0 \u00a0 \u00a0 \u00a0 \u00a0 \u00a0 \u00a0 \u00a0 \u00a0 \u00a0 DA<br \/>\nZlo\u017eljive roke\u00a0 \u00a0 \u00a0 \u00a0 \u00a0 \u00a0 \u00a0 \u00a0 \u00a0 \u00a0 \u00a0 \u00a0 \u00a0 \u00a0 \u00a0 \u00a0 \u00a0 \u00a0 \u00a0 \u00a0 \u00a0DA<br \/>\n\u010cas do popolnega spu\u0161\u010danja\u00a0 25 sekund<br \/>\n\u010cas do popolnega vzpona\u00a0 \u00a0 \u00a0 \u00a050 sekund<br \/>\nMaks. \u0161irina avtomobila\u00a0 \u00a0 \u00a0 \u00a0 \u00a0 2500 mm<br \/>\nMo\u010d\u00a0 \u00a0 \u00a0 \u00a0 \u00a0 \u00a0 \u00a0 \u00a0 \u00a0 \u00a0 \u00a0 \u00a0 \u00a0 \u00a0 \u00a0 \u00a0 \u00a0 \u00a0 \u00a0 \u00a0 \u00a0 \u00a0 \u00a0 \u00a0 \u00a0 2,2 kW<br \/>\nMere (\u0161irina x vi\u0161ina) 3365 x 2824 mm<br \/>\nTip\u00a0 \u00a0 \u00a0 \u00a0 \u00a0 \u00a0 \u00a0 \u00a0 \u00a0 \u00a0 \u00a0 \u00a0 \u00a0 \u00a0 \u00a0 \u00a0 \u00a0 \u00a0 \u00a0 \u00a0 \u00a0 \u00a0 Samodejno<br \/>\nDvi\u017ena vi\u0161ina\u00a0 \u00a0 \u00a0 \u00a0 \u00a0 \u00a0 \u00a0 \u00a0 \u00a0 \u00a0 \u00a0 \u00a0 \u00a0 \u00a09 \u2013 193 cm<br \/>\nVir energije\u00a0 \u00a0 \u00a0 \u00a0 \u00a0 \u00a0 \u00a0 \u00a0 \u00a0 \u00a0 \u00a0 \u00a0 \u00a0 \u00a0 \u00a0 \u00a0 \u00a0 \u00a0 \u00a0 400V<br \/>\nnajve\u010dja zmogljivost\u00a0 \u00a0 \u00a0 \u00a0 \u00a0 \u00a0 \u00a0 \u00a0 \u00a0 \u00a0 \u00a04 tone<\/p>\n<\/div>\n<\/div>\n<\/div>\n","protected":false},"excerpt":{"rendered":"<p>Proizvajalec-REDATS Oja\u010devalni okvir\u00a0 \u00a0 \u00a0 \u00a0 \u00a0 \u00a0 \u00a0 \u00a0 \u00a0 \u00a0 \u00a0 \u00a0 \u00a0 \u00a0 \u00a0 \u00a0 \u00a0 \u00a0 DA Zlo\u017eljive roke\u00a0 \u00a0 \u00a0 \u00a0 \u00a0 \u00a0 \u00a0 \u00a0 \u00a0 \u00a0 \u00a0 \u00a0 \u00a0 \u00a0 \u00a0 \u00a0 \u00a0 \u00a0 \u00a0 \u00a0 \u00a0DA \u010cas do popolnega spu\u0161\u010danja\u00a0 25 sekund \u010cas do popolnega vzpona\u00a0 \u00a0 \u00a0 &hellip; <br \/><a href=\"https:\/\/tigea-shop.si\/da\/izdelek\/avtomatsko-dvostebrno-dvigalo-4t-redats-l-220-r-z-ojacevalnim-dnom\/\" class=\"more-link\">Continue reading <span class=\"screen-reader-text\">Avtomatsko dvostebrno dvigalo 4T REDATS L-220 R z oja\u010devalnim dnom<\/span><\/a><\/p>\n","protected":false},"featured_media":2431,"template":"","meta":[],"_links":{"self":[{"href":"https:\/\/tigea-shop.si\/da\/wp-json\/wp\/v2\/product\/2430"}],"collection":[{"href":"https:\/\/tigea-shop.si\/da\/wp-json\/wp\/v2\/product"}],"about":[{"href":"https:\/\/tigea-shop.si\/da\/wp-json\/wp\/v2\/types\/product"}],"wp:featuredmedia":[{"embeddable":true,"href":"https:\/\/tigea-shop.si\/da\/wp-json\/wp\/v2\/media\/2431"}],"wp:attachment":[{"href":"https:\/\/tigea-shop.si\/da\/wp-json\/wp\/v2\/media?parent=2430"}],"curies":[{"name":"wp","href":"https:\/\/api.w.org\/{rel}","templated":true}]}}