{"id":2930,"date":"2023-01-18T19:02:11","date_gmt":"2023-01-18T18:02:11","guid":{"rendered":"https:\/\/tigea-shop.si\/?post_type=product&#038;p=2930"},"modified":"2023-01-18T19:02:11","modified_gmt":"2023-01-18T18:02:11","slug":"nasadni-kljuci-e-torx-e4-e24-1-4-3-8-1-2","status":"publish","type":"product","link":"https:\/\/tigea-shop.si\/da\/izdelek\/nasadni-kljuci-e-torx-e4-e24-1-4-3-8-1-2\/","title":{"rendered":"Nasadni klju\u010di E-Torx, E4 &#8211; E24, 1\/4&#8243;, 3\/8&#8243;, 1\/2&#8243;"},"content":{"rendered":"<p>Komplet pogosto uporabljenih E-Torx nasadnih klju\u010dev od E4 do E24. Set je skrbno in natan\u010dno izdelan iz visoko trdnega krom-vanadijevega jekla\u00a0<strong>(CrV)<\/strong>, kar bistveno pove\u010da vzdr\u017eljivost in \u017eivljenjsko dobo.<\/p>\n<p><strong>Vsebina:<\/strong><\/p>\n<ul>\n<li><strong>5 x 1\/4&#8243;<\/strong>\u00a0&#8211; E4, E5, E6, E7, E8<\/li>\n<li><strong>5 x 3\/8&#8243;<\/strong>\u00a0&#8211; E10, E11, E12, E14, E16<\/li>\n<li><strong>4 x 1\/2&#8243;<\/strong>\u00a0&#8211; E18, E20, E22, E24<\/li>\n<\/ul>\n","protected":false},"excerpt":{"rendered":"<p>Komplet pogosto uporabljenih E-Torx nasadnih klju\u010dev od E4 do E24. Set je skrbno in natan\u010dno izdelan iz visoko trdnega krom-vanadijevega jekla\u00a0(CrV), kar bistveno pove\u010da vzdr\u017eljivost in \u017eivljenjsko dobo. Vsebina: 5 x 1\/4&#8243;\u00a0&#8211; E4, E5, E6, E7, E8 5 x 3\/8&#8243;\u00a0&#8211; E10, E11, E12, E14, E16 4 x 1\/2&#8243;\u00a0&#8211; E18, E20, E22, E24<\/p>\n","protected":false},"featured_media":2933,"template":"","meta":[],"_links":{"self":[{"href":"https:\/\/tigea-shop.si\/da\/wp-json\/wp\/v2\/product\/2930"}],"collection":[{"href":"https:\/\/tigea-shop.si\/da\/wp-json\/wp\/v2\/product"}],"about":[{"href":"https:\/\/tigea-shop.si\/da\/wp-json\/wp\/v2\/types\/product"}],"wp:featuredmedia":[{"embeddable":true,"href":"https:\/\/tigea-shop.si\/da\/wp-json\/wp\/v2\/media\/2933"}],"wp:attachment":[{"href":"https:\/\/tigea-shop.si\/da\/wp-json\/wp\/v2\/media?parent=2930"}],"curies":[{"name":"wp","href":"https:\/\/api.w.org\/{rel}","templated":true}]}}