{"id":3398,"date":"2023-06-28T08:55:44","date_gmt":"2023-06-28T06:55:44","guid":{"rendered":"https:\/\/tigea-shop.si\/?post_type=product&#038;p=3398"},"modified":"2023-06-28T08:55:44","modified_gmt":"2023-06-28T06:55:44","slug":"orodje-za-fazo-motorja-nissan-opel-renault-1-6-2-0-2-3-dci-tdci","status":"publish","type":"product","link":"https:\/\/tigea-shop.si\/da\/izdelek\/orodje-za-fazo-motorja-nissan-opel-renault-1-6-2-0-2-3-dci-tdci\/","title":{"rendered":"Orodje za fazo motorja &#8211; Nissan, Opel, Renault &#8211; 1.6, 2.0, 2.3, DCI, TDCI"},"content":{"rendered":"<ul>\n<li>Uporablja se za zaklepanje ro\u010di\u010dne gredi ter menjavo krmilne verige.<\/li>\n<li>orodja za zaklepanje ro\u010di\u010dne gredi<\/li>\n<li>zapiralni zati\u010d napenjalca<\/li>\n<li>orodje za dr\u017eanje jermenice ro\u010di\u010dne gredi (OEM: MOT 1770 \/ EN48334)<\/li>\n<li>orodje za poravnavo odmi\u010dne gredi (OEM: MOT1769 \/ EN48332)<\/li>\n<li>poravnava nosilca zobnika odmi\u010dne gredi (OEM: MOT 1773 \/ EN48331)<\/li>\n<li>blokirni zati\u010d ro\u010di\u010dne gredi (OEM: MOT1776 \/ EN48330)<\/li>\n<li>zati\u010d za napenjalnik verige<\/li>\n<li>Vijak M6 (za uporabo z orodjem za poravnavo odmi\u010dne gredi)<\/li>\n<li>4 mm imbus klju\u010d (za uporabo z nosilcem za poravnavo)<\/li>\n<\/ul>\n<p><strong>Primerno za:<\/strong><\/p>\n<ul>\n<li><strong>Nissan:<\/strong>\u00a0Primastar X83 (06-10), Qashqai \/ Qashqai + 2 J10 (07-10), X-Trail T31 (07-14)<\/li>\n<li><strong>Renault<\/strong>: Espace \/ Grand Espace IV (06-10), Kaleos (08-11), Laguna ll (05-07), Laguna lll (07-14), Master lll (10-15), Megane ll (06-10 ), Scenic \/ Grand Scenic ll (06-09), Scenic \/ Grand Scenic lll (09-15), Trafic ll (06-12), Vel Satis (05-10)<\/li>\n<li><strong>Opel<\/strong>: Movano-B (10-15), Vivaro (06-15)<\/li>\n<\/ul>\n<p><strong>Kode motorja<\/strong><\/p>\n<ul>\n<li>Renault: M9R 700, M9R 721, M9R 724, M9R 740, M9R 742, M9R 746, M9R 760, M9R 761, M9R 780, M9R 802, M9R 805, M9R 830, M9R 832, M9R 833;<\/li>\n<li>Nissan: M9R 780, M9R 830, M9R 832, M9R 833;<\/li>\n<li>Opel: M9R 780, M9R 782, M9R 784<\/li>\n<\/ul>\n","protected":false},"excerpt":{"rendered":"<p>Uporablja se za zaklepanje ro\u010di\u010dne gredi ter menjavo krmilne verige. orodja za zaklepanje ro\u010di\u010dne gredi zapiralni zati\u010d napenjalca orodje za dr\u017eanje jermenice ro\u010di\u010dne gredi (OEM: MOT 1770 \/ EN48334) orodje za poravnavo odmi\u010dne gredi (OEM: MOT1769 \/ EN48332) poravnava nosilca zobnika odmi\u010dne gredi (OEM: MOT 1773 \/ EN48331) blokirni zati\u010d ro\u010di\u010dne gredi (OEM: MOT1776 \/ &hellip; <br \/><a href=\"https:\/\/tigea-shop.si\/da\/izdelek\/orodje-za-fazo-motorja-nissan-opel-renault-1-6-2-0-2-3-dci-tdci\/\" class=\"more-link\">Continue reading <span class=\"screen-reader-text\">Orodje za fazo motorja &#8211; Nissan, Opel, Renault &#8211; 1.6, 2.0, 2.3, DCI, TDCI<\/span><\/a><\/p>\n","protected":false},"featured_media":3399,"template":"","meta":[],"_links":{"self":[{"href":"https:\/\/tigea-shop.si\/da\/wp-json\/wp\/v2\/product\/3398"}],"collection":[{"href":"https:\/\/tigea-shop.si\/da\/wp-json\/wp\/v2\/product"}],"about":[{"href":"https:\/\/tigea-shop.si\/da\/wp-json\/wp\/v2\/types\/product"}],"wp:featuredmedia":[{"embeddable":true,"href":"https:\/\/tigea-shop.si\/da\/wp-json\/wp\/v2\/media\/3399"}],"wp:attachment":[{"href":"https:\/\/tigea-shop.si\/da\/wp-json\/wp\/v2\/media?parent=3398"}],"curies":[{"name":"wp","href":"https:\/\/api.w.org\/{rel}","templated":true}]}}