{"id":3401,"date":"2023-06-28T09:06:04","date_gmt":"2023-06-28T07:06:04","guid":{"rendered":"https:\/\/tigea-shop.si\/?post_type=product&#038;p=3401"},"modified":"2024-01-28T07:26:09","modified_gmt":"2024-01-28T06:26:09","slug":"univerzalni-vpenjalni-kljuc-za-oljni-filter-80-105-mm","status":"publish","type":"product","link":"https:\/\/tigea-shop.si\/da\/izdelek\/univerzalni-vpenjalni-kljuc-za-oljni-filter-80-105-mm\/","title":{"rendered":"UNIVERZALNI VPENJALNI KLJU\u010c ZA OLJNI FILTER, 80-105 mm"},"content":{"rendered":"<p>UNIVERZALNI VPENJALNI KLJU\u010c ZA OLJNI FILTER, 80-105 mm<\/p>\n<ul>\n<li>stopenjsko nastavljiv s samonapenjalnim ucinkom<\/li>\n<li>posebna samodejna leva in desna zapiralna mehanika omogoca odvijanje in zategovanje razlicno velikih oljnih filtrov<\/li>\n<li>levo ozobljen nastavek za bolj\u0161i oprijem pri odvijanju<\/li>\n<li>idealno primeren za monta\u017eo in demonta\u017eo filtrov in kartu\u0161 filtra<\/li>\n<li>notranji \u0161tirirobi nastavek v skladu z DIN 3120 \u2013 ISO 1174<\/li>\n<li>tudi za te\u017eko dosegljiva ohi\u0161ja filtrov<\/li>\n<li>posebni kaljenimi prijemi zobje na celjustih zagotavlja varno oprijemljivost na filtru in skrbi za odvijanje filtra<\/li>\n<li>izjemno robustna kovana konstrukcija<\/li>\n<li>posebno jeklo<\/li>\n<\/ul>\n","protected":false},"excerpt":{"rendered":"<p>UNIVERZALNI VPENJALNI KLJU\u010c ZA OLJNI FILTER, 80-105 mm stopenjsko nastavljiv s samonapenjalnim ucinkom posebna samodejna leva in desna zapiralna mehanika omogoca odvijanje in zategovanje razlicno velikih oljnih filtrov levo ozobljen nastavek za bolj\u0161i oprijem pri odvijanju idealno primeren za monta\u017eo in demonta\u017eo filtrov in kartu\u0161 filtra notranji \u0161tirirobi nastavek v skladu z DIN 3120 \u2013 &hellip; <br \/><a href=\"https:\/\/tigea-shop.si\/da\/izdelek\/univerzalni-vpenjalni-kljuc-za-oljni-filter-80-105-mm\/\" class=\"more-link\">Continue reading <span class=\"screen-reader-text\">UNIVERZALNI VPENJALNI KLJU\u010c ZA OLJNI FILTER, 80-105 mm<\/span><\/a><\/p>\n","protected":false},"featured_media":3402,"template":"","meta":[],"_links":{"self":[{"href":"https:\/\/tigea-shop.si\/da\/wp-json\/wp\/v2\/product\/3401"}],"collection":[{"href":"https:\/\/tigea-shop.si\/da\/wp-json\/wp\/v2\/product"}],"about":[{"href":"https:\/\/tigea-shop.si\/da\/wp-json\/wp\/v2\/types\/product"}],"wp:featuredmedia":[{"embeddable":true,"href":"https:\/\/tigea-shop.si\/da\/wp-json\/wp\/v2\/media\/3402"}],"wp:attachment":[{"href":"https:\/\/tigea-shop.si\/da\/wp-json\/wp\/v2\/media?parent=3401"}],"curies":[{"name":"wp","href":"https:\/\/api.w.org\/{rel}","templated":true}]}}