{"id":3552,"date":"2023-10-21T17:41:03","date_gmt":"2023-10-21T15:41:03","guid":{"rendered":"https:\/\/tigea-shop.si\/?post_type=product&#038;p=3552"},"modified":"2023-10-21T17:41:04","modified_gmt":"2023-10-21T15:41:04","slug":"samosesalna-crpalka-za-dizel-in-kurilno-olje-12v","status":"publish","type":"product","link":"https:\/\/tigea-shop.si\/da\/izdelek\/samosesalna-crpalka-za-dizel-in-kurilno-olje-12v\/","title":{"rendered":"Samosesalna \u010drpalka za dizel in kurilno olje 12V"},"content":{"rendered":"<p>\u010crpalka za dom in delavnico. Mo\u017enost priklopa na baterijo omogo\u010da uporabo tudi v cestnih razmerah. \u010crpalka je primerna za \u010drpanje dizelskega goriva in kurilnega olja. Ne uporabljajte bencinske \u010drpalke. Samosesalna 12 V DC \u010drpalka za dizelsko gorivo z direktnim pogonom in notranjo cirkulacijo za podalj\u0161anje \u017eivljenjske dobe \u010drpalke. Idealen za pretakanje dizelskega goriva, lahkih olj in kerozina. Ohi\u0161je \u010drpalke iz litega \u017eeleza, proti koroziji in lakirano. NI za uporabo z bencinom, alkoholom, biodizlom, nadomestkom dizelskega goriva ali katero koli drugo vnetljivo teko\u010dino\/gorivom.<\/p>\n<p>Napetost 12V DC Primerno za dizelsko gorivo, olje in kerozin Stikalo za vklop\/izklop Premer vstopa in izhoda: 3\/4\u2033 Notranji obto\u010dni ventil Vklju\u010duje 2x krokodil sponke, 2x priklju\u010dke s tesnili, 1x mikro mre\u017easti filter Mo\u010d: 155W Vhodna napetost: 12V \u0160tevilo vrtljajev v prostem teku: 2.800 vrt\/min Neprekinjen delovni cikel: 30 minut Maksimalna vi\u0161ina sesanja: 3 m Samosesalna do 10 m nad gladino teko\u010dine Pretok: do 40 L\/min Premer vstopa in izhoda: 3\/4\u2033<\/p>\n","protected":false},"excerpt":{"rendered":"<p>\u010crpalka za dom in delavnico. Mo\u017enost priklopa na baterijo omogo\u010da uporabo tudi v cestnih razmerah. \u010crpalka je primerna za \u010drpanje dizelskega goriva in kurilnega olja. Ne uporabljajte bencinske \u010drpalke. Samosesalna 12 V DC \u010drpalka za dizelsko gorivo z direktnim pogonom in notranjo cirkulacijo za podalj\u0161anje \u017eivljenjske dobe \u010drpalke. Idealen za pretakanje dizelskega goriva, lahkih olj &hellip; <br \/><a href=\"https:\/\/tigea-shop.si\/da\/izdelek\/samosesalna-crpalka-za-dizel-in-kurilno-olje-12v\/\" class=\"more-link\">Continue reading <span class=\"screen-reader-text\">Samosesalna \u010drpalka za dizel in kurilno olje 12V<\/span><\/a><\/p>\n","protected":false},"featured_media":3553,"template":"","meta":[],"_links":{"self":[{"href":"https:\/\/tigea-shop.si\/da\/wp-json\/wp\/v2\/product\/3552"}],"collection":[{"href":"https:\/\/tigea-shop.si\/da\/wp-json\/wp\/v2\/product"}],"about":[{"href":"https:\/\/tigea-shop.si\/da\/wp-json\/wp\/v2\/types\/product"}],"wp:featuredmedia":[{"embeddable":true,"href":"https:\/\/tigea-shop.si\/da\/wp-json\/wp\/v2\/media\/3553"}],"wp:attachment":[{"href":"https:\/\/tigea-shop.si\/da\/wp-json\/wp\/v2\/media?parent=3552"}],"curies":[{"name":"wp","href":"https:\/\/api.w.org\/{rel}","templated":true}]}}