{"id":3756,"date":"2024-01-27T19:01:23","date_gmt":"2024-01-27T18:01:23","guid":{"rendered":"https:\/\/tigea-shop.si\/?post_type=product&#038;p=3756"},"modified":"2024-01-28T07:07:39","modified_gmt":"2024-01-28T06:07:39","slug":"set-nastavljivih-klesc-4-kos-175mm-400-mm","status":"publish","type":"product","link":"https:\/\/tigea-shop.si\/da\/izdelek\/set-nastavljivih-klesc-4-kos-175mm-400-mm\/","title":{"rendered":"Set vodovodnih kle\u0161\u010d: 175 &#8211; 400 mm"},"content":{"rendered":"<p><b>Set vodovodnih kle\u0161\u010d 4 kos 175mm &#8211; 400 mm CRV<\/b>\u00a0iz trpe\u017enega orodnega jekla CrV. Zasnovan za prijemanje cevi, kotnih profilov, matic itd. Komplet vsebuje kle\u0161\u010de v \u0161tirih velikostih.<\/p>\n<p>Set vsebuje naslednje kle\u0161\u010de:<\/p>\n<ul>\n<li>vodovodne kle\u0161\u010de, dol\u017eine 175 mm, maksimalen razpon 27mm<\/li>\n<li>vodovodne kle\u0161\u010de, dol\u017eine 240 mm, maksimalen razpon 38mm<\/li>\n<li>vodovodne kle\u0161\u010de, dol\u017eine 300 mm, maksimalen razpon 44mm<\/li>\n<li>vodovodne kle\u0161\u010de, dol\u017eine 400 mm, maksimalen razpon 80mm<\/li>\n<\/ul>\n<p>&nbsp;<\/p>\n<p>Kle\u0161\u010de so dobavljene v priro\u010dni roll-up torbici, kar omogo\u010da enostavno shranjevanje in prena\u0161anje.<\/p>\n<p>Torbico lahko tudi obesite.<\/p>\n","protected":false},"excerpt":{"rendered":"<p>Set vodovodnih kle\u0161\u010d 4 kos 175mm &#8211; 400 mm CRV\u00a0iz trpe\u017enega orodnega jekla CrV. Zasnovan za prijemanje cevi, kotnih profilov, matic itd. Komplet vsebuje kle\u0161\u010de v \u0161tirih velikostih. Set vsebuje naslednje kle\u0161\u010de: vodovodne kle\u0161\u010de, dol\u017eine 175 mm, maksimalen razpon 27mm vodovodne kle\u0161\u010de, dol\u017eine 240 mm, maksimalen razpon 38mm vodovodne kle\u0161\u010de, dol\u017eine 300 mm, maksimalen razpon &hellip; <br \/><a href=\"https:\/\/tigea-shop.si\/da\/izdelek\/set-nastavljivih-klesc-4-kos-175mm-400-mm\/\" class=\"more-link\">Continue reading <span class=\"screen-reader-text\">Set vodovodnih kle\u0161\u010d: 175 &#8211; 400 mm<\/span><\/a><\/p>\n","protected":false},"featured_media":3757,"template":"","meta":[],"_links":{"self":[{"href":"https:\/\/tigea-shop.si\/da\/wp-json\/wp\/v2\/product\/3756"}],"collection":[{"href":"https:\/\/tigea-shop.si\/da\/wp-json\/wp\/v2\/product"}],"about":[{"href":"https:\/\/tigea-shop.si\/da\/wp-json\/wp\/v2\/types\/product"}],"wp:featuredmedia":[{"embeddable":true,"href":"https:\/\/tigea-shop.si\/da\/wp-json\/wp\/v2\/media\/3757"}],"wp:attachment":[{"href":"https:\/\/tigea-shop.si\/da\/wp-json\/wp\/v2\/media?parent=3756"}],"curies":[{"name":"wp","href":"https:\/\/api.w.org\/{rel}","templated":true}]}}