{"id":1526,"date":"2021-02-03T20:04:37","date_gmt":"2021-02-03T19:04:37","guid":{"rendered":"https:\/\/tigea-shop.si\/?post_type=product&#038;p=1526"},"modified":"2022-08-11T18:36:13","modified_gmt":"2022-08-11T16:36:13","slug":"snemalec-hidravlicni-abciger-5-ton","status":"publish","type":"product","link":"https:\/\/tigea-shop.si\/de\/izdelek\/snemalec-hidravlicni-abciger-5-ton\/","title":{"rendered":"Snemalec &#8211;  hidravli\u010dni Abciger 5 Ton"},"content":{"rendered":"<p>Hidravli\u010dni abciger oziroma izvleka\u010di z zmogljvistjo 5 ton se uporabljajo za monta\u017eo in demonta\u017eo le\u017eajev, jermenic, spojev ter zobnikov.<\/p>\n<p>Lastnosti:<\/p>\n<p>Zlo\u017eeno v priro\u010dnem kov\u010dku<br \/>\nZmogljivost: 5 ton<br \/>\nMo\u017enost uporabe 3 ali 2 \u010deljusti<br \/>\nGlobina vpenjanja: do 140 mm<br \/>\n\u0160irina vpenjanja: do 200 mm<\/p>\n","protected":false},"excerpt":{"rendered":"<p>Hidravli\u010dni abciger oziroma izvleka\u010di z zmogljvistjo 5 ton se uporabljajo za monta\u017eo in demonta\u017eo le\u017eajev, jermenic, spojev ter zobnikov. Lastnosti: Zlo\u017eeno v priro\u010dnem kov\u010dku Zmogljivost: 5 ton Mo\u017enost uporabe 3 ali 2 \u010deljusti Globina vpenjanja: do 140 mm \u0160irina vpenjanja: do 200 mm<\/p>\n","protected":false},"featured_media":1527,"template":"","meta":[],"_links":{"self":[{"href":"https:\/\/tigea-shop.si\/de\/wp-json\/wp\/v2\/product\/1526"}],"collection":[{"href":"https:\/\/tigea-shop.si\/de\/wp-json\/wp\/v2\/product"}],"about":[{"href":"https:\/\/tigea-shop.si\/de\/wp-json\/wp\/v2\/types\/product"}],"wp:featuredmedia":[{"embeddable":true,"href":"https:\/\/tigea-shop.si\/de\/wp-json\/wp\/v2\/media\/1527"}],"wp:attachment":[{"href":"https:\/\/tigea-shop.si\/de\/wp-json\/wp\/v2\/media?parent=1526"}],"curies":[{"name":"wp","href":"https:\/\/api.w.org\/{rel}","templated":true}]}}