{"id":1576,"date":"2021-03-14T20:49:43","date_gmt":"2021-03-14T19:49:43","guid":{"rendered":"https:\/\/tigea-shop.si\/?post_type=product&#038;p=1576"},"modified":"2022-08-11T18:35:38","modified_gmt":"2022-08-11T16:35:38","slug":"zracna-vijacna-pistola-1-2bjc","status":"publish","type":"product","link":"https:\/\/tigea-shop.si\/de\/izdelek\/zracna-vijacna-pistola-1-2bjc\/","title":{"rendered":"Zra\u010dna vija\u010dna pi\u0161tola 1\/2&#8243;BJC"},"content":{"rendered":"<p>Zra\u010dna vija\u010dna pi\u0161tola 1\/2&#8243;BJC<\/p>\n<p>Udarni privija\u010d za avtomobilska popravila in druge industrijske aplikacije<br \/>\nS kompozitnim ro\u010dajem zagotavlja izjemno zanesljivost in udobno uporabo &#8211; ro\u010daj odpravlja neprijeten ob\u010dutek &#8222;hladnega dotika&#8220;<\/p>\n<p><strong>Tehni\u010dni podatki:<\/strong><br \/>\n&#8211; nastavek 1\/2 &#8220;<br \/>\n&#8211; hitrost: 10.000 vrt \/ min<br \/>\n<strong>&#8211; max. zatezni moment: 850 Nm<\/strong><br \/>\n&#8211; dovoda zraka: 1\/4 &#8220;<br \/>\n&#8211; Tip udarnega mehanizma: &#8222;Twin hammer&#8220; dvojno udarno kladivo<br \/>\n&#8211; min. premer cevi: 10 mm<br \/>\n&#8211; obratovalni tlak: 6-8 bar<br \/>\n&#8211; raven hrupa: 80dB<br \/>\n<strong>&#8211; te\u017ea: 2,0 kg<\/strong><\/p>\n","protected":false},"excerpt":{"rendered":"<p>Zra\u010dna vija\u010dna pi\u0161tola 1\/2&#8243;BJC Udarni privija\u010d za avtomobilska popravila in druge industrijske aplikacije S kompozitnim ro\u010dajem zagotavlja izjemno zanesljivost in udobno uporabo &#8211; ro\u010daj odpravlja neprijeten ob\u010dutek &#8222;hladnega dotika&#8220; Tehni\u010dni podatki: &#8211; nastavek 1\/2 &#8220; &#8211; hitrost: 10.000 vrt \/ min &#8211; max. zatezni moment: 850 Nm &#8211; dovoda zraka: 1\/4 &#8220; &#8211; Tip udarnega &hellip; <br \/><a href=\"https:\/\/tigea-shop.si\/de\/izdelek\/zracna-vijacna-pistola-1-2bjc\/\" class=\"more-link\">Continue reading <span class=\"screen-reader-text\">Zra\u010dna vija\u010dna pi\u0161tola 1\/2&#8243;BJC<\/span><\/a><\/p>\n","protected":false},"featured_media":1577,"template":"","meta":[],"_links":{"self":[{"href":"https:\/\/tigea-shop.si\/de\/wp-json\/wp\/v2\/product\/1576"}],"collection":[{"href":"https:\/\/tigea-shop.si\/de\/wp-json\/wp\/v2\/product"}],"about":[{"href":"https:\/\/tigea-shop.si\/de\/wp-json\/wp\/v2\/types\/product"}],"wp:featuredmedia":[{"embeddable":true,"href":"https:\/\/tigea-shop.si\/de\/wp-json\/wp\/v2\/media\/1577"}],"wp:attachment":[{"href":"https:\/\/tigea-shop.si\/de\/wp-json\/wp\/v2\/media?parent=1576"}],"curies":[{"name":"wp","href":"https:\/\/api.w.org\/{rel}","templated":true}]}}