{"id":1628,"date":"2021-04-13T10:46:13","date_gmt":"2021-04-13T08:46:13","guid":{"rendered":"https:\/\/tigea-shop.si\/?post_type=product&#038;p=1628"},"modified":"2022-12-11T06:33:45","modified_gmt":"2022-12-11T05:33:45","slug":"set-za-demontazo-injektorjev","status":"publish","type":"product","link":"https:\/\/tigea-shop.si\/de\/izdelek\/set-za-demontazo-injektorjev\/","title":{"rendered":"SET ZA DEMONTA\u017dO INJEKTORJEV"},"content":{"rendered":"<p>Set specialnega inercijskega orodja je namenjen za demonta\u017eo injektorjev DELPHI, BOSCH, DENSO, SIEMENS. Vle\u010dno orodje se zaradi \u0161tevilnih adapterjev prilega ve\u010dini injektorjev.<\/p>\n<ul>\n<li>visoka kvaliteta<\/li>\n<li>specializirane vti\u010dnice iz visokokakovostnega krom-vanadijevega jekla CRV<\/li>\n<li>komplet omogo\u010da enostavno demonta\u017eo injektorjev DELPHI, BOSCH, DENSO, SIEMENS<\/li>\n<li>drsno kladivo s te\u017eo 3,6 kg<\/li>\n<li>komplet adapterjev za injektorje<\/li>\n<li>krogli\u010dni zglob, ki olaj\u0161a delo na te\u017eko dostopnih mestih<\/li>\n<\/ul>\n<p><strong>VSEBINA<\/strong><\/p>\n<p><strong>(1) Adapterji:<\/strong><\/p>\n<ul>\n<li>M14x1,5 (DELPHI)<\/li>\n<li>M17x1 (BOSCH)<\/li>\n<li>M20x1 (DENSO)<\/li>\n<li>M24x1 (SIEMENS)<\/li>\n<li>M27x1 (SIEMENS)<\/li>\n<li>M27x1 (BOSCH)<\/li>\n<li>M14x1,5<\/li>\n<\/ul>\n<p><strong>(2) Posebne vti\u010dnice CRV:<\/strong><\/p>\n<ul>\n<li>25 mm<\/li>\n<li>27 mm<\/li>\n<li>29 mm<\/li>\n<li>30 mm<\/li>\n<\/ul>\n<p><strong>(3) Drsno kladivo<\/strong><\/p>\n<p><strong>(4) Krogli\u010dni zglob<\/strong><\/p>\n","protected":false},"excerpt":{"rendered":"<p>Set specialnega inercijskega orodja je namenjen za demonta\u017eo injektorjev DELPHI, BOSCH, DENSO, SIEMENS. Vle\u010dno orodje se zaradi \u0161tevilnih adapterjev prilega ve\u010dini injektorjev. visoka kvaliteta specializirane vti\u010dnice iz visokokakovostnega krom-vanadijevega jekla CRV komplet omogo\u010da enostavno demonta\u017eo injektorjev DELPHI, BOSCH, DENSO, SIEMENS drsno kladivo s te\u017eo 3,6 kg komplet adapterjev za injektorje krogli\u010dni zglob, ki olaj\u0161a delo &hellip; <br \/><a href=\"https:\/\/tigea-shop.si\/de\/izdelek\/set-za-demontazo-injektorjev\/\" class=\"more-link\">Continue reading <span class=\"screen-reader-text\">SET ZA DEMONTA\u017dO INJEKTORJEV<\/span><\/a><\/p>\n","protected":false},"featured_media":2833,"template":"","meta":[],"_links":{"self":[{"href":"https:\/\/tigea-shop.si\/de\/wp-json\/wp\/v2\/product\/1628"}],"collection":[{"href":"https:\/\/tigea-shop.si\/de\/wp-json\/wp\/v2\/product"}],"about":[{"href":"https:\/\/tigea-shop.si\/de\/wp-json\/wp\/v2\/types\/product"}],"wp:featuredmedia":[{"embeddable":true,"href":"https:\/\/tigea-shop.si\/de\/wp-json\/wp\/v2\/media\/2833"}],"wp:attachment":[{"href":"https:\/\/tigea-shop.si\/de\/wp-json\/wp\/v2\/media?parent=1628"}],"curies":[{"name":"wp","href":"https:\/\/api.w.org\/{rel}","templated":true}]}}