{"id":2128,"date":"2022-05-04T05:24:18","date_gmt":"2022-05-04T03:24:18","guid":{"rendered":"https:\/\/tigea-shop.si\/?post_type=product&#038;p=2128"},"modified":"2026-01-06T07:16:24","modified_gmt":"2026-01-06T06:16:24","slug":"vozicek-z-orodjem-retter-r8","status":"publish","type":"product","link":"https:\/\/tigea-shop.si\/de\/izdelek\/vozicek-z-orodjem-retter-r8\/","title":{"rendered":"VOZI\u010cEK Z ORODJEM RETTER R8"},"content":{"rendered":"<div class=\"\" data-block=\"true\" data-editor=\"dbab\" data-offset-key=\"27q20-0-0\">\n<div class=\"_1mf _1mj\" data-offset-key=\"27q20-0-0\"><span data-offset-key=\"27q20-0-0\">VOZI\u010cEK Z ORODJEM RETTER R8<\/span><\/div>\n<div data-offset-key=\"27q20-0-0\">\n<ul>\n<li><span dir=\"auto\">Celotne dimenzije delavni\u0161kega vozi\u010dka vklju\u010dno s kolesci: 775 x 460 x 975 mm<\/span><\/li>\n<li><span dir=\"auto\">Celotne dimenzije delavni\u0161kega vozi\u010dka (brez koles): 775 x 460 x 860 mm<\/span><\/li>\n<li><span dir=\"auto\">6 majhnih predalov z naslednjimi dimenzijami: 525 x 400 x 70 mm<\/span><\/li>\n<li><span dir=\"auto\">1 velik predal z naslednjimi dimenzijami: 575 x 400 x 150 mm<\/span><\/li>\n<li><span dir=\"auto\">Premer valja: 115 mm<\/span><\/li>\n<li><span dir=\"auto\">Dimenzije predala za shranjevanje: 685 mm x 460 mm<\/span><\/li>\n<li><span dir=\"auto\">Te\u017ea z orodjem: 97,5 kg<\/span><\/li>\n<\/ul>\n<\/div>\n<\/div>\n<div class=\"\" data-block=\"true\" data-editor=\"dbab\" data-offset-key=\"e1vtl-0-0\"><\/div>\n<div class=\"\" data-block=\"true\" data-editor=\"dbab\" data-offset-key=\"cnd8u-0-0\">\n<div class=\"_1mf _1mj\" data-offset-key=\"cnd8u-0-0\"><strong><span dir=\"auto\">1 predal:<\/span><\/strong><br \/>\n<span dir=\"auto\">RETTER komplet vstavkov z nasadnimi klju\u010di, 80 delni.<\/span><br \/>\n<span dir=\"auto\">Komplet vstavkov za delavni\u0161ki vozi\u010dek, nasadni klju\u010di in raglje, 80 delni.<\/span><br \/>\n<span dir=\"auto\">Vlo\u017eek iz robustne, visokokakovostne trde pene.<\/span><br \/>\n<span dir=\"auto\">Dimenzije vlo\u017eka (\u0160\/G\/V): 565 x 410 x 45 mm.<\/span><br \/>\n<span dir=\"auto\">Orodje iz krom vanadijevega jekla, mat kromirano.<\/span><br \/>\n<span dir=\"auto\">Vsi vlo\u017eki z narebri\u010denjem za dober oprijem, trdoto in navor v skladu s standardi DIN.<\/span><br \/>\n<span dir=\"auto\">Vsebina 1\/2&#8243; (12,5 mm): ena zamaknjena fino zobata preklopna raglja z 90 zobmi, dol\u017eine 253 mm, z izmetalnikom in dvokomponentnim ro\u010dajem z luknjo za obe\u0161anje, en podalj\u0161ek 125 mm, en univerzalni zglob.<\/span><br \/>\n<span dir=\"auto\">17 nasadnih klju\u010dev velikosti 10, 11, 12, 13, 14, 15, 16, 17, 18, 19, 20, 21, 22, 24, 27, 30 in 32 mm.<\/span><br \/>\n<span dir=\"auto\">9 dolgih nasadnih klju\u010dev, vsak dol\u017eine 77 mm. Velikosti klju\u010dev 10, 13, 15, 16, 17, 18, 19, 22 in 24 mm.<\/span><br \/>\n<span dir=\"auto\">Vsebina 3\/8&#8243; (10 mm): ena zamaknjena fino zobata preklopna raglja z 72 zobmi, dol\u017eine 209 mm, z izmetalnikom in dvokomponentnim ro\u010dajem z luknjo za obe\u0161anje, 1 podalj\u0161ek. 150 mm, 1 univerzalni zglob<\/span><br \/>\n<span dir=\"auto\">. 10 nastavkov za klju\u010de v velikostih 10, 11, 12, 13, 14, 15, 16, 17, 18 in 19 mm.<\/span><br \/>\n<span dir=\"auto\">11 dolgih nastavkov za klju\u010de, vsak dol\u017eine 63 mm, v velikostih 8, 10, 11, 12, 13, 14, 15, 16, 17, 18 in 19 mm.<\/span><br \/>\n<span dir=\"auto\">Vsebina 1\/4&#8243; (6,3 mm): ena zamaknjena fino zobata preklopna raglja z 72 zobmi. Zobati pogon, dol\u017eine 150 mm, z izmetom in dvokomponentnim ro\u010dajem z luknjo za obe\u0161anje, 1 podalj\u0161ek 100 mm, 1 univerzalni zglob<\/span><br \/>\n<span dir=\"auto\">, 13 nastavkov v velikostih 4, 4,5, 5, 5,5, 6, 7, 8, 9, 10, 11, 12, 13 in 14 mm,<\/span><br \/>\n<span dir=\"auto\">11 dolgih nastavkov, vsak dol\u017eine 50 mm, v velikostih 4, 5, 5,5, 6, 7, 8, 9, 10, 11, 12 in 13,<\/span><\/p>\n<p><strong><span dir=\"auto\">2 predala:<\/span><\/strong><br \/>\n<span dir=\"auto\">1\/2&#8243; nastavki za udarne klju\u010de, dolgi, 8-9-10-11-12-13-14-15-16-17-18-19-20-21-22-23-24-27-30-32 mm,<\/span><br \/>\n<span dir=\"auto\">1\/2&#8243; nastavki za udarne klju\u010de, \u0161esterokotni pogon 6-7-8-10-12-14-17 mm (60 mm D)<\/span><br \/>\n<span dir=\"auto\">1\/2&#8243; nastavki za udarne klju\u010de Torx T27-T30-T40-T45-T50-T55-T60-T70 (60 mm D)<\/span><br \/>\n<span dir=\"auto\">1\/2&#8243; podalj\u0161ki za elektri\u010dni nastavek 125-250 mm<\/span><br \/>\n<span dir=\"auto\">1\/2&#8243; univerzalni zglob<\/span><\/p>\n<p><strong><span dir=\"auto\">3. predal:<\/span><\/strong><br \/>\n<span dir=\"auto\">Izvija\u010di z mehkim oprijemom z zunanjim \u0161esterokotnim<\/span><br \/>\n<span dir=\"auto\">kri\u017enim nastavkom: PH2x38 PH0x75 PH1x100 PH2x100 PH3x150 PH4x200<\/span><br \/>\n<span dir=\"auto\">z zarezo: SL6x38 SL3x75 SL4x100 SL5x100 SL6x150 SL8x200<\/span><\/p>\n<p><strong><span dir=\"auto\">4. predal:<\/span><\/strong><br \/>\n<span dir=\"auto\">Vili\u010dasti\/obro\u010dni klju\u010di 35-delni<\/span><br \/>\n<span dir=\"auto\">vili\u010dasti obro\u010dni klju\u010di z ragljo 10 &#8211; 19 mm<\/span><br \/>\n<span dir=\"auto\">17 vili\u010dastih obro\u010dnih klju\u010dev: SW 6 &#8211; 7 &#8211; 8 &#8211; 9 &#8211; 10 &#8211; 11 &#8211; 12 &#8211; 13 &#8211; 14 &#8211; 15 &#8211; 16 &#8211; 17 &#8211; 18 &#8211; 19 &#8211; 22 &#8211; 24 &#8211; 27 mm<\/span><br \/>\n<span dir=\"auto\">10 dvojnih obro\u010dnih klju\u010dev, globoko ukrivljenih: SW 6 x 7 &#8211; 8 x 9 &#8211; 10 x 11 &#8211; 12 x 13 &#8211; 14 x 15 &#8211; 16 x 17 &#8211; 18 x 19 &#8211; 20 x 22 &#8211; 21 x 23 &#8211; 24 x 27 mm<\/span><\/p>\n<p><strong><span dir=\"auto\">5. predal:<\/span><\/strong><br \/>\n<span dir=\"auto\">Komplet kotnih imbus klju\u010dev s krogli\u010dno glavo 1,5 do 10<\/span><br \/>\n<span dir=\"auto\">9 T-ro\u010daj Torx T10x75 T15x100 T20x150 T25x150 T30x150 T40x150 T45x150 T50x150<\/span><br \/>\n<span dir=\"auto\">9 T-ro\u010daj \u0161esterokotnik 2&#215;100 2,5&#215;100 3&#215;100 4&#215;150 5&#215;150 6&#215;150 7&#215;150 8&#215;150 10&#215;150<\/span><\/p>\n<p><strong><span dir=\"auto\">6. predal:<\/span><\/strong><br \/>\n<span dir=\"auto\">\u00a0Komplet kle\u0161\u010d 9-delni<\/span><br \/>\n<span dir=\"auto\">Koni\u010dne kle\u0161\u010de 8\u201d<\/span><br \/>\n<span dir=\"auto\">Kombinirane kle\u0161\u010de 8\u201d<\/span><br \/>\n<span dir=\"auto\">Stranski \u0161\u010dipalniki 6\u201d<\/span><br \/>\n<span dir=\"auto\">Kle\u0161\u010de za varovalne obro\u010dke (zunanje, ravne)<\/span><br \/>\n<span dir=\"auto\">6\u201d Kle\u0161\u010de za varovalne obro\u010dke (zunanje, ukrivljene) 6\u201d<\/span><br \/>\n<span dir=\"auto\">Kle\u0161\u010de za varovalne obro\u010dke (notranje, ravne) 6\u201d \u00a0\u00a0<\/span><br \/>\n<span dir=\"auto\">Kle\u0161\u010de za varovalne obro\u010dke (notranje, ukrivljene) 6\u201d<\/span><br \/>\n<span dir=\"auto\">Kle\u0161\u010de za vodno \u010drpalko 10<\/span><br \/>\n<span dir=\"auto\">\u201d Zaklepne kle\u0161\u010de<\/span><br \/>\n<span dir=\"auto\">1500g<\/span><br \/>\n<span dir=\"auto\">Material kladiva: Krom vanadij<\/span><\/div>\n<\/div>\n<div class=\"\" data-block=\"true\" data-editor=\"dbab\" data-offset-key=\"jftk-0-0\"><\/div>\n","protected":false},"excerpt":{"rendered":"<p>VOZI\u010cEK Z ORODJEM RETTER R8 Celotne dimenzije delavni\u0161kega vozi\u010dka vklju\u010dno s kolesci: 775 x 460 x 975 mm Celotne dimenzije delavni\u0161kega vozi\u010dka (brez koles): 775 x 460 x 860 mm 6 majhnih predalov z naslednjimi dimenzijami: 525 x 400 x 70 mm 1 velik predal z naslednjimi dimenzijami: 575 x 400 x 150 mm Premer &hellip; <br \/><a href=\"https:\/\/tigea-shop.si\/de\/izdelek\/vozicek-z-orodjem-retter-r8\/\" class=\"more-link\">Continue reading <span class=\"screen-reader-text\">VOZI\u010cEK Z ORODJEM RETTER R8<\/span><\/a><\/p>\n","protected":false},"featured_media":4606,"template":"","meta":[],"_links":{"self":[{"href":"https:\/\/tigea-shop.si\/de\/wp-json\/wp\/v2\/product\/2128"}],"collection":[{"href":"https:\/\/tigea-shop.si\/de\/wp-json\/wp\/v2\/product"}],"about":[{"href":"https:\/\/tigea-shop.si\/de\/wp-json\/wp\/v2\/types\/product"}],"wp:featuredmedia":[{"embeddable":true,"href":"https:\/\/tigea-shop.si\/de\/wp-json\/wp\/v2\/media\/4606"}],"wp:attachment":[{"href":"https:\/\/tigea-shop.si\/de\/wp-json\/wp\/v2\/media?parent=2128"}],"curies":[{"name":"wp","href":"https:\/\/api.w.org\/{rel}","templated":true}]}}