{"id":2376,"date":"2022-08-14T19:16:35","date_gmt":"2022-08-14T17:16:35","guid":{"rendered":"https:\/\/tigea-shop.si\/?post_type=product&#038;p=2376"},"modified":"2022-08-14T19:16:36","modified_gmt":"2022-08-14T17:16:36","slug":"set-kovanih-nasadnih-kljucev-1-redats","status":"publish","type":"product","link":"https:\/\/tigea-shop.si\/de\/izdelek\/set-kovanih-nasadnih-kljucev-1-redats\/","title":{"rendered":"Set kovanih nasadnih klju\u010dev 1&#8243; Redats"},"content":{"rendered":"<div class=\"\" data-block=\"true\" data-editor=\"bqd3l\" data-offset-key=\"4dhmd-0-0\">\n<div class=\"_1mf _1mj\" data-offset-key=\"4dhmd-0-0\"><span data-offset-key=\"4dhmd-0-0\">Set kovanih nasadnih klju\u010dev 1&#8243; <\/span><span data-offset-key=\"4dhmd-1-0\">Redats<\/span><\/div>\n<\/div>\n<div class=\"\" data-block=\"true\" data-editor=\"bqd3l\" data-offset-key=\"bgt2a-0-0\">\n<div class=\"_1mf _1mj\" data-offset-key=\"bgt2a-0-0\">Za ro\u010dne in udarne vijake<\/div>\n<\/div>\n<div class=\"\" data-block=\"true\" data-editor=\"bqd3l\" data-offset-key=\"c7m6-0-0\">\n<div class=\"_1mf _1mj\" data-offset-key=\"c7m6-0-0\"><span data-offset-key=\"c7m6-0-0\">Velikosti: 21, 24, 27, 30, 32,33,36,38 mm<\/span><\/div>\n<div class=\"_1mf _1mj\" data-offset-key=\"c7m6-0-0\">Vi\u0161ina nastavkov: 78 mm<\/div>\n<div data-offset-key=\"c7m6-0-0\">\u00a0Gedore so narejene iz trdne CrMo kovine.<\/div>\n<\/div>\n","protected":false},"excerpt":{"rendered":"<p>Set kovanih nasadnih klju\u010dev 1&#8243; Redats Za ro\u010dne in udarne vijake Velikosti: 21, 24, 27, 30, 32,33,36,38 mm Vi\u0161ina nastavkov: 78 mm \u00a0Gedore so narejene iz trdne CrMo kovine.<\/p>\n","protected":false},"featured_media":2377,"template":"","meta":[],"_links":{"self":[{"href":"https:\/\/tigea-shop.si\/de\/wp-json\/wp\/v2\/product\/2376"}],"collection":[{"href":"https:\/\/tigea-shop.si\/de\/wp-json\/wp\/v2\/product"}],"about":[{"href":"https:\/\/tigea-shop.si\/de\/wp-json\/wp\/v2\/types\/product"}],"wp:featuredmedia":[{"embeddable":true,"href":"https:\/\/tigea-shop.si\/de\/wp-json\/wp\/v2\/media\/2377"}],"wp:attachment":[{"href":"https:\/\/tigea-shop.si\/de\/wp-json\/wp\/v2\/media?parent=2376"}],"curies":[{"name":"wp","href":"https:\/\/api.w.org\/{rel}","templated":true}]}}