{"id":2547,"date":"2022-09-10T16:57:17","date_gmt":"2022-09-10T14:57:17","guid":{"rendered":"https:\/\/tigea-shop.si\/?post_type=product&#038;p=2547"},"modified":"2022-09-10T16:57:17","modified_gmt":"2022-09-10T14:57:17","slug":"polavtomatsko-dvostebrno-dvigalo-4t-redats-l-200r-z-ojacevalnim-dnom","status":"publish","type":"product","link":"https:\/\/tigea-shop.si\/de\/izdelek\/polavtomatsko-dvostebrno-dvigalo-4t-redats-l-200r-z-ojacevalnim-dnom\/","title":{"rendered":"Polavtomatsko dvostebrno dvigalo 4T REDATS \u2013 L-200R z oja\u010devalnim dnom"},"content":{"rendered":"<p>Proizvajalec-REDATS<\/p>\n<div id=\"content_tab_description\" class=\"tab-content tab-description\">\n<div class=\"tab-content-inner\">\n<div class=\"tab-content-scroll\">\n<p><span class=\"JLqJ4b ChMk0b\" data-language-for-alternatives=\"sl\" data-language-to-translate-into=\"en\" data-phrase-index=\"8\">Oja\u010devalni okvir<\/span> &#8211;<span class=\"JLqJ4b ChMk0b\" data-language-for-alternatives=\"sl\" data-language-to-translate-into=\"en\" data-phrase-index=\"10\">DA<\/span><\/p>\n<p><span class=\"JLqJ4b ChMk0b\" data-language-for-alternatives=\"sl\" data-language-to-translate-into=\"en\" data-phrase-index=\"12\">Zlo\u017eljive roke<\/span> &#8211;<span class=\"JLqJ4b ChMk0b\" data-language-for-alternatives=\"sl\" data-language-to-translate-into=\"en\" data-phrase-index=\"14\">DA<\/span><\/p>\n<p><span class=\"JLqJ4b ChMk0b\" data-language-for-alternatives=\"sl\" data-language-to-translate-into=\"en\" data-phrase-index=\"16\">\u010cas do popolnega spu\u0161\u010danja-<\/span>\u00a0<span class=\"JLqJ4b ChMk0b\" data-language-for-alternatives=\"sl\" data-language-to-translate-into=\"en\" data-phrase-index=\"18\">25 sekund<\/span><\/p>\n<p><span class=\"JLqJ4b ChMk0b\" data-language-for-alternatives=\"sl\" data-language-to-translate-into=\"en\" data-phrase-index=\"20\">\u010cas do popolnega vzpona-<\/span>\u00a0<span class=\"JLqJ4b ChMk0b\" data-language-for-alternatives=\"sl\" data-language-to-translate-into=\"en\" data-phrase-index=\"22\">55 sekund<\/span><\/p>\n<p><span class=\"JLqJ4b ChMk0b\" data-language-for-alternatives=\"sl\" data-language-to-translate-into=\"en\" data-phrase-index=\"24\">Maks.<\/span>\u00a0<span class=\"JLqJ4b ChMk0b\" data-language-for-alternatives=\"sl\" data-language-to-translate-into=\"en\" data-phrase-index=\"25\">\u0161irina avtomobila-<\/span>\u00a0<span class=\"JLqJ4b ChMk0b\" data-language-for-alternatives=\"sl\" data-language-to-translate-into=\"en\" data-phrase-index=\"27\">2500 mm<\/span><\/p>\n<p><span class=\"JLqJ4b ChMk0b\" data-language-for-alternatives=\"sl\" data-language-to-translate-into=\"en\" data-phrase-index=\"29\">Mo\u010d<\/span> &#8211;<span class=\"JLqJ4b ChMk0b\" data-language-for-alternatives=\"sl\" data-language-to-translate-into=\"en\" data-phrase-index=\"31\">2,2 kW<\/span><\/p>\n<p><span class=\"JLqJ4b ChMk0b\" data-language-for-alternatives=\"sl\" data-language-to-translate-into=\"en\" data-phrase-index=\"33\">Tip-<\/span>\u00a0<span class=\"JLqJ4b ChMk0b\" data-language-for-alternatives=\"sl\" data-language-to-translate-into=\"en\" data-phrase-index=\"35\">polavtomatsko<\/span><\/p>\n<p><span class=\"JLqJ4b ChMk0b\" data-language-for-alternatives=\"sl\" data-language-to-translate-into=\"en\" data-phrase-index=\"37\">Mere -(\u0161irina x vi\u0161ina)<\/span>\u00a0<span class=\"JLqJ4b ChMk0b\" data-language-for-alternatives=\"sl\" data-language-to-translate-into=\"en\" data-phrase-index=\"39\">3385 x 2830 mm<\/span><\/p>\n<p><span class=\"JLqJ4b ChMk0b\" data-language-for-alternatives=\"sl\" data-language-to-translate-into=\"en\" data-phrase-index=\"41\">Dvi\u017ena vi\u0161ina-<\/span>\u00a0<span class=\"JLqJ4b ChMk0b\" data-language-for-alternatives=\"sl\" data-language-to-translate-into=\"en\" data-phrase-index=\"43\">9 \u2013 193 cm<\/span><\/p>\n<p><span class=\"JLqJ4b ChMk0b\" data-language-for-alternatives=\"sl\" data-language-to-translate-into=\"en\" data-phrase-index=\"45\">Vir energije-<\/span>\u00a0<span class=\"JLqJ4b ChMk0b\" data-language-for-alternatives=\"sl\" data-language-to-translate-into=\"en\" data-phrase-index=\"47\">400V<\/span><\/p>\n<p><span class=\"JLqJ4b ChMk0b\" data-language-for-alternatives=\"sl\" data-language-to-translate-into=\"en\" data-phrase-index=\"49\">najve\u010dja zmogljivost-<\/span>\u00a0<span class=\"JLqJ4b ChMk0b\" data-language-for-alternatives=\"sl\" data-language-to-translate-into=\"en\" data-phrase-index=\"51\">4 tone<\/span><\/p>\n<\/div>\n<\/div>\n<\/div>\n","protected":false},"excerpt":{"rendered":"<p>Proizvajalec-REDATS Oja\u010devalni okvir &#8211;DA Zlo\u017eljive roke &#8211;DA \u010cas do popolnega spu\u0161\u010danja-\u00a025 sekund \u010cas do popolnega vzpona-\u00a055 sekund Maks.\u00a0\u0161irina avtomobila-\u00a02500 mm Mo\u010d &#8211;2,2 kW Tip-\u00a0polavtomatsko Mere -(\u0161irina x vi\u0161ina)\u00a03385 x 2830 mm Dvi\u017ena vi\u0161ina-\u00a09 \u2013 193 cm Vir energije-\u00a0400V najve\u010dja zmogljivost-\u00a04 tone<\/p>\n","protected":false},"featured_media":2548,"template":"","meta":[],"_links":{"self":[{"href":"https:\/\/tigea-shop.si\/de\/wp-json\/wp\/v2\/product\/2547"}],"collection":[{"href":"https:\/\/tigea-shop.si\/de\/wp-json\/wp\/v2\/product"}],"about":[{"href":"https:\/\/tigea-shop.si\/de\/wp-json\/wp\/v2\/types\/product"}],"wp:featuredmedia":[{"embeddable":true,"href":"https:\/\/tigea-shop.si\/de\/wp-json\/wp\/v2\/media\/2548"}],"wp:attachment":[{"href":"https:\/\/tigea-shop.si\/de\/wp-json\/wp\/v2\/media?parent=2547"}],"curies":[{"name":"wp","href":"https:\/\/api.w.org\/{rel}","templated":true}]}}