{"id":2622,"date":"2022-09-26T15:47:44","date_gmt":"2022-09-26T13:47:44","guid":{"rendered":"https:\/\/tigea-shop.si\/?post_type=product&#038;p=2622"},"modified":"2022-10-13T12:38:44","modified_gmt":"2022-10-13T10:38:44","slug":"hidravlicna-rocna-dvigalka-20t","status":"publish","type":"product","link":"https:\/\/tigea-shop.si\/de\/izdelek\/hidravlicna-rocna-dvigalka-20t\/","title":{"rendered":"Hidravli\u010dna ro\u010dna dvigalka 20t"},"content":{"rendered":"<p>Hidravli\u010dna dvigala so idealna za dvigovanje avtomobilov, tovornjakov, strojev za popravila, menjavo pnevmatik ali splo\u0161no vzdr\u017eevanje avtomobila.<\/p>\n<p>Zmogljiva naprava je primerna ne samo za dviganje, ampak tudi za stiskanje.<\/p>\n<div class=\"dictionary__param row mb-2\">\n<div class=\"dictionary__name col-6 d-flex align-items-center justify-content-end\"><span class=\"dictionary__name_txt\"><span>maks. vi\u0161ina-<\/span><\/span>40 mm<\/div>\n<\/div>\n<div class=\"dictionary__param row mb-2\">\n<div class=\"dictionary__name col-6 d-flex align-items-center justify-content-end\"><span class=\"dictionary__name_txt\"><span>Osnovna vi\u0161ina-<\/span><\/span>235 mm<\/div>\n<\/div>\n<div class=\"dictionary__param row mb-2\">\n<div class=\"dictionary__name col-6 d-flex align-items-center justify-content-end\"><span class=\"dictionary__name_txt\"><span>Ute\u017e-<\/span><\/span>9,8 kg<\/div>\n<\/div>\n<div class=\"dictionary__param row mb-2\">\n<div class=\"dictionary__name col-6 d-flex align-items-center justify-content-end\"><span class=\"dictionary__name_txt\"><span>Dimenzije podstavka (dol\u017eina x \u0161irina)-<\/span><\/span>165 x 150 mm<\/div>\n<\/div>\n<div class=\"dictionary__param row mb-2\">\n<div class=\"dictionary__name col-6 d-flex align-items-center justify-content-end\"><span class=\"dictionary__name_txt\"><span>maksimalna zmogljivost-<\/span><\/span>20 ton<\/div>\n<\/div>\n","protected":false},"excerpt":{"rendered":"<p>Hidravli\u010dna dvigala so idealna za dvigovanje avtomobilov, tovornjakov, strojev za popravila, menjavo pnevmatik ali splo\u0161no vzdr\u017eevanje avtomobila. Zmogljiva naprava je primerna ne samo za dviganje, ampak tudi za stiskanje. maks. vi\u0161ina-40 mm Osnovna vi\u0161ina-235 mm Ute\u017e-9,8 kg Dimenzije podstavka (dol\u017eina x \u0161irina)-165 x 150 mm maksimalna zmogljivost-20 ton<\/p>\n","protected":false},"featured_media":2623,"template":"","meta":[],"_links":{"self":[{"href":"https:\/\/tigea-shop.si\/de\/wp-json\/wp\/v2\/product\/2622"}],"collection":[{"href":"https:\/\/tigea-shop.si\/de\/wp-json\/wp\/v2\/product"}],"about":[{"href":"https:\/\/tigea-shop.si\/de\/wp-json\/wp\/v2\/types\/product"}],"wp:featuredmedia":[{"embeddable":true,"href":"https:\/\/tigea-shop.si\/de\/wp-json\/wp\/v2\/media\/2623"}],"wp:attachment":[{"href":"https:\/\/tigea-shop.si\/de\/wp-json\/wp\/v2\/media?parent=2622"}],"curies":[{"name":"wp","href":"https:\/\/api.w.org\/{rel}","templated":true}]}}