{"id":2697,"date":"2022-11-05T13:54:35","date_gmt":"2022-11-05T12:54:35","guid":{"rendered":"https:\/\/tigea-shop.si\/?post_type=product&#038;p=2697"},"modified":"2022-11-05T13:54:36","modified_gmt":"2022-11-05T12:54:36","slug":"pnevmatski-udarni-vijacnik-5000nm-1-redats","status":"publish","type":"product","link":"https:\/\/tigea-shop.si\/de\/izdelek\/pnevmatski-udarni-vijacnik-5000nm-1-redats\/","title":{"rendered":"Pnevmatski udarni vija\u010dnik 5000Nm 1&#8243;&#8220; REDATS"},"content":{"rendered":"<p>Opis:<\/p>\n<p>Izredno mo\u010dna zra\u010dna udarna pi\u0161tola z navorom do\u00a0<strong>5000Nm<\/strong>. Namenjena je\u00a0\u00a0industrijskim delom, zelo zahtevnim storitvam, aplikacijam v delavnicah in povsod, kjer je potrebna velika mo\u010d. Idealno orodje pri demonta\u017ei tovornih pnevmatik. Orodje je opremljeno s\u00a0&#8222;Pinless&#8220; sklopko in omogo\u010da vrtenje v levo in desno smer.<\/p>\n<div class=\"dictionary__param row mb-2\">\n<div class=\"dictionary__name col-6 d-flex align-items-center justify-content-end\"><span class=\"dictionary__name_txt\"><span>Najve\u010dji navor-<\/span><\/span>5000 Nm<\/div>\n<\/div>\n<div class=\"dictionary__param row mb-2\">\n<div class=\"dictionary__name col-6 d-flex align-items-center justify-content-end\"><span class=\"dictionary__name_txt\"><span>Dodatni elementi- \u0161<\/span><\/span>estrobi klju\u010d,RQS 13 mm nastavek za cev z zunanjim navojem 1\/2&#8243;.<\/div>\n<\/div>\n<div class=\"dictionary__param row mb-2\">\n<div class=\"dictionary__name col-6 d-flex align-items-center justify-content-end\"><span class=\"dictionary__name_txt\"><span>Delovni tlak-<\/span><\/span>8 &#8211; 10 barov<\/div>\n<\/div>\n<div class=\"dictionary__param row mb-2\">\n<div class=\"dictionary__name col-6 d-flex align-items-center justify-content-end\"><span class=\"dictionary__name_txt\"><span>Vrtilni moment-<\/span><\/span>3900 obratov na minuto<\/div>\n<\/div>\n<div class=\"dictionary__param row mb-2\">\n<div class=\"dictionary__name col-6 d-flex align-items-center justify-content-end\"><span class=\"dictionary__name_txt\"><span>Poraba zraka v klju\u010du-<\/span><\/span>povpre\u010dno 410 l\/min<\/div>\n<\/div>\n<div class=\"dictionary__param row mb-2\">\n<div class=\"dictionary__name col-6 d-flex align-items-center justify-content-end\"><span class=\"dictionary__name_txt\"><span>Vhodni premer-<\/span><\/span>1\/2&#8243;<\/div>\n<\/div>\n<div class=\"dictionary__param row mb-2\">\n<div class=\"dictionary__name col-6 d-flex align-items-center justify-content-end\"><span class=\"dictionary__name_txt\"><span>Skladno z 2006\/42\/EC-<\/span><\/span>ja<\/div>\n<\/div>\n<div class=\"dictionary__param row mb-2\">\n<div class=\"dictionary__name col-6 d-flex align-items-center justify-content-end\"><span class=\"dictionary__name_txt\"><span>Ute\u017e-<\/span><\/span>15 kg<\/div>\n<\/div>\n","protected":false},"excerpt":{"rendered":"<p>Opis: Izredno mo\u010dna zra\u010dna udarna pi\u0161tola z navorom do\u00a05000Nm. Namenjena je\u00a0\u00a0industrijskim delom, zelo zahtevnim storitvam, aplikacijam v delavnicah in povsod, kjer je potrebna velika mo\u010d. Idealno orodje pri demonta\u017ei tovornih pnevmatik. Orodje je opremljeno s\u00a0&#8222;Pinless&#8220; sklopko in omogo\u010da vrtenje v levo in desno smer. Najve\u010dji navor-5000 Nm Dodatni elementi- \u0161estrobi klju\u010d,RQS 13 mm nastavek za &hellip; <br \/><a href=\"https:\/\/tigea-shop.si\/de\/izdelek\/pnevmatski-udarni-vijacnik-5000nm-1-redats\/\" class=\"more-link\">Continue reading <span class=\"screen-reader-text\">Pnevmatski udarni vija\u010dnik 5000Nm 1&#8243;&#8220; REDATS<\/span><\/a><\/p>\n","protected":false},"featured_media":2698,"template":"","meta":[],"_links":{"self":[{"href":"https:\/\/tigea-shop.si\/de\/wp-json\/wp\/v2\/product\/2697"}],"collection":[{"href":"https:\/\/tigea-shop.si\/de\/wp-json\/wp\/v2\/product"}],"about":[{"href":"https:\/\/tigea-shop.si\/de\/wp-json\/wp\/v2\/types\/product"}],"wp:featuredmedia":[{"embeddable":true,"href":"https:\/\/tigea-shop.si\/de\/wp-json\/wp\/v2\/media\/2698"}],"wp:attachment":[{"href":"https:\/\/tigea-shop.si\/de\/wp-json\/wp\/v2\/media?parent=2697"}],"curies":[{"name":"wp","href":"https:\/\/api.w.org\/{rel}","templated":true}]}}