{"id":2946,"date":"2023-01-18T19:24:42","date_gmt":"2023-01-18T18:24:42","guid":{"rendered":"https:\/\/tigea-shop.si\/?post_type=product&#038;p=2946"},"modified":"2023-01-18T19:26:55","modified_gmt":"2023-01-18T18:26:55","slug":"nosilec-motorja-0-5t","status":"publish","type":"product","link":"https:\/\/tigea-shop.si\/de\/izdelek\/nosilec-motorja-0-5t\/","title":{"rendered":"Nosilec motorja 0.5t"},"content":{"rendered":"<p>Naprava je namenjena odstranjevanju motorja iz osebnih in tovornih vozil. Kot nala\u0161\u010d za doma\u010do gara\u017eo in profesionalno delavnico.<\/p>\n<ul>\n<li>Nosilnost 0.5t<\/li>\n<li>Dol\u017eina nosilca 1500mm<\/li>\n<li>Te\u017ea nosilca 22.5kg<\/li>\n<\/ul>\n","protected":false},"excerpt":{"rendered":"<p>Naprava je namenjena odstranjevanju motorja iz osebnih in tovornih vozil. Kot nala\u0161\u010d za doma\u010do gara\u017eo in profesionalno delavnico. Nosilnost 0.5t Dol\u017eina nosilca 1500mm Te\u017ea nosilca 22.5kg<\/p>\n","protected":false},"featured_media":2947,"template":"","meta":[],"_links":{"self":[{"href":"https:\/\/tigea-shop.si\/de\/wp-json\/wp\/v2\/product\/2946"}],"collection":[{"href":"https:\/\/tigea-shop.si\/de\/wp-json\/wp\/v2\/product"}],"about":[{"href":"https:\/\/tigea-shop.si\/de\/wp-json\/wp\/v2\/types\/product"}],"wp:featuredmedia":[{"embeddable":true,"href":"https:\/\/tigea-shop.si\/de\/wp-json\/wp\/v2\/media\/2947"}],"wp:attachment":[{"href":"https:\/\/tigea-shop.si\/de\/wp-json\/wp\/v2\/media?parent=2946"}],"curies":[{"name":"wp","href":"https:\/\/api.w.org\/{rel}","templated":true}]}}