{"id":3386,"date":"2023-06-28T08:38:05","date_gmt":"2023-06-28T06:38:05","guid":{"rendered":"https:\/\/tigea-shop.si\/?post_type=product&#038;p=3386"},"modified":"2023-06-28T08:38:06","modified_gmt":"2023-06-28T06:38:06","slug":"hidravlicno-dvigalo-za-motorna-kolesa-in-atv-680-kg","status":"publish","type":"product","link":"https:\/\/tigea-shop.si\/de\/izdelek\/hidravlicno-dvigalo-za-motorna-kolesa-in-atv-680-kg\/","title":{"rendered":"Hidravli\u010dno dvigalo za motorna kolesa in ATV 680 kg"},"content":{"rendered":"<p>&#8211; primeren za motorna kolesa z nedrse\u010dim okvirjem in ATV<\/p>\n<p>&#8211; gumirani dvi\u017eni okvir Tehni\u010dni podatki:<\/p>\n<p>&#8211; nazivna nosilnost: 680 kg<\/p>\n<p>&#8211; hod: 275 mm &#8211;<\/p>\n<p>\u0161irina okvirja: 335 mm<\/p>\n<p>-\u0161irina: 360 mm<\/p>\n<p>&#8211; maks. vi\u0161ina dviga: 375 mm<\/p>\n<p>&#8211; bruto te\u017ea: 30 kg<\/p>\n<p>&#8211; dol\u017eina okvirja: 325 mm<\/p>\n<p>&#8211; dol\u017eina: 865 mm<\/p>\n<p>&#8211; skupna vi\u0161ina: 325 mm<\/p>\n<p>&#8211; min. vi\u0161ina dviganja: 130 mm<\/p>\n","protected":false},"excerpt":{"rendered":"<p>&#8211; primeren za motorna kolesa z nedrse\u010dim okvirjem in ATV &#8211; gumirani dvi\u017eni okvir Tehni\u010dni podatki: &#8211; nazivna nosilnost: 680 kg &#8211; hod: 275 mm &#8211; \u0161irina okvirja: 335 mm -\u0161irina: 360 mm &#8211; maks. vi\u0161ina dviga: 375 mm &#8211; bruto te\u017ea: 30 kg &#8211; dol\u017eina okvirja: 325 mm &#8211; dol\u017eina: 865 mm &#8211; skupna &hellip; <br \/><a href=\"https:\/\/tigea-shop.si\/de\/izdelek\/hidravlicno-dvigalo-za-motorna-kolesa-in-atv-680-kg\/\" class=\"more-link\">Continue reading <span class=\"screen-reader-text\">Hidravli\u010dno dvigalo za motorna kolesa in ATV 680 kg<\/span><\/a><\/p>\n","protected":false},"featured_media":3387,"template":"","meta":[],"_links":{"self":[{"href":"https:\/\/tigea-shop.si\/de\/wp-json\/wp\/v2\/product\/3386"}],"collection":[{"href":"https:\/\/tigea-shop.si\/de\/wp-json\/wp\/v2\/product"}],"about":[{"href":"https:\/\/tigea-shop.si\/de\/wp-json\/wp\/v2\/types\/product"}],"wp:featuredmedia":[{"embeddable":true,"href":"https:\/\/tigea-shop.si\/de\/wp-json\/wp\/v2\/media\/3387"}],"wp:attachment":[{"href":"https:\/\/tigea-shop.si\/de\/wp-json\/wp\/v2\/media?parent=3386"}],"curies":[{"name":"wp","href":"https:\/\/api.w.org\/{rel}","templated":true}]}}