{"id":3820,"date":"2024-02-24T09:53:25","date_gmt":"2024-02-24T08:53:25","guid":{"rendered":"https:\/\/tigea-shop.si\/?post_type=product&#038;p=3820"},"modified":"2024-02-24T09:53:25","modified_gmt":"2024-02-24T08:53:25","slug":"pnevmatska-udarna-racna-1-2-80-nm","status":"publish","type":"product","link":"https:\/\/tigea-shop.si\/de\/izdelek\/pnevmatska-udarna-racna-1-2-80-nm\/","title":{"rendered":"Pnevmatska udarna ra\u010dna 1\/2&#8243; 80 Nm"},"content":{"rendered":"<p><span>Profesionalni zra\u010dni klju\u010d z najve\u010djim navorom\u00a0<\/span><strong><span>80 Nm<\/span><\/strong><span>\u00a0.\u00a0Idealen za odvijanje vseh vrst spojev na te\u017eko dostopnih mestih.\u00a0Opremljen je z levo-desno regulacijo.<\/span><\/p>\n<h3><span>Lastnosti izdelka<\/span><\/h3>\n<ul>\n<li><span>Zagotavlja 80 Nm navora<\/span><\/li>\n<li><span>Lahko, na udarce odporno kompozitno ohi\u0161je<\/span><\/li>\n<li><span>Twist-to-reverse mehanizem<\/span><\/li>\n<li><span>Regulacija hitrosti z gumbom<\/span><\/li>\n<\/ul>\n<h4><span>Tehni\u010dni podatki<\/span><\/h4>\n<ul>\n<li><span>Velikost pogona: 1\/2&#8243;<\/span><\/li>\n<li><span>Velikost dovoda zraka: 1\/4&#8243;<\/span><\/li>\n<li><span>Najve\u010dji navor: 80 Nm<\/span><\/li>\n<\/ul>\n","protected":false},"excerpt":{"rendered":"<p>Profesionalni zra\u010dni klju\u010d z najve\u010djim navorom\u00a080 Nm\u00a0.\u00a0Idealen za odvijanje vseh vrst spojev na te\u017eko dostopnih mestih.\u00a0Opremljen je z levo-desno regulacijo. Lastnosti izdelka Zagotavlja 80 Nm navora Lahko, na udarce odporno kompozitno ohi\u0161je Twist-to-reverse mehanizem Regulacija hitrosti z gumbom Tehni\u010dni podatki Velikost pogona: 1\/2&#8243; Velikost dovoda zraka: 1\/4&#8243; Najve\u010dji navor: 80 Nm<\/p>\n","protected":false},"featured_media":3821,"template":"","meta":[],"_links":{"self":[{"href":"https:\/\/tigea-shop.si\/de\/wp-json\/wp\/v2\/product\/3820"}],"collection":[{"href":"https:\/\/tigea-shop.si\/de\/wp-json\/wp\/v2\/product"}],"about":[{"href":"https:\/\/tigea-shop.si\/de\/wp-json\/wp\/v2\/types\/product"}],"wp:featuredmedia":[{"embeddable":true,"href":"https:\/\/tigea-shop.si\/de\/wp-json\/wp\/v2\/media\/3821"}],"wp:attachment":[{"href":"https:\/\/tigea-shop.si\/de\/wp-json\/wp\/v2\/media?parent=3820"}],"curies":[{"name":"wp","href":"https:\/\/api.w.org\/{rel}","templated":true}]}}