{"id":1109,"date":"2020-11-07T18:44:00","date_gmt":"2020-11-07T17:44:00","guid":{"rendered":"http:\/\/tigea-shop.si\/?post_type=product&#038;p=1109"},"modified":"2024-05-03T06:15:42","modified_gmt":"2024-05-03T04:15:42","slug":"kosilnica-na-nitko-demon-rq-580","status":"publish","type":"product","link":"https:\/\/tigea-shop.si\/en\/izdelek\/kosilnica-na-nitko-demon-rq-580\/","title":{"rendered":"Kosilnica na nitko Demon RQ 580"},"content":{"rendered":"<div class=\"kvgmc6g5 cxmmr5t8 oygrvhab hcukyx3x c1et5uql ii04i59q\">\n<div dir=\"auto\">Kosilnica na nitko DEMON<\/div>\n<div dir=\"auto\">VSE SA SLIKE<\/div>\n<\/div>\n<div class=\"o9v6fnle cxmmr5t8 oygrvhab hcukyx3x c1et5uql ii04i59q\">\n<div dir=\"auto\"><\/div>\n<\/div>\n<div class=\"o9v6fnle cxmmr5t8 oygrvhab hcukyx3x c1et5uql ii04i59q\">\n<div dir=\"auto\">Kosilnica na nitko DEMON je profesionalna naprava, ki se uporablja za rezanje gostih in manj\u0161ih trav, grmovnic, grmi\u010devja in prevlek travnikov, sadovnjakov in mnogih drugih.<\/div>\n<\/div>\n<div class=\"o9v6fnle cxmmr5t8 oygrvhab hcukyx3x c1et5uql ii04i59q\">\n<div dir=\"auto\">Original pribor:<\/div>\n<div dir=\"auto\">&#8211; Avtomatska glava za laks 2,4 mm X 2kom<\/div>\n<div dir=\"auto\">&#8211; Glava za veliko travo 2,4 mm X 1kom<\/div>\n<div dir=\"auto\">&#8211; Laks za veliko travo X 1kom<\/div>\n<div dir=\"auto\">&#8211; No\u017e za trnje 3 T X 1kom<\/div>\n<div dir=\"auto\">&#8211; Ro\u010dka za gorivo in olje 2T X 1kom<\/div>\n<div dir=\"auto\">&#8211; Za\u0161\u010dita za o\u010di oz. glavo X 1kom<\/div>\n<div dir=\"auto\">&#8211; Varovalni pas X 1kom<\/div>\n<div dir=\"auto\">&#8211; Klju\u010d za sve\u010dko X 1kom<\/div>\n<div dir=\"auto\">&#8211; Izvija\u010d X 1kom<\/div>\n<div dir=\"auto\"><\/div>\n<\/div>\n<div class=\"o9v6fnle cxmmr5t8 oygrvhab hcukyx3x c1et5uql ii04i59q\">\n<div dir=\"auto\">SPECIFIKACIJE<\/div>\n<div dir=\"auto\">Dvotaktni bencinski motor<\/div>\n<div dir=\"auto\">&#8211; Mo\u010d kosilnice 3,8 KW<\/div>\n<div dir=\"auto\">&#8211; Mo\u010d kosilnice 5,2 KM<\/div>\n<div dir=\"auto\">&#8211; Vrtljaji 9.000\/min<\/div>\n<div dir=\"auto\">-Zra\u010dno hlajen<\/div>\n<div dir=\"auto\">-Rezervuar 1,2 L<\/div>\n<div dir=\"auto\">-Te\u017ea: 11 kg<\/div>\n<div dir=\"auto\">-4% me\u0161anca<\/div>\n<div dir=\"auto\">GARANCIJA 1 LETO<\/div>\n<\/div>\n","protected":false},"excerpt":{"rendered":"<p>Kosilnica na nitko DEMON VSE SA SLIKE Kosilnica na nitko DEMON je profesionalna naprava, ki se uporablja za rezanje gostih in manj\u0161ih trav, grmovnic, grmi\u010devja in prevlek travnikov, sadovnjakov in mnogih drugih. Original pribor: &#8211; Avtomatska glava za laks 2,4 mm X 2kom &#8211; Glava za veliko travo 2,4 mm X 1kom &#8211; Laks za &hellip; <br \/><a href=\"https:\/\/tigea-shop.si\/en\/izdelek\/kosilnica-na-nitko-demon-rq-580\/\" class=\"more-link\">Continue reading <span class=\"screen-reader-text\">Kosilnica na nitko Demon RQ 580<\/span><\/a><\/p>\n","protected":false},"featured_media":1110,"template":"","meta":[],"_links":{"self":[{"href":"https:\/\/tigea-shop.si\/en\/wp-json\/wp\/v2\/product\/1109"}],"collection":[{"href":"https:\/\/tigea-shop.si\/en\/wp-json\/wp\/v2\/product"}],"about":[{"href":"https:\/\/tigea-shop.si\/en\/wp-json\/wp\/v2\/types\/product"}],"wp:featuredmedia":[{"embeddable":true,"href":"https:\/\/tigea-shop.si\/en\/wp-json\/wp\/v2\/media\/1110"}],"wp:attachment":[{"href":"https:\/\/tigea-shop.si\/en\/wp-json\/wp\/v2\/media?parent=1109"}],"curies":[{"name":"wp","href":"https:\/\/api.w.org\/{rel}","templated":true}]}}