{"id":1637,"date":"2021-04-13T11:27:30","date_gmt":"2021-04-13T09:27:30","guid":{"rendered":"https:\/\/tigea-shop.si\/?post_type=product&#038;p=1637"},"modified":"2021-04-13T11:29:18","modified_gmt":"2021-04-13T09:29:18","slug":"set-orodja-za-vracanje-zavor","status":"publish","type":"product","link":"https:\/\/tigea-shop.si\/en\/izdelek\/set-orodja-za-vracanje-zavor\/","title":{"rendered":"SET ORODJA ZA VRA\u010cANJE ZAVOR"},"content":{"rendered":"<p>Komplet 35-delni\u00a0 za vra\u010danje \/ stiskanje zavornih batov. Nepogre\u0161ljiv za popravilo koultnih zavor v profesionalnih avtomehani\u0161kih delavnicah. \u0160tevilni adapterji omogo\u010dijo delo na ve\u010dini avtomobilov na trgu.<\/p>\n<p><strong>Vsebina<\/strong><\/p>\n<ul>\n<li>Klju\u010d zavorne \u010deljusti 7mm 6-kotni Audi, BMW, Ford, Peugeot, Opel, VW<\/li>\n<li>Klju\u010d zavorne \u010deljusti 8mm 6-kotni Audi, BMW, Ford, Peugeot, Opel, VW<\/li>\n<li>Odstranjevalec vijaka zavorne \u010deljusti, 2 kosa<\/li>\n<li>1-1: Desni potisni vijak<\/li>\n<li>1-2: Levi potisni vijak<\/li>\n<li>2- Citroen: BX (83), BX 16V (88-), Honda<\/li>\n<li>3- Audi: A3, A4, A6, A8, BMW, Citroen: XM, XM Turbo CT 20, Xantia, C5, Ford: Mercury, Monarch, Thunderbird, Honda, Jaguar, Mitsubishi, Nissan, Peugeot: 406, 806, Rover, Toyota, VW, Volvo<\/li>\n<li>4- Alfa Romeo: 146, Fiat: Uno, Brachetta, Ford: Escort, Mondeo, Honda: Civis, Accord, Rover: 220, Saab: 99L, 9006- Jaguar: S-Type<\/li>\n<li>7- Jaguar: S Series, Opel: Astra G, Corsa C, Zafira<\/li>\n<li>8- GM Motor<\/li>\n<li>9- GM Motor<\/li>\n<li>0- GM Motor<\/li>\n<li>O- Citroen: ZX, XM, Xantia, BX, C3, C5<\/li>\n<li>11- Jaguar: S-Type<\/li>\n<li>12- BMW Mini<\/li>\n<li>A- Nissan: Primera, Bluebird, Opel: Astra C, G, Zafira<\/li>\n<li>B- Ford: Mercury, thunderbird, Lincoln: Continental, Subaru: 1600, 1800, Lim., Kombi, Tourismo 4WD, 1800 GT, GTSXT<\/li>\n<li>C- Nissan: Primera, Opel: Vectra, Toyota: Avensis<\/li>\n<li>D- Citroen: BX<\/li>\n<li>E- Nissan: Maximas<\/li>\n<li>F- Peugeot: 206<\/li>\n<li>J- Alfa Romeo: 155, 164, Audi: 80, 9, A3, A4, A6, Citroen: ZX, Fiat: Tipo, Uno, Ford: Sierra, Granada, Thunderdird, Honda CRX, Accord, Prelude, Legend, Jaguar: XJ, Lancia: Dedra, Delta, Thema, Kappa, Nissan: 280 ZX, 300 ZX, Bluebird, Silvia, 100 NX, Primera, 200 SX, Maxima, Peugeot: 306, 309, 405, Renault: Master, Rover: 216, 820, 825 Saab: 9000, Seat: Toledo, Ibiza, Subaru, VW: Passat, Golf, Vento, Transporter, Volvo: S40, V40<\/li>\n<li>K- Citroen: C5<\/li>\n<li>K1- Citroen: C5<\/li>\n<li>K2- Audi: A8, S8<\/li>\n<li>M- Nissan: Primera<\/li>\n<li>N- Alfa Romeo: 164, Audi: 200, Coupe GT, 80, 200, Quqttro, 90, Ford: Mondeo, Lancia, VW: Golf Scirocco<\/li>\n<li>P- Citroen: C3<\/li>\n<li>R- Ford: Telstar, Laser, Mazda: 323, RX7, 626, 929, Mitsubishi: Galant, Toyota: Celica, Corolla<\/li>\n<li>Z- BMW, Mini<\/li>\n<li>H6- BMW: 740, Mini, Opel: Astra G, Zafira<\/li>\n<li>H7- BMW: 740, Mini, Opel: Astra G, Zafira<\/li>\n<li>P3.0- Opel: Astra C, Zafira, Corsa C, Vectra<\/li>\n<li>P5.5- Opel: Astra C, Zafira, Corsa C, Vectra<\/li>\n<\/ul>\n","protected":false},"excerpt":{"rendered":"<p>Komplet 35-delni\u00a0 za vra\u010danje \/ stiskanje zavornih batov. Nepogre\u0161ljiv za popravilo koultnih zavor v profesionalnih avtomehani\u0161kih delavnicah. \u0160tevilni adapterji omogo\u010dijo delo na ve\u010dini avtomobilov na trgu. Vsebina Klju\u010d zavorne \u010deljusti 7mm 6-kotni Audi, BMW, Ford, Peugeot, Opel, VW Klju\u010d zavorne \u010deljusti 8mm 6-kotni Audi, BMW, Ford, Peugeot, Opel, VW Odstranjevalec vijaka zavorne \u010deljusti, 2 kosa &hellip; <br \/><a href=\"https:\/\/tigea-shop.si\/en\/izdelek\/set-orodja-za-vracanje-zavor\/\" class=\"more-link\">Continue reading <span class=\"screen-reader-text\">SET ORODJA ZA VRA\u010cANJE ZAVOR<\/span><\/a><\/p>\n","protected":false},"featured_media":1638,"template":"","meta":[],"_links":{"self":[{"href":"https:\/\/tigea-shop.si\/en\/wp-json\/wp\/v2\/product\/1637"}],"collection":[{"href":"https:\/\/tigea-shop.si\/en\/wp-json\/wp\/v2\/product"}],"about":[{"href":"https:\/\/tigea-shop.si\/en\/wp-json\/wp\/v2\/types\/product"}],"wp:featuredmedia":[{"embeddable":true,"href":"https:\/\/tigea-shop.si\/en\/wp-json\/wp\/v2\/media\/1638"}],"wp:attachment":[{"href":"https:\/\/tigea-shop.si\/en\/wp-json\/wp\/v2\/media?parent=1637"}],"curies":[{"name":"wp","href":"https:\/\/api.w.org\/{rel}","templated":true}]}}