{"id":2139,"date":"2022-05-04T20:35:03","date_gmt":"2022-05-04T18:35:03","guid":{"rendered":"https:\/\/tigea-shop.si\/?post_type=product&#038;p=2139"},"modified":"2022-08-11T18:29:40","modified_gmt":"2022-08-11T16:29:40","slug":"klesce-za-kovicenje-m3-m12-410mm-set-navojnih-kovic-jeklo-in-aluminij-300-delni","status":"publish","type":"product","link":"https:\/\/tigea-shop.si\/en\/izdelek\/klesce-za-kovicenje-m3-m12-410mm-set-navojnih-kovic-jeklo-in-aluminij-300-delni\/","title":{"rendered":"Kle\u0161\u010de za kovi\u010denje M3 &#8211; M12 \/410mm\/ +SET NAVOJNIH KOVIC, JEKLO IN ALUMINIJ, 300-DELNI"},"content":{"rendered":"<div class=\"\" data-block=\"true\" data-editor=\"1mhml\" data-offset-key=\"dp2o3-0-0\">\n<div class=\"_1mf _1mj\" data-offset-key=\"dp2o3-0-0\"><span data-offset-key=\"dp2o3-0-0\">Kle\u0161\u010de za kovi\u010denje M3 &#8211; M12 \/410mm\/ +SET NAVOJNIH KOVIC, JEKLO IN ALUMINIJ, 300-<\/span><span data-offset-key=\"dp2o3-1-0\">DELNI<\/span><\/div>\n<\/div>\n<div class=\"\" data-block=\"true\" data-editor=\"1mhml\" data-offset-key=\"l60k-0-0\">\n<div class=\"_1mf _1mj\" data-offset-key=\"l60k-0-0\"><\/div>\n<\/div>\n<div class=\"\" data-block=\"true\" data-editor=\"1mhml\" data-offset-key=\"2t90r-0-0\">\n<div class=\"_1mf _1mj\" data-offset-key=\"2t90r-0-0\">Kle\u0161\u010de za kovi\u010denje M3-M12<\/div>\n<\/div>\n<div class=\"\" data-block=\"true\" data-editor=\"1mhml\" data-offset-key=\"49ht4-0-0\">\n<div class=\"_1mf _1mj\" data-offset-key=\"49ht4-0-0\"><span data-offset-key=\"49ht4-0-0\">&#8211; za kovinske matice M3 &#8211; M4 &#8211; M5 &#8211; M6 &#8211; M8-M10-M12.<\/span><\/div>\n<\/div>\n<div class=\"\" data-block=\"true\" data-editor=\"1mhml\" data-offset-key=\"1mn28-0-0\">\n<div class=\"_1mf _1mj\" data-offset-key=\"1mn28-0-0\"><span data-offset-key=\"1mn28-0-0\">&#8211; dve vzvodni ro\u010dici z ergonomskimi ro\u010daji za dvoposteljno delovanje z brezmaznim prenosom <\/span><\/div>\n<\/div>\n<div class=\"\" data-block=\"true\" data-editor=\"1mhml\" data-offset-key=\"dlac1-0-0\">\n<div class=\"_1mf _1mj\" data-offset-key=\"dlac1-0-0\"><span data-offset-key=\"dlac1-0-0\">\u00a0<\/span><\/div>\n<\/div>\n<div class=\"\" data-block=\"true\" data-editor=\"1mhml\" data-offset-key=\"ajj11-0-0\">\n<div class=\"_1mf _1mj\" data-offset-key=\"ajj11-0-0\"><span data-offset-key=\"ajj11-0-0\">Set vsebuje:<\/span><\/div>\n<\/div>\n<div class=\"\" data-block=\"true\" data-editor=\"1mhml\" data-offset-key=\"3h6js-0-0\">\n<div class=\"_1mf _1mj\" data-offset-key=\"3h6js-0-0\"><span data-offset-key=\"3h6js-0-0\">Zakovica<\/span><\/div>\n<\/div>\n<div class=\"\" data-block=\"true\" data-editor=\"1mhml\" data-offset-key=\"95njj-0-0\">\n<div class=\"_1mf _1mj\" data-offset-key=\"95njj-0-0\"><span data-offset-key=\"95njj-0-0\">7 x glave zakovice (M3, M4, M5, M6, M8, M10, M12)<\/span><\/div>\n<\/div>\n<div class=\"\" data-block=\"true\" data-editor=\"1mhml\" data-offset-key=\"8uik3-0-0\">\n<div class=\"_1mf _1mj\" data-offset-key=\"8uik3-0-0\"><span data-offset-key=\"8uik3-0-0\">klju\u010d za odvijanje glav<\/span><\/div>\n<\/div>\n<div class=\"\" data-block=\"true\" data-editor=\"1mhml\" data-offset-key=\"flbuj-0-0\">\n<div class=\"_1mf _1mj\" data-offset-key=\"flbuj-0-0\"><span data-offset-key=\"flbuj-0-0\">7 x paket glav zakovice<\/span><\/div>\n<\/div>\n<div class=\"\" data-block=\"true\" data-editor=\"1mhml\" data-offset-key=\"567ae-0-0\">\n<div class=\"_1mf _1mj\" data-offset-key=\"567ae-0-0\"><span data-offset-key=\"567ae-0-0\">1 X kov\u010dek<\/span><\/div>\n<\/div>\n<div class=\"\" data-block=\"true\" data-editor=\"1mhml\" data-offset-key=\"1e3he-0-0\">\n<div class=\"_1mf _1mj\" data-offset-key=\"1e3he-0-0\"><span data-offset-key=\"1e3he-0-0\">\u00a0<\/span><\/div>\n<\/div>\n<div class=\"\" data-block=\"true\" data-editor=\"1mhml\" data-offset-key=\"bj6j7-0-0\">\n<div class=\"_1mf _1mj\" data-offset-key=\"bj6j7-0-0\"><span data-offset-key=\"bj6j7-0-0\">OPIS<\/span><\/div>\n<\/div>\n<div class=\"\" data-block=\"true\" data-editor=\"1mhml\" data-offset-key=\"6uq8u-0-0\">\n<div class=\"_1mf _1mj\" data-offset-key=\"6uq8u-0-0\"><span data-offset-key=\"6uq8u-0-0\">\u00a0<\/span><\/div>\n<\/div>\n<div class=\"\" data-block=\"true\" data-editor=\"1mhml\" data-offset-key=\"5o2t2-0-0\">\n<div class=\"_1mf _1mj\" data-offset-key=\"5o2t2-0-0\"><span data-offset-key=\"5o2t2-0-0\">jeklo:<\/span><\/div>\n<\/div>\n<div class=\"\" data-block=\"true\" data-editor=\"1mhml\" data-offset-key=\"21jnu-0-0\">\n<div class=\"_1mf _1mj\" data-offset-key=\"21jnu-0-0\"><span data-offset-key=\"21jnu-0-0\">\u00a0<\/span><\/div>\n<\/div>\n<div class=\"\" data-block=\"true\" data-editor=\"1mhml\" data-offset-key=\"fb890-0-0\">\n<div class=\"_1mf _1mj\" data-offset-key=\"fb890-0-0\"><span data-offset-key=\"fb890-0-0\">M3 &#8211; 25 kos.<\/span><\/div>\n<\/div>\n<div class=\"\" data-block=\"true\" data-editor=\"1mhml\" data-offset-key=\"bfsk5-0-0\">\n<div class=\"_1mf _1mj\" data-offset-key=\"bfsk5-0-0\"><span data-offset-key=\"bfsk5-0-0\">M4 &#8211; 25 kos.<\/span><\/div>\n<\/div>\n<div class=\"\" data-block=\"true\" data-editor=\"1mhml\" data-offset-key=\"743d1-0-0\">\n<div class=\"_1mf _1mj\" data-offset-key=\"743d1-0-0\"><span data-offset-key=\"743d1-0-0\">M5 &#8211; 25 kos.<\/span><\/div>\n<\/div>\n<div class=\"\" data-block=\"true\" data-editor=\"1mhml\" data-offset-key=\"8lst6-0-0\">\n<div class=\"_1mf _1mj\" data-offset-key=\"8lst6-0-0\"><span data-offset-key=\"8lst6-0-0\">M6 &#8211; 25 kos.<\/span><\/div>\n<\/div>\n<div class=\"\" data-block=\"true\" data-editor=\"1mhml\" data-offset-key=\"5lnbo-0-0\">\n<div class=\"_1mf _1mj\" data-offset-key=\"5lnbo-0-0\"><span data-offset-key=\"5lnbo-0-0\">M8 &#8211; 25 kos.<\/span><\/div>\n<\/div>\n<div class=\"\" data-block=\"true\" data-editor=\"1mhml\" data-offset-key=\"fip41-0-0\">\n<div class=\"_1mf _1mj\" data-offset-key=\"fip41-0-0\"><span data-offset-key=\"fip41-0-0\">M10 &#8211; 25 kos.<\/span><\/div>\n<\/div>\n<div class=\"\" data-block=\"true\" data-editor=\"1mhml\" data-offset-key=\"c2a80-0-0\">\n<div class=\"_1mf _1mj\" data-offset-key=\"c2a80-0-0\"><span data-offset-key=\"c2a80-0-0\">\u00a0<\/span><\/div>\n<\/div>\n<div class=\"\" data-block=\"true\" data-editor=\"1mhml\" data-offset-key=\"5opuh-0-0\">\n<div class=\"_1mf _1mj\" data-offset-key=\"5opuh-0-0\"><span data-offset-key=\"5opuh-0-0\">aluminij:<\/span><\/div>\n<\/div>\n<div class=\"\" data-block=\"true\" data-editor=\"1mhml\" data-offset-key=\"3mqcn-0-0\">\n<div class=\"_1mf _1mj\" data-offset-key=\"3mqcn-0-0\"><span data-offset-key=\"3mqcn-0-0\">M3 &#8211; 25 kos.<\/span><\/div>\n<\/div>\n<div class=\"\" data-block=\"true\" data-editor=\"1mhml\" data-offset-key=\"3sjtt-0-0\">\n<div class=\"_1mf _1mj\" data-offset-key=\"3sjtt-0-0\"><span data-offset-key=\"3sjtt-0-0\">M4 &#8211; 25 kos.<\/span><\/div>\n<\/div>\n<div class=\"\" data-block=\"true\" data-editor=\"1mhml\" data-offset-key=\"1baqi-0-0\">\n<div class=\"_1mf _1mj\" data-offset-key=\"1baqi-0-0\"><span data-offset-key=\"1baqi-0-0\">M5 &#8211; 25 kos.<\/span><\/div>\n<\/div>\n<div class=\"\" data-block=\"true\" data-editor=\"1mhml\" data-offset-key=\"2gegl-0-0\">\n<div class=\"_1mf _1mj\" data-offset-key=\"2gegl-0-0\"><span data-offset-key=\"2gegl-0-0\">M6 &#8211; 25 kos.<\/span><\/div>\n<\/div>\n<div class=\"\" data-block=\"true\" data-editor=\"1mhml\" data-offset-key=\"1kdvb-0-0\">\n<div class=\"_1mf _1mj\" data-offset-key=\"1kdvb-0-0\"><span data-offset-key=\"1kdvb-0-0\">M8 &#8211; 25 kos.<\/span><\/div>\n<\/div>\n<div class=\"\" data-block=\"true\" data-editor=\"1mhml\" data-offset-key=\"3d2hp-0-0\">\n<div class=\"_1mf _1mj\" data-offset-key=\"3d2hp-0-0\"><span data-offset-key=\"3d2hp-0-0\">M10 &#8211; 25 kos<\/span><\/div>\n<\/div>\n","protected":false},"excerpt":{"rendered":"<p>Kle\u0161\u010de za kovi\u010denje M3 &#8211; M12 \/410mm\/ +SET NAVOJNIH KOVIC, JEKLO IN ALUMINIJ, 300-DELNI Kle\u0161\u010de za kovi\u010denje M3-M12 &#8211; za kovinske matice M3 &#8211; M4 &#8211; M5 &#8211; M6 &#8211; M8-M10-M12. &#8211; dve vzvodni ro\u010dici z ergonomskimi ro\u010daji za dvoposteljno delovanje z brezmaznim prenosom \u00a0 Set vsebuje: Zakovica 7 x glave zakovice (M3, M4, M5, &hellip; <br \/><a href=\"https:\/\/tigea-shop.si\/en\/izdelek\/klesce-za-kovicenje-m3-m12-410mm-set-navojnih-kovic-jeklo-in-aluminij-300-delni\/\" class=\"more-link\">Continue reading <span class=\"screen-reader-text\">Kle\u0161\u010de za kovi\u010denje M3 &#8211; M12 \/410mm\/ +SET NAVOJNIH KOVIC, JEKLO IN ALUMINIJ, 300-DELNI<\/span><\/a><\/p>\n","protected":false},"featured_media":2141,"template":"","meta":[],"_links":{"self":[{"href":"https:\/\/tigea-shop.si\/en\/wp-json\/wp\/v2\/product\/2139"}],"collection":[{"href":"https:\/\/tigea-shop.si\/en\/wp-json\/wp\/v2\/product"}],"about":[{"href":"https:\/\/tigea-shop.si\/en\/wp-json\/wp\/v2\/types\/product"}],"wp:featuredmedia":[{"embeddable":true,"href":"https:\/\/tigea-shop.si\/en\/wp-json\/wp\/v2\/media\/2141"}],"wp:attachment":[{"href":"https:\/\/tigea-shop.si\/en\/wp-json\/wp\/v2\/media?parent=2139"}],"curies":[{"name":"wp","href":"https:\/\/api.w.org\/{rel}","templated":true}]}}