{"id":2562,"date":"2022-09-10T17:10:00","date_gmt":"2022-09-10T15:10:00","guid":{"rendered":"https:\/\/tigea-shop.si\/?post_type=product&#038;p=2562"},"modified":"2022-09-10T17:10:00","modified_gmt":"2022-09-10T15:10:00","slug":"polavtomatsko-dvostebrno-dvigalo-4t-redats-l-200","status":"publish","type":"product","link":"https:\/\/tigea-shop.si\/en\/izdelek\/polavtomatsko-dvostebrno-dvigalo-4t-redats-l-200\/","title":{"rendered":"Polavtomatsko dvostebrno dvigalo 4T &#8211; REDATS L-200"},"content":{"rendered":"<p><span class=\"\" title=\"\">Proizvajalec<\/span><span title=\"\">:<\/span>\u00a0<span title=\"\">REDATS<\/span><br \/>\n<span title=\"\">\u010cas spu\u0161\u010danja: -25 sekund<\/span><br \/>\n<span title=\"\">\u010cas dviganja:- 55 sekund<\/span><br \/>\n<span title=\"\">Najve\u010dja \u0161irina avtomobila: -250 cm<\/span><br \/>\n<span title=\"\">Mo\u010d motorja:- 2,2 kW<\/span><br \/>\n<span title=\"\">Teleskopske roke dvigala:- DA<\/span><br \/>\n<span title=\"\">Mere (\u0160 x V): -3385 x 2830 mm<\/span><br \/>\n<span title=\"\">Vi\u0161ina dviga:- 9 \u2013 193 cm<\/span><br \/>\n<span title=\"\">Napajanje<\/span><span title=\"\">:-<\/span>\u00a0<span title=\"\">400V<\/span><br \/>\n<span title=\"\">\u0160irina<\/span><span title=\"\">:-<\/span>\u00a0<span title=\"\">Spodnja<\/span><br \/>\n<span title=\"\">Izpolnjuje zahteve za certificiranje UDT: DA<\/span><br \/>\n<span title=\"\">Najve\u010dja nosilnost:- 4 tone<\/span><\/p>\n","protected":false},"excerpt":{"rendered":"<p>Proizvajalec:\u00a0REDATS \u010cas spu\u0161\u010danja: -25 sekund \u010cas dviganja:- 55 sekund Najve\u010dja \u0161irina avtomobila: -250 cm Mo\u010d motorja:- 2,2 kW Teleskopske roke dvigala:- DA Mere (\u0160 x V): -3385 x 2830 mm Vi\u0161ina dviga:- 9 \u2013 193 cm Napajanje:-\u00a0400V \u0160irina:-\u00a0Spodnja Izpolnjuje zahteve za certificiranje UDT: DA Najve\u010dja nosilnost:- 4 tone<\/p>\n","protected":false},"featured_media":2564,"template":"","meta":[],"_links":{"self":[{"href":"https:\/\/tigea-shop.si\/en\/wp-json\/wp\/v2\/product\/2562"}],"collection":[{"href":"https:\/\/tigea-shop.si\/en\/wp-json\/wp\/v2\/product"}],"about":[{"href":"https:\/\/tigea-shop.si\/en\/wp-json\/wp\/v2\/types\/product"}],"wp:featuredmedia":[{"embeddable":true,"href":"https:\/\/tigea-shop.si\/en\/wp-json\/wp\/v2\/media\/2564"}],"wp:attachment":[{"href":"https:\/\/tigea-shop.si\/en\/wp-json\/wp\/v2\/media?parent=2562"}],"curies":[{"name":"wp","href":"https:\/\/api.w.org\/{rel}","templated":true}]}}