{"id":2574,"date":"2022-09-10T17:19:34","date_gmt":"2022-09-10T15:19:34","guid":{"rendered":"https:\/\/tigea-shop.si\/?post_type=product&#038;p=2574"},"modified":"2022-09-10T17:21:55","modified_gmt":"2022-09-10T15:21:55","slug":"skarjasta-dvigala-redats-l-600","status":"publish","type":"product","link":"https:\/\/tigea-shop.si\/en\/izdelek\/skarjasta-dvigala-redats-l-600\/","title":{"rendered":"\u0160karjasta dvigala &#8211; REDATS L-600"},"content":{"rendered":"<p><span class=\"\" title=\"\">Najve\u010dja nosilnost: .3000 kg<\/span><br \/>\n<span title=\"\">Najvi\u0161ja dvi\u017ena vi\u0161ina: .1850 mm<\/span><br \/>\n<span title=\"\">Najmanj\u0161a vi\u0161ina:. 105 mm<\/span><br \/>\n<span title=\"\">Pogon<\/span><span title=\"\">:<\/span> .<span title=\"\">hidravli\u010dni<\/span><br \/>\n<span title=\"\">Mo\u010d motorja: .2,2 kW<\/span><br \/>\n<span title=\"\">\u010cas dviganja: .55 sekund<\/span><br \/>\n<span title=\"\">\u010cas spu\u0161\u010danja:. 55 sekund<\/span><br \/>\n<span title=\"\">Dol\u017eina plo\u0161\u010dadi (brez klan\u010din):. 1450 mm<\/span><br \/>\n<span title=\"\">Skupna dol\u017eina (pri klan\u010dinah):. 2050 mm<\/span><br \/>\n<span title=\"\">Skupna \u0161irina:. 2020 mm<\/span><br \/>\n<span title=\"\">Napajanje<\/span><span title=\"\">:.<\/span>\u00a0<span title=\"\">400V<\/span><br \/>\n<span title=\"\">Dodatna oprema: .4 gumijaste blazinice<\/span><br \/>\n<span title=\"\">, kabelski pokrovi<\/span><br \/>\n<span title=\"\">Izpolnjuje zahteve za certificiranje UDT:- DA<\/span><\/p>\n","protected":false},"excerpt":{"rendered":"<p>Najve\u010dja nosilnost: .3000 kg Najvi\u0161ja dvi\u017ena vi\u0161ina: .1850 mm Najmanj\u0161a vi\u0161ina:. 105 mm Pogon: .hidravli\u010dni Mo\u010d motorja: .2,2 kW \u010cas dviganja: .55 sekund \u010cas spu\u0161\u010danja:. 55 sekund Dol\u017eina plo\u0161\u010dadi (brez klan\u010din):. 1450 mm Skupna dol\u017eina (pri klan\u010dinah):. 2050 mm Skupna \u0161irina:. 2020 mm Napajanje:.\u00a0400V Dodatna oprema: .4 gumijaste blazinice , kabelski pokrovi Izpolnjuje zahteve za &hellip; <br \/><a href=\"https:\/\/tigea-shop.si\/en\/izdelek\/skarjasta-dvigala-redats-l-600\/\" class=\"more-link\">Continue reading <span class=\"screen-reader-text\">\u0160karjasta dvigala &#8211; REDATS L-600<\/span><\/a><\/p>\n","protected":false},"featured_media":2576,"template":"","meta":[],"_links":{"self":[{"href":"https:\/\/tigea-shop.si\/en\/wp-json\/wp\/v2\/product\/2574"}],"collection":[{"href":"https:\/\/tigea-shop.si\/en\/wp-json\/wp\/v2\/product"}],"about":[{"href":"https:\/\/tigea-shop.si\/en\/wp-json\/wp\/v2\/types\/product"}],"wp:featuredmedia":[{"embeddable":true,"href":"https:\/\/tigea-shop.si\/en\/wp-json\/wp\/v2\/media\/2576"}],"wp:attachment":[{"href":"https:\/\/tigea-shop.si\/en\/wp-json\/wp\/v2\/media?parent=2574"}],"curies":[{"name":"wp","href":"https:\/\/api.w.org\/{rel}","templated":true}]}}