{"id":2681,"date":"2022-10-29T20:30:55","date_gmt":"2022-10-29T18:30:55","guid":{"rendered":"https:\/\/tigea-shop.si\/?post_type=product&#038;p=2681"},"modified":"2025-10-02T09:22:07","modified_gmt":"2025-10-02T07:22:07","slug":"vozicek-za-orodje-1086x510x870-mm-12-predalov","status":"publish","type":"product","link":"https:\/\/tigea-shop.si\/en\/izdelek\/vozicek-za-orodje-1086x510x870-mm-12-predalov\/","title":{"rendered":"VOZI\u010cEK ZA ORODJE  1020 X 460 X 1020 mm &#8211; 14 PREDALOV"},"content":{"rendered":"<p><span dir=\"auto\">Tehni\u010dni podatki<\/span><br \/>\n<span dir=\"auto\">Delavni\u0161ki vozi\u010dek 1020 x 460 x 1020 mm 14 predalov<\/span><br \/>\n<span dir=\"auto\">Delavni\u0161ki vozi\u010dek 1020 x 460 x 1020 mm 14 predalov z nerjave\u010dim jeklenim<\/span><br \/>\n<span dir=\"auto\">zgornjim delom Dimenzije s kolesi 1020 x 460 x 1020 mm .<\/span><br \/>\n<span dir=\"auto\">Dimenzije zgornjega levega predala 590 x 415 x 110 mm .<\/span><br \/>\n<span dir=\"auto\">Dimenzije 2., 3., 4., 5., 6. in 7. levega predala 590 x 415 x 80 mm.<\/span><br \/>\n<span dir=\"auto\">Dimenzije 8. levega predala 590 x 415 x 135 mm. Dimenzije<\/span><br \/>\n<span dir=\"auto\">zgornjega desnega predala 300 x 415 x 115 mm<\/span><br \/>\n<span dir=\"auto\">. Dimenzije 2., 3., 4. in 5. desnega predala 300 x 415 x 80 mm.<\/span><br \/>\n<span dir=\"auto\">Dimenzije 6. desnega SL 300 x 415 x 295 mm.<\/span><br \/>\n<span dir=\"auto\">Dimenzije embala\u017ee 1135 x 540 x 1045 mm.<\/span><br \/>\n<span dir=\"auto\">Te\u017ea 112 kg! Super kakovost<\/span><\/p>\n<p><span dir=\"auto\">Obseg dobave in dizajn<\/span><\/p>\n<p><span dir=\"auto\">Trdna vodila s krogli\u010dnimi le\u017eaji (dvojni le\u017eaji)<\/span><\/p>\n<p><span dir=\"auto\">Veliki predal ima 4 tirnice.<\/span><\/p>\n<p><span dir=\"auto\">Protizdrsna podloga v vsakem predalu.<\/span><\/p>\n<p><span dir=\"auto\">Nosilec iz nerjave\u010dega jekla\u00a0<\/span><\/p>\n<p><span dir=\"auto\">Dvignjen rob po vsem obodu.<\/span><\/p>\n<p><span dir=\"auto\">Centralno zaklepanje.<\/span><\/p>\n<p><span dir=\"auto\">Kolesa za te\u017eka bremena 130 x 50 mm.<\/span><\/p>\n<p><span dir=\"auto\">Kolesa imajo nosilnost 450 kg na kolo.<\/span><\/p>\n<p><span dir=\"auto\">2 kolesci z zavoro.<\/span><\/p>\n<p><span dir=\"auto\">2 fiksni kolesci.<\/span><\/p>\n<p><span dir=\"auto\">4 klju\u010di\u00a0<\/span><\/p>\n<p><span dir=\"auto\">Nadaljnje specifikacije:<\/span><\/p>\n<p><span dir=\"auto\">Opremljeno s pra\u0161nim premazom, odpornim proti praskam in udarcem.<\/span><br \/>\n<span dir=\"auto\">Vse predale je mogo\u010de 100 % odpreti Zelo dobra, profesionalna kakovost!<\/span><\/p>\n","protected":false},"excerpt":{"rendered":"<p>Tehni\u010dni podatki Delavni\u0161ki vozi\u010dek 1020 x 460 x 1020 mm 14 predalov Delavni\u0161ki vozi\u010dek 1020 x 460 x 1020 mm 14 predalov z nerjave\u010dim jeklenim zgornjim delom Dimenzije s kolesi 1020 x 460 x 1020 mm . Dimenzije zgornjega levega predala 590 x 415 x 110 mm . Dimenzije 2., 3., 4., 5., 6. in &hellip; <br \/><a href=\"https:\/\/tigea-shop.si\/en\/izdelek\/vozicek-za-orodje-1086x510x870-mm-12-predalov\/\" class=\"more-link\">Continue reading <span class=\"screen-reader-text\">VOZI\u010cEK ZA ORODJE  1020 X 460 X 1020 mm &#8211; 14 PREDALOV<\/span><\/a><\/p>\n","protected":false},"featured_media":4492,"template":"","meta":[],"_links":{"self":[{"href":"https:\/\/tigea-shop.si\/en\/wp-json\/wp\/v2\/product\/2681"}],"collection":[{"href":"https:\/\/tigea-shop.si\/en\/wp-json\/wp\/v2\/product"}],"about":[{"href":"https:\/\/tigea-shop.si\/en\/wp-json\/wp\/v2\/types\/product"}],"wp:featuredmedia":[{"embeddable":true,"href":"https:\/\/tigea-shop.si\/en\/wp-json\/wp\/v2\/media\/4492"}],"wp:attachment":[{"href":"https:\/\/tigea-shop.si\/en\/wp-json\/wp\/v2\/media?parent=2681"}],"curies":[{"name":"wp","href":"https:\/\/api.w.org\/{rel}","templated":true}]}}