{"id":2810,"date":"2022-12-10T13:45:41","date_gmt":"2022-12-10T12:45:41","guid":{"rendered":"https:\/\/tigea-shop.si\/?post_type=product&#038;p=2810"},"modified":"2022-12-10T13:45:41","modified_gmt":"2022-12-10T12:45:41","slug":"set-12-kotnih-nasadnih-kljucev-1-2-kratki-8-36-mm","status":"publish","type":"product","link":"https:\/\/tigea-shop.si\/en\/izdelek\/set-12-kotnih-nasadnih-kljucev-1-2-kratki-8-36-mm\/","title":{"rendered":"Set 12-kotnih nasadnih klju\u010dev 1\/2&#8243;, kratki 8 &#8211; 36 mm"},"content":{"rendered":"<p>Komplet specializiranih 12-kotnih nati\u010dnih klju\u010dev, ki omogo\u010dajo odvijanje ve\u010d vrst vijakov: \u0161esterokotni, dvanajstkraki, vijaki s profilom Torx-E in pal\u010dni vijaki.<\/p>\n<p><strong>Velikosti:<\/strong>\u00a08, 9, 10, 11, 12, 13, 14, 15, 16, 17, 18, 19, 20, 21, 22, 24, 27, 30, 32, 34, 36 mm<\/p>\n","protected":false},"excerpt":{"rendered":"<p>Komplet specializiranih 12-kotnih nati\u010dnih klju\u010dev, ki omogo\u010dajo odvijanje ve\u010d vrst vijakov: \u0161esterokotni, dvanajstkraki, vijaki s profilom Torx-E in pal\u010dni vijaki. Velikosti:\u00a08, 9, 10, 11, 12, 13, 14, 15, 16, 17, 18, 19, 20, 21, 22, 24, 27, 30, 32, 34, 36 mm<\/p>\n","protected":false},"featured_media":2811,"template":"","meta":[],"_links":{"self":[{"href":"https:\/\/tigea-shop.si\/en\/wp-json\/wp\/v2\/product\/2810"}],"collection":[{"href":"https:\/\/tigea-shop.si\/en\/wp-json\/wp\/v2\/product"}],"about":[{"href":"https:\/\/tigea-shop.si\/en\/wp-json\/wp\/v2\/types\/product"}],"wp:featuredmedia":[{"embeddable":true,"href":"https:\/\/tigea-shop.si\/en\/wp-json\/wp\/v2\/media\/2811"}],"wp:attachment":[{"href":"https:\/\/tigea-shop.si\/en\/wp-json\/wp\/v2\/media?parent=2810"}],"curies":[{"name":"wp","href":"https:\/\/api.w.org\/{rel}","templated":true}]}}