{"id":2829,"date":"2022-12-11T06:28:32","date_gmt":"2022-12-11T05:28:32","guid":{"rendered":"https:\/\/tigea-shop.si\/?post_type=product&#038;p=2829"},"modified":"2024-04-05T08:42:07","modified_gmt":"2024-04-05T06:42:07","slug":"set-udarnih-xzn-nastavkov-za-vw-zavorne-celjusti-1-2-6-kos","status":"publish","type":"product","link":"https:\/\/tigea-shop.si\/en\/izdelek\/set-udarnih-xzn-nastavkov-za-vw-zavorne-celjusti-1-2-6-kos\/","title":{"rendered":"Set udarnih XZN nastavkov za VW zavorne \u010deljusti, 1\/2&#8243; 6 kos"},"content":{"rendered":"<p>Komplet vija\u010dnih klju\u010dev (12-kotni &#8211; XZN) se uporabljajo pri vozilih iz skupine VAG, vklju\u010dno z VW LT, Transporter, Golfom in Sharanom ter zadnjimi zavornimi \u010deljustmi Porsche Cayenne.<\/p>\n<p><strong>Vsebuje 1\/2&#8243; nastavke za:<\/strong><\/p>\n<ul>\n<li><span>M14 za Volkswagen LT\/Transporter<\/span><\/li>\n<li><span>M16 za Volkswagen Sharan<\/span><\/li>\n<li><span>M18 za Volkswagen Golf<\/span><\/li>\n<\/ul>\n","protected":false},"excerpt":{"rendered":"<p>Komplet vija\u010dnih klju\u010dev (12-kotni &#8211; XZN) se uporabljajo pri vozilih iz skupine VAG, vklju\u010dno z VW LT, Transporter, Golfom in Sharanom ter zadnjimi zavornimi \u010deljustmi Porsche Cayenne. Vsebuje 1\/2&#8243; nastavke za: M14 za Volkswagen LT\/Transporter M16 za Volkswagen Sharan M18 za Volkswagen Golf<\/p>\n","protected":false},"featured_media":2830,"template":"","meta":[],"_links":{"self":[{"href":"https:\/\/tigea-shop.si\/en\/wp-json\/wp\/v2\/product\/2829"}],"collection":[{"href":"https:\/\/tigea-shop.si\/en\/wp-json\/wp\/v2\/product"}],"about":[{"href":"https:\/\/tigea-shop.si\/en\/wp-json\/wp\/v2\/types\/product"}],"wp:featuredmedia":[{"embeddable":true,"href":"https:\/\/tigea-shop.si\/en\/wp-json\/wp\/v2\/media\/2830"}],"wp:attachment":[{"href":"https:\/\/tigea-shop.si\/en\/wp-json\/wp\/v2\/media?parent=2829"}],"curies":[{"name":"wp","href":"https:\/\/api.w.org\/{rel}","templated":true}]}}