{"id":2957,"date":"2023-01-20T07:05:17","date_gmt":"2023-01-20T06:05:17","guid":{"rendered":"https:\/\/tigea-shop.si\/?post_type=product&#038;p=2957"},"modified":"2023-01-20T07:22:57","modified_gmt":"2023-01-20T06:22:57","slug":"set-za-lambda-sonde-in-injektorjev","status":"publish","type":"product","link":"https:\/\/tigea-shop.si\/en\/izdelek\/set-za-lambda-sonde-in-injektorjev\/","title":{"rendered":"Set za  lambda sonde in injektorjev"},"content":{"rendered":"<p>Profesionalnih komplet klju\u010dev s posebnimi oblikami in kosi, ki omogo\u010dajo odvijanje lambda sond (senzorjev kisika) in injektorjev, ne da bi odstranili \u017eice.<\/p>\n<ul>\n<li>pritrditev lambda sonde &#8211; velikost 29 mm, dol\u017eina 90 mm, klju\u010d\u00a01\/2 &#8220;<\/li>\n<li>pokrov lambda sonde &#8211; velikost 22 mm (7\/8 &#8220;), dol\u017eina 90 mm, klju\u010d\u00a03\/8&#8221;<\/li>\n<li>klju\u010d za injektorje v dizelskih motorjih, velikost 27 mm (1 1\/16 &#8220;), dol\u017eina 80 mm, klju\u010d 1\/2&#8221;<\/li>\n<li>pokrov za vakuumski senzor in lambda sondo &#8211; velikost 22 mm (7\/8 &#8220;), dol\u017eina 80 mm, klju\u010d 3\/8&#8221;<\/li>\n<li>pokrov za senzor tlaka olja &#8211; velikost 27 mm (1 1\/16 &#8220;), dol\u017eina 74 mm, klju\u010d\u00a03\/8&#8221;<\/li>\n<li>orodje za konico lambda sonde (vro\u010de) &#8211; velikost 22 mm (7\/8 &#8220;), dol\u017eina 50 mm, klju\u010d\u00a01\/2&#8221;<\/li>\n<li>orodje za vakuumski senzor in lambda sondo (za sonde z nizko namestitvijo) &#8211; velikost 22 mm (7\/8 &#8220;), dol\u017eina 30 mm, klju\u010d\u00a03\/8&#8221;<\/li>\n<\/ul>\n","protected":false},"excerpt":{"rendered":"<p>Profesionalnih komplet klju\u010dev s posebnimi oblikami in kosi, ki omogo\u010dajo odvijanje lambda sond (senzorjev kisika) in injektorjev, ne da bi odstranili \u017eice. pritrditev lambda sonde &#8211; velikost 29 mm, dol\u017eina 90 mm, klju\u010d\u00a01\/2 &#8220; pokrov lambda sonde &#8211; velikost 22 mm (7\/8 &#8220;), dol\u017eina 90 mm, klju\u010d\u00a03\/8&#8221; klju\u010d za injektorje v dizelskih motorjih, velikost 27 &hellip; <br \/><a href=\"https:\/\/tigea-shop.si\/en\/izdelek\/set-za-lambda-sonde-in-injektorjev\/\" class=\"more-link\">Continue reading <span class=\"screen-reader-text\">Set za  lambda sonde in injektorjev<\/span><\/a><\/p>\n","protected":false},"featured_media":2958,"template":"","meta":[],"_links":{"self":[{"href":"https:\/\/tigea-shop.si\/en\/wp-json\/wp\/v2\/product\/2957"}],"collection":[{"href":"https:\/\/tigea-shop.si\/en\/wp-json\/wp\/v2\/product"}],"about":[{"href":"https:\/\/tigea-shop.si\/en\/wp-json\/wp\/v2\/types\/product"}],"wp:featuredmedia":[{"embeddable":true,"href":"https:\/\/tigea-shop.si\/en\/wp-json\/wp\/v2\/media\/2958"}],"wp:attachment":[{"href":"https:\/\/tigea-shop.si\/en\/wp-json\/wp\/v2\/media?parent=2957"}],"curies":[{"name":"wp","href":"https:\/\/api.w.org\/{rel}","templated":true}]}}