{"id":3412,"date":"2023-07-03T11:17:23","date_gmt":"2023-07-03T09:17:23","guid":{"rendered":"https:\/\/tigea-shop.si\/?post_type=product&#038;p=3412"},"modified":"2024-02-24T10:03:23","modified_gmt":"2024-02-24T09:03:23","slug":"komplet-udarnih-vzvodov-200-600-mm","status":"publish","type":"product","link":"https:\/\/tigea-shop.si\/en\/izdelek\/komplet-udarnih-vzvodov-200-600-mm\/","title":{"rendered":"Komplet udarnih vzvodov 200 &#8211; 600 mm"},"content":{"rendered":"<p>Profesionalni komplet vzvodov z udarno kapico za kladivo in udobnim mehkim ro\u010dajem. Izdelani so iz kovane, toplotno obdelanega jeklena z krom molibdenom (Cr-Mo) za dodatno trdnost.<\/p>\n<p>Ta komplet bistvenega pomena za profesionalno uporabo v gara\u017eah in delavnicah. Nagnjen in nabru\u0161en konec se enostavno prilega med spojeni element in ponuja dodatno to\u010dko vzvoda za delo na ozkih obmo\u010djih.<\/p>\n<p>Primerno tudi za uporabo v vulkanizerskih delavnicah.<\/p>\n<p><strong>Vsebuje 4 vzvode v velikostih:<\/strong>\u00a0200, 300, 450 in 600 mm<\/p>\n","protected":false},"excerpt":{"rendered":"<p>Profesionalni komplet vzvodov z udarno kapico za kladivo in udobnim mehkim ro\u010dajem. Izdelani so iz kovane, toplotno obdelanega jeklena z krom molibdenom (Cr-Mo) za dodatno trdnost. Ta komplet bistvenega pomena za profesionalno uporabo v gara\u017eah in delavnicah. Nagnjen in nabru\u0161en konec se enostavno prilega med spojeni element in ponuja dodatno to\u010dko vzvoda za delo na &hellip; <br \/><a href=\"https:\/\/tigea-shop.si\/en\/izdelek\/komplet-udarnih-vzvodov-200-600-mm\/\" class=\"more-link\">Continue reading <span class=\"screen-reader-text\">Komplet udarnih vzvodov 200 &#8211; 600 mm<\/span><\/a><\/p>\n","protected":false},"featured_media":3415,"template":"","meta":[],"_links":{"self":[{"href":"https:\/\/tigea-shop.si\/en\/wp-json\/wp\/v2\/product\/3412"}],"collection":[{"href":"https:\/\/tigea-shop.si\/en\/wp-json\/wp\/v2\/product"}],"about":[{"href":"https:\/\/tigea-shop.si\/en\/wp-json\/wp\/v2\/types\/product"}],"wp:featuredmedia":[{"embeddable":true,"href":"https:\/\/tigea-shop.si\/en\/wp-json\/wp\/v2\/media\/3415"}],"wp:attachment":[{"href":"https:\/\/tigea-shop.si\/en\/wp-json\/wp\/v2\/media?parent=3412"}],"curies":[{"name":"wp","href":"https:\/\/api.w.org\/{rel}","templated":true}]}}