{"id":3542,"date":"2023-10-21T17:34:52","date_gmt":"2023-10-21T15:34:52","guid":{"rendered":"https:\/\/tigea-shop.si\/?post_type=product&#038;p=3542"},"modified":"2023-10-21T17:34:52","modified_gmt":"2023-10-21T15:34:52","slug":"oljna-elektricna-crpalka-12v","status":"publish","type":"product","link":"https:\/\/tigea-shop.si\/en\/izdelek\/oljna-elektricna-crpalka-12v\/","title":{"rendered":"Oljna elektri\u010dna \u010drpalka 12V"},"content":{"rendered":"<p>\u010crpalka za \u010drpanje dizelskega goriva, kurilnega olja in motornega olja. \u010crpanje bencina, alkohola, topil in drugih vnetljivih teko\u010din je nevarnost po\u017eara! \u010crpalka ni zasnovana za \u010drpanje vode!<\/p>\n<p>Specifikacija:<\/p>\n<p>&#8211; DC napetost: 12V<\/p>\n<p>&#8211; Poraba toka: 5A<\/p>\n<p>&#8211; Mo\u010d: 60W<\/p>\n<p>&#8211; Izvedba: dizel in kurilno olje: do 4 l\/min motorno olje (40 \u00b0 C-60 \u00b0 C): do 3 l \/ min<\/p>\n<p>&#8211; Jakost zvoka: 70dB<\/p>\n<p>&#8211; Premer priklju\u010dka: 1\/2&#8243;<\/p>\n<p>&#8211; Maksimalni delovni \u010das: 30 minut<\/p>\n","protected":false},"excerpt":{"rendered":"<p>\u010crpalka za \u010drpanje dizelskega goriva, kurilnega olja in motornega olja. \u010crpanje bencina, alkohola, topil in drugih vnetljivih teko\u010din je nevarnost po\u017eara! \u010crpalka ni zasnovana za \u010drpanje vode! Specifikacija: &#8211; DC napetost: 12V &#8211; Poraba toka: 5A &#8211; Mo\u010d: 60W &#8211; Izvedba: dizel in kurilno olje: do 4 l\/min motorno olje (40 \u00b0 C-60 \u00b0 C): &hellip; <br \/><a href=\"https:\/\/tigea-shop.si\/en\/izdelek\/oljna-elektricna-crpalka-12v\/\" class=\"more-link\">Continue reading <span class=\"screen-reader-text\">Oljna elektri\u010dna \u010drpalka 12V<\/span><\/a><\/p>\n","protected":false},"featured_media":3543,"template":"","meta":[],"_links":{"self":[{"href":"https:\/\/tigea-shop.si\/en\/wp-json\/wp\/v2\/product\/3542"}],"collection":[{"href":"https:\/\/tigea-shop.si\/en\/wp-json\/wp\/v2\/product"}],"about":[{"href":"https:\/\/tigea-shop.si\/en\/wp-json\/wp\/v2\/types\/product"}],"wp:featuredmedia":[{"embeddable":true,"href":"https:\/\/tigea-shop.si\/en\/wp-json\/wp\/v2\/media\/3543"}],"wp:attachment":[{"href":"https:\/\/tigea-shop.si\/en\/wp-json\/wp\/v2\/media?parent=3542"}],"curies":[{"name":"wp","href":"https:\/\/api.w.org\/{rel}","templated":true}]}}