{"id":3622,"date":"2023-10-28T11:45:27","date_gmt":"2023-10-28T09:45:27","guid":{"rendered":"https:\/\/tigea-shop.si\/?post_type=product&#038;p=3622"},"modified":"2023-10-28T11:45:27","modified_gmt":"2023-10-28T09:45:27","slug":"pnevmatsko-orodje-za-vracanje-zavor-z-adapterji-if-tolls","status":"publish","type":"product","link":"https:\/\/tigea-shop.si\/en\/izdelek\/pnevmatsko-orodje-za-vracanje-zavor-z-adapterji-if-tolls\/","title":{"rendered":"Pnevmatsko orodje za vra\u010danje zavor z adapterji IF TOLLS"},"content":{"rendered":"<p>Profesionalni komplet adapterjev s pnevmatskim orodjem IF TOOLS za vra\u010danje zavor. Vse je priro\u010dno zapakirano v plasti\u010dnem kovku. Orodje omogo\u010da enostavno navijanje bata zavorne \u010deljusti in ima najve\u010dji delovni tlak do 114 PSI.<\/p>\n<p><strong>Vsebina<\/strong><\/p>\n<ul>\n<li>Pnevmatsko orodje za vra\u010danje zavor<\/li>\n<li>15 adapterjev (0, 2, 3, 4, 5, 6, 7, 8, 9, A , E, F, K, M, N)<\/li>\n<li>3\/8&#8243; adapter za pogon<\/li>\n<li>Plasti\u010den kov\u010dek<\/li>\n<\/ul>\n<p><strong>Adapterji<\/strong><\/p>\n<ul>\n<li>0 &#8211; 60mm &#8211; GM<\/li>\n<li>2 &#8211; 50mm &#8211; Citroen XM in Zantia<\/li>\n<li>3 &#8211; 35\/42\/53mm &#8211; Alfa Romeo, Audi, BMW, Ford, Honda, Isuzu, Jaguar, Mercedes, Mitsubishi, Nissan, Rover, Toyota, VW in Volvo<\/li>\n<li>4 &#8211; 30mm &#8211; Alfa Romeo 164 2.0, Saab 9000 in Honda Prelude<\/li>\n<li>5 &#8211; 32mm 3\/8&#8243; priklju\u010dek &#8211; Mazda 323.626, Toyota Celica in Corolla GR ter MR2<\/li>\n<li>6 &#8211; 40mm dolgi priklju\u010dek &#8211; Nissan Bluebird, Primera 2.0L in VW Golf IV<\/li>\n<li>7 &#8211; 40mm &#8211; Audi 80\/90 in V8, Honda Prelude, Jaguar XI40, Nissan Silvia, Rover 800, Saab 9000, Subaru L &amp; 2 Series, VW Golf\/Passat Vorrado\/GTX 16v\/Scirroco<\/li>\n<li>8 &#8211; 45mm obrobljen &#8211; GM<\/li>\n<li>9 &#8211; 52mm obrobljen &#8211; Citroen C5<\/li>\n<li>A &#8211; 3\/8&#8243; adapter<\/li>\n<li>E &#8211; 40mm &#8211; Nissan Maxima<\/li>\n<li>F &#8211; 28mm &#8211; Opel<\/li>\n<li>K &#8211; 53mm &#8211; Citroen CXM<\/li>\n<li>M &#8211; 31mm &#8211; Ford Mondeo<\/li>\n<li>N &#8211; 30mm za uporabo z 12mm klju\u010dem &#8211; Saab\/Honda<\/li>\n<\/ul>\n","protected":false},"excerpt":{"rendered":"<p>Profesionalni komplet adapterjev s pnevmatskim orodjem IF TOOLS za vra\u010danje zavor. Vse je priro\u010dno zapakirano v plasti\u010dnem kovku. Orodje omogo\u010da enostavno navijanje bata zavorne \u010deljusti in ima najve\u010dji delovni tlak do 114 PSI. Vsebina Pnevmatsko orodje za vra\u010danje zavor 15 adapterjev (0, 2, 3, 4, 5, 6, 7, 8, 9, A , E, F, K, &hellip; <br \/><a href=\"https:\/\/tigea-shop.si\/en\/izdelek\/pnevmatsko-orodje-za-vracanje-zavor-z-adapterji-if-tolls\/\" class=\"more-link\">Continue reading <span class=\"screen-reader-text\">Pnevmatsko orodje za vra\u010danje zavor z adapterji IF TOLLS<\/span><\/a><\/p>\n","protected":false},"featured_media":3623,"template":"","meta":[],"_links":{"self":[{"href":"https:\/\/tigea-shop.si\/en\/wp-json\/wp\/v2\/product\/3622"}],"collection":[{"href":"https:\/\/tigea-shop.si\/en\/wp-json\/wp\/v2\/product"}],"about":[{"href":"https:\/\/tigea-shop.si\/en\/wp-json\/wp\/v2\/types\/product"}],"wp:featuredmedia":[{"embeddable":true,"href":"https:\/\/tigea-shop.si\/en\/wp-json\/wp\/v2\/media\/3623"}],"wp:attachment":[{"href":"https:\/\/tigea-shop.si\/en\/wp-json\/wp\/v2\/media?parent=3622"}],"curies":[{"name":"wp","href":"https:\/\/api.w.org\/{rel}","templated":true}]}}