{"id":3841,"date":"2024-02-24T16:14:09","date_gmt":"2024-02-24T15:14:09","guid":{"rendered":"https:\/\/tigea-shop.si\/?post_type=product&#038;p=3841"},"modified":"2024-02-24T16:14:09","modified_gmt":"2024-02-24T15:14:09","slug":"garnitura-orodja-za-zamenjavo-batov-in-batnih-obrockov","status":"publish","type":"product","link":"https:\/\/tigea-shop.si\/en\/izdelek\/garnitura-orodja-za-zamenjavo-batov-in-batnih-obrockov\/","title":{"rendered":"Garnitura orodja za zamenjavo batov in batnih obro\u010dkov"},"content":{"rendered":"<p><strong>Garnitura orodja za zamenjavo batov in\u00a0 batnih obro\u010dkov\u00a0<\/strong><\/p>\n<p>Vsebina garniture:<\/p>\n<ul>\n<li>3 x stiskalcev kompresorjev za batne obro\u010dke:\n<ul>\n<li>3&#8243; 53-125mm<\/li>\n<li>3-1\/2&#8243; 90-175mm<\/li>\n<li>4&#8243; 90-175mm<\/li>\n<\/ul>\n<\/li>\n<li>kle\u0161\u010de za raztezanje batnih obro\u010dkov od 50 do 100 mm<\/li>\n<li>\u010cistilec kanalov za batne obro\u010dke<\/li>\n<li>3 kosi no\u017ea za \u010di\u0161\u010denje kanalov za batne obro\u010dke 1\/16&#8243;-3\/16&#8243;, 2-4.5mm, 0.5-5.5mm<\/li>\n<\/ul>\n","protected":false},"excerpt":{"rendered":"<p>Garnitura orodja za zamenjavo batov in\u00a0 batnih obro\u010dkov\u00a0 Vsebina garniture: 3 x stiskalcev kompresorjev za batne obro\u010dke: 3&#8243; 53-125mm 3-1\/2&#8243; 90-175mm 4&#8243; 90-175mm kle\u0161\u010de za raztezanje batnih obro\u010dkov od 50 do 100 mm \u010cistilec kanalov za batne obro\u010dke 3 kosi no\u017ea za \u010di\u0161\u010denje kanalov za batne obro\u010dke 1\/16&#8243;-3\/16&#8243;, 2-4.5mm, 0.5-5.5mm<\/p>\n","protected":false},"featured_media":3842,"template":"","meta":[],"_links":{"self":[{"href":"https:\/\/tigea-shop.si\/en\/wp-json\/wp\/v2\/product\/3841"}],"collection":[{"href":"https:\/\/tigea-shop.si\/en\/wp-json\/wp\/v2\/product"}],"about":[{"href":"https:\/\/tigea-shop.si\/en\/wp-json\/wp\/v2\/types\/product"}],"wp:featuredmedia":[{"embeddable":true,"href":"https:\/\/tigea-shop.si\/en\/wp-json\/wp\/v2\/media\/3842"}],"wp:attachment":[{"href":"https:\/\/tigea-shop.si\/en\/wp-json\/wp\/v2\/media?parent=3841"}],"curies":[{"name":"wp","href":"https:\/\/api.w.org\/{rel}","templated":true}]}}