{"id":4304,"date":"2025-02-05T11:39:19","date_gmt":"2025-02-05T10:39:19","guid":{"rendered":"https:\/\/tigea-shop.si\/?post_type=product&#038;p=4304"},"modified":"2025-02-05T11:39:19","modified_gmt":"2025-02-05T10:39:19","slug":"navorni-multiplikator-ruski-kljuc-1-6000nm","status":"publish","type":"product","link":"https:\/\/tigea-shop.si\/en\/izdelek\/navorni-multiplikator-ruski-kljuc-1-6000nm\/","title":{"rendered":"Navorni multiplikator &#8211; Ruski klju\u010d 1&#8243; 6000Nm"},"content":{"rendered":"<ul>\n<li>Razmerje prtvorbe ro\u010dnega dela na osovino 1 : 68<\/li>\n<li>Mogo\u010da uporaba katerih koli nati\u010dnih klju\u010dev velikosti 1&#8243;<\/li>\n<li>Maksimalna mo\u010d 6000 Nm<\/li>\n<li>Gedore 27mm , 33 mm<\/li>\n<\/ul>\n","protected":false},"excerpt":{"rendered":"<p>Razmerje prtvorbe ro\u010dnega dela na osovino 1 : 68 Mogo\u010da uporaba katerih koli nati\u010dnih klju\u010dev velikosti 1&#8243; Maksimalna mo\u010d 6000 Nm Gedore 27mm , 33 mm<\/p>\n","protected":false},"featured_media":4305,"template":"","meta":[],"_links":{"self":[{"href":"https:\/\/tigea-shop.si\/en\/wp-json\/wp\/v2\/product\/4304"}],"collection":[{"href":"https:\/\/tigea-shop.si\/en\/wp-json\/wp\/v2\/product"}],"about":[{"href":"https:\/\/tigea-shop.si\/en\/wp-json\/wp\/v2\/types\/product"}],"wp:featuredmedia":[{"embeddable":true,"href":"https:\/\/tigea-shop.si\/en\/wp-json\/wp\/v2\/media\/4305"}],"wp:attachment":[{"href":"https:\/\/tigea-shop.si\/en\/wp-json\/wp\/v2\/media?parent=4304"}],"curies":[{"name":"wp","href":"https:\/\/api.w.org\/{rel}","templated":true}]}}