{"id":4589,"date":"2025-12-22T17:57:23","date_gmt":"2025-12-22T16:57:23","guid":{"rendered":"https:\/\/tigea-shop.si\/?post_type=product&#038;p=4589"},"modified":"2025-12-22T17:57:23","modified_gmt":"2025-12-22T16:57:23","slug":"set-kavljev-in-strgal-za-odstranjevanje-tesnil","status":"publish","type":"product","link":"https:\/\/tigea-shop.si\/en\/izdelek\/set-kavljev-in-strgal-za-odstranjevanje-tesnil\/","title":{"rendered":"Set kavljev in strgal za odstranjevanje tesnil"},"content":{"rendered":"<p>Orodje za odstranjevanje O-obro\u010dev, oljnih tesnil in vseh vrst tesnil. Odli\u010dno za \u010di\u0161\u010denje tesnilnih sredstev s kovinskih delov. Ro\u010daji orodja so izdelani iz visokokakovostne nedrse\u010de plastike, ki zagotavlja varen oprijem in udobje pri delu.<\/p>\n<p>Parametri:<br \/>\n9 kosov v pakiranju.<br \/>\nMaterial: visokokakovostno jeklo, nedrse\u010da plastika<br \/>\nDol\u017eina orodja: 5 kosov &#8211; 260 mm, 4 kosi &#8211; 165 mm<br \/>\nDimenzije strgala (\u0161irina x debelina): 23 x 1,5 mm<\/p>\n","protected":false},"excerpt":{"rendered":"<p>Orodje za odstranjevanje O-obro\u010dev, oljnih tesnil in vseh vrst tesnil. Odli\u010dno za \u010di\u0161\u010denje tesnilnih sredstev s kovinskih delov. Ro\u010daji orodja so izdelani iz visokokakovostne nedrse\u010de plastike, ki zagotavlja varen oprijem in udobje pri delu. Parametri: 9 kosov v pakiranju. Material: visokokakovostno jeklo, nedrse\u010da plastika Dol\u017eina orodja: 5 kosov &#8211; 260 mm, 4 kosi &#8211; 165 &hellip; <br \/><a href=\"https:\/\/tigea-shop.si\/en\/izdelek\/set-kavljev-in-strgal-za-odstranjevanje-tesnil\/\" class=\"more-link\">Continue reading <span class=\"screen-reader-text\">Set kavljev in strgal za odstranjevanje tesnil<\/span><\/a><\/p>\n","protected":false},"featured_media":4591,"template":"","meta":[],"_links":{"self":[{"href":"https:\/\/tigea-shop.si\/en\/wp-json\/wp\/v2\/product\/4589"}],"collection":[{"href":"https:\/\/tigea-shop.si\/en\/wp-json\/wp\/v2\/product"}],"about":[{"href":"https:\/\/tigea-shop.si\/en\/wp-json\/wp\/v2\/types\/product"}],"wp:featuredmedia":[{"embeddable":true,"href":"https:\/\/tigea-shop.si\/en\/wp-json\/wp\/v2\/media\/4591"}],"wp:attachment":[{"href":"https:\/\/tigea-shop.si\/en\/wp-json\/wp\/v2\/media?parent=4589"}],"curies":[{"name":"wp","href":"https:\/\/api.w.org\/{rel}","templated":true}]}}