{"id":2185,"date":"2022-05-15T08:01:08","date_gmt":"2022-05-15T06:01:08","guid":{"rendered":"https:\/\/tigea-shop.si\/?post_type=product&#038;p=2185"},"modified":"2022-08-11T18:29:09","modified_gmt":"2022-08-11T16:29:09","slug":"stozcasta-scetka-za-kosilnice-na-nitko-demon","status":"publish","type":"product","link":"https:\/\/tigea-shop.si\/hr\/izdelek\/stozcasta-scetka-za-kosilnice-na-nitko-demon\/","title":{"rendered":"Sto\u017e\u010dasta \u0161\u010detka za kosilnice na nitko Demon"},"content":{"rendered":"<p>Sto\u017e\u010dasta \u0161\u010detka za kosilnico velja za univerzalen in visoko kakovosten pripomo\u010dek za \u010di\u0161\u010denje trdih povr\u0161in.<\/p>\n<p>Izdelana je iz najplemenitej\u0161ega jekla, zaradi sto\u017e\u010daste oblike pa je ta \u017ei\u010dna krta\u010da za kosilnico idealna za \u010di\u0161\u010denje cestnih.<\/p>\n<p>Sto\u017e\u010dasta \u017ei\u010dna krta\u010da je namenjena \u010di\u0161\u010denju trdih povr\u0161in, zato uporabe na marmorju in lesu ne priporo\u010damo. Odsvetujemo tudi \u010di\u0161\u010denje sten in zidov, ker lahko te po\u0161koduje. Pravzaprav vam svetujemo, da pred uporabo \u0161\u010detke \u010di\u0161\u010denje preizkusite na manj\u0161i povr\u0161ini in se tako prepri\u010date, da \u017ei\u010dna krta\u010da za kosilnico na izbranem materialu ne bo povzro\u010dila po\u0161kodb.<\/p>\n<p>\u017di\u010dna krta\u010da za kosilnico je naslednjih dimenzij:<\/p>\n<ul>\n<li>\u00a0notranji premer: 25,4 mm (standard)<\/li>\n<li>\u00a0premer: 200 mm<\/li>\n<li>\u00a0te\u017ea: 1070 g<\/li>\n<li>\u00a0\u0161tevilo vrtljajev: 10 000 RPM (v levo)<\/li>\n<li>\u00a0zahtevana mo\u010d motorja: 35 cc<\/li>\n<\/ul>\n<p>&nbsp;<\/p>\n","protected":false},"excerpt":{"rendered":"<p>Sto\u017e\u010dasta \u0161\u010detka za kosilnico velja za univerzalen in visoko kakovosten pripomo\u010dek za \u010di\u0161\u010denje trdih povr\u0161in. Izdelana je iz najplemenitej\u0161ega jekla, zaradi sto\u017e\u010daste oblike pa je ta \u017ei\u010dna krta\u010da za kosilnico idealna za \u010di\u0161\u010denje cestnih. Sto\u017e\u010dasta \u017ei\u010dna krta\u010da je namenjena \u010di\u0161\u010denju trdih povr\u0161in, zato uporabe na marmorju in lesu ne priporo\u010damo. Odsvetujemo tudi \u010di\u0161\u010denje sten in &hellip; <br \/><a href=\"https:\/\/tigea-shop.si\/hr\/izdelek\/stozcasta-scetka-za-kosilnice-na-nitko-demon\/\" class=\"more-link\">Continue reading <span class=\"screen-reader-text\">Sto\u017e\u010dasta \u0161\u010detka za kosilnice na nitko Demon<\/span><\/a><\/p>\n","protected":false},"featured_media":2186,"template":"","meta":[],"_links":{"self":[{"href":"https:\/\/tigea-shop.si\/hr\/wp-json\/wp\/v2\/product\/2185"}],"collection":[{"href":"https:\/\/tigea-shop.si\/hr\/wp-json\/wp\/v2\/product"}],"about":[{"href":"https:\/\/tigea-shop.si\/hr\/wp-json\/wp\/v2\/types\/product"}],"wp:featuredmedia":[{"embeddable":true,"href":"https:\/\/tigea-shop.si\/hr\/wp-json\/wp\/v2\/media\/2186"}],"wp:attachment":[{"href":"https:\/\/tigea-shop.si\/hr\/wp-json\/wp\/v2\/media?parent=2185"}],"curies":[{"name":"wp","href":"https:\/\/api.w.org\/{rel}","templated":true}]}}