{"id":2443,"date":"2022-09-02T15:17:52","date_gmt":"2022-09-02T13:17:52","guid":{"rendered":"https:\/\/tigea-shop.si\/?post_type=product&#038;p=2443"},"modified":"2022-09-02T15:31:54","modified_gmt":"2022-09-02T13:31:54","slug":"stol-oz-lezalnik-za-mehanike","status":"publish","type":"product","link":"https:\/\/tigea-shop.si\/hr\/izdelek\/stol-oz-lezalnik-za-mehanike\/","title":{"rendered":"Stol oz. le\u017ealnik za mehanike"},"content":{"rendered":"<p>&#8211; se lahko uporablja kot sede\u017e ali le\u017ealnik<br \/>\n&#8211; 6 koles za visoko nosilnost<br \/>\n&#8211; olaj\u0161a izvajanje vzdr\u017eevanj v servisnih delih<br \/>\n&#8211; najve\u010dja te\u017ea (le\u017ealnik): 130 kg<br \/>\n&#8211; v sede\u010dem polo\u017eaju: 130 kg<br \/>\n&#8211; dimenzije: 930 x 420 x 120 mm<\/p>\n<p>&#8211;<span class=\"dictionary__name_txt\">Mere sede\u017ea :<\/span>470 x 320 x 375 mm<\/p>\n<p>&#8211; jekleno ogrodje<\/p>\n","protected":false},"excerpt":{"rendered":"<p>&#8211; se lahko uporablja kot sede\u017e ali le\u017ealnik &#8211; 6 koles za visoko nosilnost &#8211; olaj\u0161a izvajanje vzdr\u017eevanj v servisnih delih &#8211; najve\u010dja te\u017ea (le\u017ealnik): 130 kg &#8211; v sede\u010dem polo\u017eaju: 130 kg &#8211; dimenzije: 930 x 420 x 120 mm &#8211;Mere sede\u017ea :470 x 320 x 375 mm &#8211; jekleno ogrodje<\/p>\n","protected":false},"featured_media":2449,"template":"","meta":[],"_links":{"self":[{"href":"https:\/\/tigea-shop.si\/hr\/wp-json\/wp\/v2\/product\/2443"}],"collection":[{"href":"https:\/\/tigea-shop.si\/hr\/wp-json\/wp\/v2\/product"}],"about":[{"href":"https:\/\/tigea-shop.si\/hr\/wp-json\/wp\/v2\/types\/product"}],"wp:featuredmedia":[{"embeddable":true,"href":"https:\/\/tigea-shop.si\/hr\/wp-json\/wp\/v2\/media\/2449"}],"wp:attachment":[{"href":"https:\/\/tigea-shop.si\/hr\/wp-json\/wp\/v2\/media?parent=2443"}],"curies":[{"name":"wp","href":"https:\/\/api.w.org\/{rel}","templated":true}]}}