{"id":2452,"date":"2022-09-02T15:29:54","date_gmt":"2022-09-02T13:29:54","guid":{"rendered":"https:\/\/tigea-shop.si\/?post_type=product&#038;p=2452"},"modified":"2022-09-02T15:29:54","modified_gmt":"2022-09-02T13:29:54","slug":"stol-redats","status":"publish","type":"product","link":"https:\/\/tigea-shop.si\/hr\/izdelek\/stol-redats\/","title":{"rendered":"Stol -Redats"},"content":{"rendered":"<div class=\"dictionary__param row mb-2\">\n<div class=\"dictionary__name col-6 d-flex align-items-center justify-content-end\"><span class=\"dictionary__name_txt\"><span>\u0160tevilo koles-<\/span><\/span>5 vrtljivih za 360\u00b0<\/div>\n<\/div>\n<div class=\"dictionary__param row mb-2\">\n<div class=\"dictionary__name col-6 d-flex align-items-center justify-content-end\"><span class=\"dictionary__name_txt\"><span>maksimalna zmogljivost-<\/span><\/span>150 kg<\/div>\n<\/div>\n<div class=\"dictionary__param row mb-2\">\n<div class=\"dictionary__name col-6 d-flex align-items-center justify-content-end\"><span class=\"dictionary__name_txt\"><span>Vi\u0161ina stol\u010dka-<\/span><\/span>400 &#8211; 510 mm<\/div>\n<\/div>\n<div class=\"dictionary__param row mb-2\">\n<div class=\"dictionary__name col-6 d-flex align-items-center justify-content-end\"><span class=\"dictionary__name_txt\"><span>Premer kolesa-<\/span><\/span>61 mm<\/div>\n<\/div>\n<div class=\"dictionary__param row mb-2\">\n<div class=\"dictionary__name col-6 d-flex align-items-center justify-content-end\"><span class=\"dictionary__name_txt\"><span>Premer police-<\/span><\/span>385 mm<\/div>\n<\/div>\n<div class=\"dictionary__param row mb-2\">\n<div class=\"dictionary__name col-6 d-flex align-items-center justify-content-end\"><span class=\"dictionary__name_txt\"><span>te\u017ea-<\/span><\/span>5,5 kg<\/div>\n<\/div>\n<div class=\"dictionary__param row mb-2\">\n<div class=\"dictionary__name col-6 d-flex align-items-center justify-content-end\"><span class=\"dictionary__name_txt\"><span>Premer sede\u017ea-<\/span><\/span>300 mm<\/div>\n<\/div>\n","protected":false},"excerpt":{"rendered":"<p>\u0160tevilo koles-5 vrtljivih za 360\u00b0 maksimalna zmogljivost-150 kg Vi\u0161ina stol\u010dka-400 &#8211; 510 mm Premer kolesa-61 mm Premer police-385 mm te\u017ea-5,5 kg Premer sede\u017ea-300 mm<\/p>\n","protected":false},"featured_media":2453,"template":"","meta":[],"_links":{"self":[{"href":"https:\/\/tigea-shop.si\/hr\/wp-json\/wp\/v2\/product\/2452"}],"collection":[{"href":"https:\/\/tigea-shop.si\/hr\/wp-json\/wp\/v2\/product"}],"about":[{"href":"https:\/\/tigea-shop.si\/hr\/wp-json\/wp\/v2\/types\/product"}],"wp:featuredmedia":[{"embeddable":true,"href":"https:\/\/tigea-shop.si\/hr\/wp-json\/wp\/v2\/media\/2453"}],"wp:attachment":[{"href":"https:\/\/tigea-shop.si\/hr\/wp-json\/wp\/v2\/media?parent=2452"}],"curies":[{"name":"wp","href":"https:\/\/api.w.org\/{rel}","templated":true}]}}