{"id":2464,"date":"2022-09-03T09:06:39","date_gmt":"2022-09-03T07:06:39","guid":{"rendered":"https:\/\/tigea-shop.si\/?post_type=product&#038;p=2464"},"modified":"2022-09-03T09:06:39","modified_gmt":"2022-09-03T07:06:39","slug":"stena-za-orodje-120x90cm","status":"publish","type":"product","link":"https:\/\/tigea-shop.si\/hr\/izdelek\/stena-za-orodje-120x90cm\/","title":{"rendered":"STENA ZA ORODJE 120X90CM"},"content":{"rendered":"<p>Vise\u010da stena za orodje je odli\u010den na\u010din za izkori\u0161\u010denje\u00a0 prostora in spremljanje orodij in delov. Prakti\u010den komplet za shranjevanje potrebne opreme za\u00a0 va\u0161o delavnico, skladi\u0161\u010de, gara\u017eo ali tehni\u010dni prostor.<\/p>\n<p>Stene za orodje so prakti\u010dne, trpe\u017ene in zahvaljujo\u010d njim boste vedno vedeli, kje je kaj shranjeno. Odlikujejo jih tudi enostavna monta\u017ea in mo\u017enost prilagajanja map in nosilcev na steni.<\/p>\n<p><strong>Stena vsebuje police in dr\u017ealo orodja.\u00a0<\/strong><strong>Orodje ni del paketa<\/strong><\/p>\n<p><strong>Paket vsebuje:<\/strong><\/p>\n<p>3x plo\u0161\u010da 400 x 595 x 25mm<br \/>\n2x plo\u0161\u010da 300 x 595 x 25mm<br \/>\n10 x \u0161katla 90 x 92 x 42mm<br \/>\n20x \u0161katla\u00a0 170 x 90 65mm<br \/>\n4x kavelj 120mm<br \/>\n4x kavelj 86mm<br \/>\n4x kavelj 67mm<br \/>\n1x dr\u017ealo (vrtaljnik, kju\u010d&#8230;)<br \/>\n2x dr\u017ealo za izvija\u010de<br \/>\n2x dr\u017ealo za klju\u010de<br \/>\n2x dvojni obe\u0161alnik<br \/>\n1x okrogli obe\u0161alnik<br \/>\nKomplet vijakov in matic za pritrditev na steno<\/p>\n","protected":false},"excerpt":{"rendered":"<p>Vise\u010da stena za orodje je odli\u010den na\u010din za izkori\u0161\u010denje\u00a0 prostora in spremljanje orodij in delov. Prakti\u010den komplet za shranjevanje potrebne opreme za\u00a0 va\u0161o delavnico, skladi\u0161\u010de, gara\u017eo ali tehni\u010dni prostor. Stene za orodje so prakti\u010dne, trpe\u017ene in zahvaljujo\u010d njim boste vedno vedeli, kje je kaj shranjeno. Odlikujejo jih tudi enostavna monta\u017ea in mo\u017enost prilagajanja map in &hellip; <br \/><a href=\"https:\/\/tigea-shop.si\/hr\/izdelek\/stena-za-orodje-120x90cm\/\" class=\"more-link\">Continue reading <span class=\"screen-reader-text\">STENA ZA ORODJE 120X90CM<\/span><\/a><\/p>\n","protected":false},"featured_media":2465,"template":"","meta":[],"_links":{"self":[{"href":"https:\/\/tigea-shop.si\/hr\/wp-json\/wp\/v2\/product\/2464"}],"collection":[{"href":"https:\/\/tigea-shop.si\/hr\/wp-json\/wp\/v2\/product"}],"about":[{"href":"https:\/\/tigea-shop.si\/hr\/wp-json\/wp\/v2\/types\/product"}],"wp:featuredmedia":[{"embeddable":true,"href":"https:\/\/tigea-shop.si\/hr\/wp-json\/wp\/v2\/media\/2465"}],"wp:attachment":[{"href":"https:\/\/tigea-shop.si\/hr\/wp-json\/wp\/v2\/media?parent=2464"}],"curies":[{"name":"wp","href":"https:\/\/api.w.org\/{rel}","templated":true}]}}