{"id":2927,"date":"2023-01-18T18:54:22","date_gmt":"2023-01-18T17:54:22","guid":{"rendered":"https:\/\/tigea-shop.si\/?post_type=product&#038;p=2927"},"modified":"2023-06-06T14:52:52","modified_gmt":"2023-06-06T12:52:52","slug":"univerzalni-vozicek-s-3-policami","status":"publish","type":"product","link":"https:\/\/tigea-shop.si\/hr\/izdelek\/univerzalni-vozicek-s-3-policami\/","title":{"rendered":"Univerzalni vozi\u010dek s 3 policami"},"content":{"rendered":"<p>Troslojni univerzalni vozi\u010dek za orodje je zelo primeren za notranji transport opreme, orodja in delov. <strong>Robusten vozi\u010dek za orodje<\/strong>\u00a0je name\u0161\u010den na \u0161tirih visokokakovostnih kolesih. Vozi\u010dek je\u00a0<strong>izdelan iz 1 mm plo\u010devine s pra\u0161nim premazom<\/strong>,\u00a0<strong>odpornim na udarce in praske<\/strong>.<\/p>\n<p>Univerzalni vozi\u010dek za orodje ima dve fiksni kolesi in dve vrtljivi kolesi.<\/p>\n<ul>\n<li>Trden ro\u010daj.<\/li>\n<li>Opremljen s pra\u0161kastim lakom, odpornim na praske in udarce.<\/li>\n<li><strong>2 fiksni kolesi, 2 vrtljivi kolesi.<\/strong><\/li>\n<li>Vsaka polica ima protizdrsno podlogo.<\/li>\n<li>Obremenitvena kapaciteta (maksimum): 100 kg<\/li>\n<li>Velikost gum: \u00d8 9,5 cm<\/li>\n<li>Dimenzije polic: 765 x 410 mm<\/li>\n<li>Dimenzije: 840 x 410 x 780 mm<\/li>\n<li>\u0160tevilo polic: 3 x<\/li>\n<\/ul>\n","protected":false},"excerpt":{"rendered":"<p>Troslojni univerzalni vozi\u010dek za orodje je zelo primeren za notranji transport opreme, orodja in delov. Robusten vozi\u010dek za orodje\u00a0je name\u0161\u010den na \u0161tirih visokokakovostnih kolesih. Vozi\u010dek je\u00a0izdelan iz 1 mm plo\u010devine s pra\u0161nim premazom,\u00a0odpornim na udarce in praske. Univerzalni vozi\u010dek za orodje ima dve fiksni kolesi in dve vrtljivi kolesi. Trden ro\u010daj. Opremljen s pra\u0161kastim lakom, &hellip; <br \/><a href=\"https:\/\/tigea-shop.si\/hr\/izdelek\/univerzalni-vozicek-s-3-policami\/\" class=\"more-link\">Continue reading <span class=\"screen-reader-text\">Univerzalni vozi\u010dek s 3 policami<\/span><\/a><\/p>\n","protected":false},"featured_media":2928,"template":"","meta":[],"_links":{"self":[{"href":"https:\/\/tigea-shop.si\/hr\/wp-json\/wp\/v2\/product\/2927"}],"collection":[{"href":"https:\/\/tigea-shop.si\/hr\/wp-json\/wp\/v2\/product"}],"about":[{"href":"https:\/\/tigea-shop.si\/hr\/wp-json\/wp\/v2\/types\/product"}],"wp:featuredmedia":[{"embeddable":true,"href":"https:\/\/tigea-shop.si\/hr\/wp-json\/wp\/v2\/media\/2928"}],"wp:attachment":[{"href":"https:\/\/tigea-shop.si\/hr\/wp-json\/wp\/v2\/media?parent=2927"}],"curies":[{"name":"wp","href":"https:\/\/api.w.org\/{rel}","templated":true}]}}