{"id":3251,"date":"2023-05-11T20:46:01","date_gmt":"2023-05-11T18:46:01","guid":{"rendered":"https:\/\/tigea-shop.si\/?post_type=product&#038;p=3251"},"modified":"2023-05-11T20:46:02","modified_gmt":"2023-05-11T18:46:02","slug":"otroska-vrtna-hisa","status":"publish","type":"product","link":"https:\/\/tigea-shop.si\/hr\/izdelek\/otroska-vrtna-hisa\/","title":{"rendered":"Otro\u0161ka vrtna hi\u0161a"},"content":{"rendered":"<p><strong>Vrtna hi\u0161ica My First Playhouse\u00a0<\/strong>mad\u017earskega proizvajalca\u00a0<strong>Doh\u00e1ny\u00a0<\/strong>predstavlja kakovostno igralno hi\u0161ko, ki bo prevzela de\u010dke tudi deklice\u00a0<strong>od 2. leta starosti\u00a0<\/strong>dalje, \u017ee na prvi pogled. Stilska hi\u0161ka je zasnovana v\u00a0<strong>rde\u010di<\/strong>,\u00a0<strong>rumeni\u00a0<\/strong>in\u00a0<strong>modri\u00a0<\/strong>barvni kombinaciji, te barve pa v otrocih spodbujajo ustvarjalnost in predstavnost. Hi\u0161ica je proizvedena iz kakovostne in trpe\u017ene umetne mase, na sprednjem delu hi\u0161ke so\u00a0<strong>rumena polovi\u010dna vrata z odprtino za po\u0161tarjeva pisma\u00a0<\/strong>in odprtino v obliki\u00a0<strong>klju\u010da<\/strong>. Modre stene hi\u0161ke imajo realisti\u010dni relief, ki spominja na gradbeni material \u2013\u00a0<strong>les in kamen<\/strong>, zahvaljujo\u010d \u010demur bodo imeli otroci ob\u010dutek, da so v pravi hi\u0161ki. Hi\u0161ko lahko uporabljate\u00a0<strong>v notranjih in zunanjih prostorih<\/strong>, s \u010dimer je njena uporabnost\u00a0<strong>celoletna<\/strong>.<\/p>\n<p>Hi\u0161ica Doh\u00e1ny se namesti in zlo\u017ei na zelo preprost na\u010din. Ko jo sestavite ne bo zavzela veliko prostora, vsi robovi pa so zaradi varnosti otrok zaobljeni. Hi\u0161ka je primerna za igre ve\u010d otrok, ki bodo zahvaljujo\u010d njej razvijali svoje\u00a0<strong>komunikacijske spretnosti<\/strong>, z igro pa posnemali odrasle. Mere hi\u0161ice zna\u0161ajo\u00a0<strong>106*98*90 cm<\/strong>, kjer je skupna vi\u0161ina hi\u0161ice\u00a0<strong>106 cm<\/strong>.\u00a0Doh\u00e1ny je priznani\u00a0<strong>evropski proizvajalec<\/strong>, ki pri izdelavi igra\u010d\u00a0<strong>posve\u010da ogromno pozornost kakovosti in varnosti<\/strong>.<\/p>\n","protected":false},"excerpt":{"rendered":"<p>Vrtna hi\u0161ica My First Playhouse\u00a0mad\u017earskega proizvajalca\u00a0Doh\u00e1ny\u00a0predstavlja kakovostno igralno hi\u0161ko, ki bo prevzela de\u010dke tudi deklice\u00a0od 2. leta starosti\u00a0dalje, \u017ee na prvi pogled. Stilska hi\u0161ka je zasnovana v\u00a0rde\u010di,\u00a0rumeni\u00a0in\u00a0modri\u00a0barvni kombinaciji, te barve pa v otrocih spodbujajo ustvarjalnost in predstavnost. Hi\u0161ica je proizvedena iz kakovostne in trpe\u017ene umetne mase, na sprednjem delu hi\u0161ke so\u00a0rumena polovi\u010dna vrata z odprtino &hellip; <br \/><a href=\"https:\/\/tigea-shop.si\/hr\/izdelek\/otroska-vrtna-hisa\/\" class=\"more-link\">Continue reading <span class=\"screen-reader-text\">Otro\u0161ka vrtna hi\u0161a<\/span><\/a><\/p>\n","protected":false},"featured_media":3252,"template":"","meta":[],"_links":{"self":[{"href":"https:\/\/tigea-shop.si\/hr\/wp-json\/wp\/v2\/product\/3251"}],"collection":[{"href":"https:\/\/tigea-shop.si\/hr\/wp-json\/wp\/v2\/product"}],"about":[{"href":"https:\/\/tigea-shop.si\/hr\/wp-json\/wp\/v2\/types\/product"}],"wp:featuredmedia":[{"embeddable":true,"href":"https:\/\/tigea-shop.si\/hr\/wp-json\/wp\/v2\/media\/3252"}],"wp:attachment":[{"href":"https:\/\/tigea-shop.si\/hr\/wp-json\/wp\/v2\/media?parent=3251"}],"curies":[{"name":"wp","href":"https:\/\/api.w.org\/{rel}","templated":true}]}}