{"id":3570,"date":"2023-10-21T17:51:50","date_gmt":"2023-10-21T15:51:50","guid":{"rendered":"https:\/\/tigea-shop.si\/?post_type=product&#038;p=3570"},"modified":"2023-10-21T17:51:50","modified_gmt":"2023-10-21T15:51:50","slug":"reducirni-nastavki-udarni-8-delni","status":"publish","type":"product","link":"https:\/\/tigea-shop.si\/hr\/izdelek\/reducirni-nastavki-udarni-8-delni\/","title":{"rendered":"Reducirni nastavki, udarni 8 delni"},"content":{"rendered":"<p>Komplet 8 robustnih udarnih adapterjev. Redukcije imajo prostor za zati\u010d in zaklepni obro\u010d. Idealen za delo pod velikimi obremenitvami v doma\u010di delavnici kot tudi za profesionalno uporabo.<\/p>\n<p>dimenzije:<\/p>\n<p>1\/4&#8243; x 3\/8&#8243;<\/p>\n<p>3\/8&#8243; x 1\/2&#8243;<\/p>\n<p>1\/2&#8243; x 3\/4&#8243;<\/p>\n<p>3\/4&#8243; x 1&#8243;<\/p>\n<p>3\/8&#8243; x 1\/4&#8243;<\/p>\n<p>1\/2&#8243; x 3\/8&#8243;<\/p>\n<p>3\/4&#8243; x1\/2&#8243;<\/p>\n<p>1&#8243; x 3\/4&#8243;<\/p>\n","protected":false},"excerpt":{"rendered":"<p>Komplet 8 robustnih udarnih adapterjev. Redukcije imajo prostor za zati\u010d in zaklepni obro\u010d. Idealen za delo pod velikimi obremenitvami v doma\u010di delavnici kot tudi za profesionalno uporabo. dimenzije: 1\/4&#8243; x 3\/8&#8243; 3\/8&#8243; x 1\/2&#8243; 1\/2&#8243; x 3\/4&#8243; 3\/4&#8243; x 1&#8243; 3\/8&#8243; x 1\/4&#8243; 1\/2&#8243; x 3\/8&#8243; 3\/4&#8243; x1\/2&#8243; 1&#8243; x 3\/4&#8243;<\/p>\n","protected":false},"featured_media":3571,"template":"","meta":[],"_links":{"self":[{"href":"https:\/\/tigea-shop.si\/hr\/wp-json\/wp\/v2\/product\/3570"}],"collection":[{"href":"https:\/\/tigea-shop.si\/hr\/wp-json\/wp\/v2\/product"}],"about":[{"href":"https:\/\/tigea-shop.si\/hr\/wp-json\/wp\/v2\/types\/product"}],"wp:featuredmedia":[{"embeddable":true,"href":"https:\/\/tigea-shop.si\/hr\/wp-json\/wp\/v2\/media\/3571"}],"wp:attachment":[{"href":"https:\/\/tigea-shop.si\/hr\/wp-json\/wp\/v2\/media?parent=3570"}],"curies":[{"name":"wp","href":"https:\/\/api.w.org\/{rel}","templated":true}]}}