{"id":3847,"date":"2024-02-24T16:27:09","date_gmt":"2024-02-24T15:27:09","guid":{"rendered":"https:\/\/tigea-shop.si\/?post_type=product&#038;p=3847"},"modified":"2024-02-24T16:27:09","modified_gmt":"2024-02-24T15:27:09","slug":"univerzalni-komplet-za-namescanje-in-odstranjevanje-pus-in-lezajev","status":"publish","type":"product","link":"https:\/\/tigea-shop.si\/hr\/izdelek\/univerzalni-komplet-za-namescanje-in-odstranjevanje-pus-in-lezajev\/","title":{"rendered":"Univerzalni komplet za name\u0161\u010danje in odstranjevanje pu\u0161 in le\u017eajev"},"content":{"rendered":"<p>Komplet za monta\u017eo in demonta\u017eo le\u017eajev in pu\u0161. Vklju\u010dene so vija\u010dne stiskalnice in adapterji. Vse v elegantnem kov\u010dku.<\/p>\n<ul>\n<li>Notranji adapterji: 34-80mm<\/li>\n<li>Zunanji adapterji: 44-90mm<\/li>\n<li>Velikosti: M10, M12, M14, M16, M18<\/li>\n<\/ul>\n","protected":false},"excerpt":{"rendered":"<p>Komplet za monta\u017eo in demonta\u017eo le\u017eajev in pu\u0161. Vklju\u010dene so vija\u010dne stiskalnice in adapterji. Vse v elegantnem kov\u010dku. Notranji adapterji: 34-80mm Zunanji adapterji: 44-90mm Velikosti: M10, M12, M14, M16, M18<\/p>\n","protected":false},"featured_media":3848,"template":"","meta":[],"_links":{"self":[{"href":"https:\/\/tigea-shop.si\/hr\/wp-json\/wp\/v2\/product\/3847"}],"collection":[{"href":"https:\/\/tigea-shop.si\/hr\/wp-json\/wp\/v2\/product"}],"about":[{"href":"https:\/\/tigea-shop.si\/hr\/wp-json\/wp\/v2\/types\/product"}],"wp:featuredmedia":[{"embeddable":true,"href":"https:\/\/tigea-shop.si\/hr\/wp-json\/wp\/v2\/media\/3848"}],"wp:attachment":[{"href":"https:\/\/tigea-shop.si\/hr\/wp-json\/wp\/v2\/media?parent=3847"}],"curies":[{"name":"wp","href":"https:\/\/api.w.org\/{rel}","templated":true}]}}