{"id":4294,"date":"2025-02-05T11:14:23","date_gmt":"2025-02-05T10:14:23","guid":{"rendered":"https:\/\/tigea-shop.si\/?post_type=product&#038;p=4294"},"modified":"2025-02-05T11:14:23","modified_gmt":"2025-02-05T10:14:23","slug":"komplet-merilnikov-pretoka-goriva-z-adapterji-za-6-valjne-motorje","status":"publish","type":"product","link":"https:\/\/tigea-shop.si\/hr\/izdelek\/komplet-merilnikov-pretoka-goriva-z-adapterji-za-6-valjne-motorje\/","title":{"rendered":"Komplet merilnikov pretoka goriva z adapterji za 6 valjne motorje"},"content":{"rendered":"<p>Primerno za injektorje Bosch, Delphi, Denso in Siemens.<\/p>\n<p><strong>Vsebina<\/strong><\/p>\n<ul>\n<li>6x velikih merilnih skodelic s cevmi z zaklju\u010dki<\/li>\n<li>6x majhnih merilnih skodelic<\/li>\n<li>6x priklju\u010dkov za sisteme Delphi<\/li>\n<li>6x priklju\u010dkov za sisteme Denso<\/li>\n<li>6x priklju\u010dkov za sisteme Siemens<\/li>\n<li>6x priklju\u010dkov za sisteme Bosch<\/li>\n<\/ul>\n","protected":false},"excerpt":{"rendered":"<p>Primerno za injektorje Bosch, Delphi, Denso in Siemens. Vsebina 6x velikih merilnih skodelic s cevmi z zaklju\u010dki 6x majhnih merilnih skodelic 6x priklju\u010dkov za sisteme Delphi 6x priklju\u010dkov za sisteme Denso 6x priklju\u010dkov za sisteme Siemens 6x priklju\u010dkov za sisteme Bosch<\/p>\n","protected":false},"featured_media":4295,"template":"","meta":[],"_links":{"self":[{"href":"https:\/\/tigea-shop.si\/hr\/wp-json\/wp\/v2\/product\/4294"}],"collection":[{"href":"https:\/\/tigea-shop.si\/hr\/wp-json\/wp\/v2\/product"}],"about":[{"href":"https:\/\/tigea-shop.si\/hr\/wp-json\/wp\/v2\/types\/product"}],"wp:featuredmedia":[{"embeddable":true,"href":"https:\/\/tigea-shop.si\/hr\/wp-json\/wp\/v2\/media\/4295"}],"wp:attachment":[{"href":"https:\/\/tigea-shop.si\/hr\/wp-json\/wp\/v2\/media?parent=4294"}],"curies":[{"name":"wp","href":"https:\/\/api.w.org\/{rel}","templated":true}]}}