{"id":4731,"date":"2026-02-05T16:40:34","date_gmt":"2026-02-05T15:40:34","guid":{"rendered":"https:\/\/tigea-shop.si\/?post_type=product&#038;p=4731"},"modified":"2026-02-16T06:40:31","modified_gmt":"2026-02-16T05:40:31","slug":"vozicek-z-orodjem-primeutensili-13-10","status":"publish","type":"product","link":"https:\/\/tigea-shop.si\/hr\/izdelek\/vozicek-z-orodjem-primeutensili-13-10\/","title":{"rendered":"Vozi\u010dek z orodjem PrimeUtensili 13\/10"},"content":{"rendered":"<p>Vozi\u010dek iz jeklene konstrukcije, debelina okvirja 1mm, 0,8 mm debelina plo\u010devine .<\/p>\n<p>2 kos vrtljiva kolesa fi 130\u00d750 mm z zavoro in 2 kos fiksna kolesa fi 130\u00d750 mm, 3 mm za\u0161\u010ditna podloga v predalih, udoben ro\u010daj za premikanje, na vrhu delovna plo\u0161\u010da MDF ( mediapan plo\u0161\u010da ). 12 predalov \u0160irina Vi\u0161ina Globina<\/p>\n<p>1 kos 95cm 11 cm 41cm<\/p>\n<p>6 kos 59cm 8 cm 41cm<\/p>\n<p>1 kos 59cm 13.5cm 41cm<\/p>\n<p>1 kos 30cm 11 cm 41cm<\/p>\n<p>4 kos 30cm 8 cm 41cm<\/p>\n<p>1 kos 30cm 29.5cm 41cm<\/p>\n<p>predal 1<\/p>\n<p>13 x 1\/4\u2033 vti\u010dnice: 4-4,5-5-5,5-6-7-8-9-10-11-12-13-14 mm<br \/>\n1 x 1\/4\u2033 univerzalni zglob<br \/>\n1 x 1\/4\u2033 podalj\u0161ek 2\u2033<br \/>\n1 x 1\/4\u2033 podalj\u0161ek 4\u2033<br \/>\n1 x 1\/4\u2033 T-ro\u010daj<br \/>\n1 x 1\/4\u2033 vti\u010dni ro\u010daj<br \/>\n17 x 3\/8\u2033 nastavki: 6-7-8-9-10-11-12-13-14-15-16-17-18-19-20-21-22 mm<br \/>\n2 x 3\/8\u2033 nastavek za v\u017eigalne sve\u010dke: 16-21 mm<br \/>\n1 x 3\/8\u2033 univerzalni zglob<br \/>\n1 x 3\/8\u2033 podalj\u0161ek 3\u2033 1<br \/>\nx 3\/8 \u2033 raz\u0161iritev 6 \u2033<br \/>\n1 x 3\/8 \u2033 T-Handle<br \/>\n1 x 3\/8 \u2033 sklopka<br \/>\n1 x 1\/2 \u2033 Univerzalni sklep<br \/>\n1 x 1\/2 \u2033 raz\u0161iritev 3 \u2033<br \/>\n1 x 1\/2 \u2033 podalj\u0161ek 6 \u2033<br \/>\n1 x 1\/2 \u2033 T-Handle<br \/>\n3 x ratchets (fino zobat) 1\/4 \u2033 -1\/2 \u2033 1\/2\u00a0X Vti\u010dnica z matico za matico 17-19-21-22 mm<br \/>\n24\u00a0x 8 mm bita: SL8-10-12, PH3-4, PZ3-4, T40-45-50-55-60-70, H7-8-10-12-14, TT40-45-50-55-60-70 z luknjo\u00a048 1\/4\u2033 nastavkov: SL4-SL5.5-SL6.5-SL7;PH0-PH1-PH2-PH3;PZ0-PZ1-PZ2-PZ3;T8-T9-T10-T15-T20-T25-T27-T30-T40;TT8-TT9-TT10- TT15-TT20-TT25-TT27-TT30-TT40;TTS10-TTS15-TTS20-TTS25-TTS27-TTS30-TTS40-TTS45-TTS50;M8-M10-M12;H3-H4-H5-H6-H7-H8\u00a018 x 1\/2\u2033 nastavki: H14-H17-H19-M18*55L;R9-M9*100L;M16*100L;T80*100L;T40-T45-T50-T55-T60-T70*140L;R10*140L;M10-M12-M14*140L\u00a09 x imbus klju\u010di: 1,5-2-2,5-3 -4-5-6-8-10 mm\u00a09 x imbus klju\u010di: T10-T15-T20-T25-T27-T30-T40-T45-T50 z luknjo<\/p>\n<p>predal 2<\/p>\n<p>21 x vili\u010dasti klju\u010di: 6-7-8-9-10-11-12-13-14-15-16-17-18-19-20-21-22-24-27-30-32 mm<br \/>\n9 x klju\u010di z ragljo: 8-9-10-11-12-13-14-17-19 mm<br \/>\n1 x nastavljivi klju\u010d 8\u2033<\/p>\n<p>predal 3<\/p>\n<p>7 x kri\u017eni izvija\u010di: PH2*38 PH0*75 PH1*75 PH2*100 PH2*125 PH3*150 PH3*175<br \/>\n7 x utorni izvija\u010di: SL6*38 SL3*75 SL5*75 SL6*100 SL6*125 SL8*150 SL8*175<br \/>\n7 x izvija\u010di: SL6*38 PH 2*38 SL5*100 PH1*100 SL6*100 SL6*150 SL8*150 PH3*150<\/p>\n<p>predal 4<\/p>\n<p>9 x imbus klju\u010di z ro\u010dajem: H2*100,;H2,5*100; H3*100; H4*150; H5*150; H6*150; H10*200; H7*150; H8*200<br \/>\n9 x inbus klju\u010d z ro\u010dajem: T25*125; T20*100; T15*100; T27*150; T10*100; T50*200; T30*150; T45*200; T40*150<\/p>\n<p>predal 5<\/p>\n<p>1 x 8\u2033 kombinirane kle\u0161\u010de<br \/>\n1 x 8\u2033 igelne kle\u0161\u010de<br \/>\n1 x 7,5\u2033<br \/>\nkle\u0161\u010de za vodno \u010drpalko 1 x 10<br \/>\n\u201d kle\u0161\u010de za oprijem<br \/>\n1 x \u010deljust 0 \u2013 150 mm<br \/>\n4 x 6\u2033 kle\u0161\u010de z zasko\u010dnimi obro\u010dki: ravne zunaj, ravne znotraj, ukrivljene znotraj<br \/>\n1 x teleskopski magnet<br \/>\n1 3 m merilni trak<\/p>\n<p>predal 6<\/p>\n<p>12 x vili\u010dasti klju\u010di: 6*7,8*9,10*11,12*13,14*15,16*17,18*19,20*22,21*23,22-24,24-27,30-32 mm 13<br \/>\nx nasadni klju\u010di: T8-T10-T15-T20-T25-T27-T30-T 40-T45-T50-T55-T60-T70<\/p>\n<p>predal 7<\/p>\n<p>1 x kladivo DIN1041 z lesenim ro\u010dajem<br \/>\n1 x plasti\u010dno kladivo<br \/>\n18 x dleta in luknja\u010di<\/p>\n<p>predal 8<\/p>\n<p>1 x 6\u2033 kombinirane kle\u0161\u010de VDE<br \/>\n1 x 6\u2033 VDE igle kle\u0161\u010de<br \/>\n1 x 6\u2033 VDE stranski rezalniki<br \/>\n1 x 6\u2033 VDE odstranjevalci \u017eice<br \/>\n1 x 6\u2033 VDE elektri\u010darske kle\u0161\u010de<\/p>\n<p>predal 9<\/p>\n<p>7 x VDE izvija\u010di: PH0*75, PH1*80, PH2*100, SL3*75mm, SL4*100mm, SL5.5*125mm, SL6.5*150 mm<\/p>\n<p>predal 10<\/p>\n<p>1 x plo\u0161\u010data topa pila<br \/>\n1 x okrogla pila<br \/>\n1 x polokrogla pila<br \/>\n1 x trikotna pila<br \/>\n1 x kvadratna pila<\/p>\n","protected":false},"excerpt":{"rendered":"<p>Vozi\u010dek iz jeklene konstrukcije, debelina okvirja 1mm, 0,8 mm debelina plo\u010devine . 2 kos vrtljiva kolesa fi 130\u00d750 mm z zavoro in 2 kos fiksna kolesa fi 130\u00d750 mm, 3 mm za\u0161\u010ditna podloga v predalih, udoben ro\u010daj za premikanje, na vrhu delovna plo\u0161\u010da MDF ( mediapan plo\u0161\u010da ). 12 predalov \u0160irina Vi\u0161ina Globina 1 kos &hellip; <br \/><a href=\"https:\/\/tigea-shop.si\/hr\/izdelek\/vozicek-z-orodjem-primeutensili-13-10\/\" class=\"more-link\">Continue reading <span class=\"screen-reader-text\">Vozi\u010dek z orodjem PrimeUtensili 13\/10<\/span><\/a><\/p>\n","protected":false},"featured_media":4732,"template":"","meta":[],"_links":{"self":[{"href":"https:\/\/tigea-shop.si\/hr\/wp-json\/wp\/v2\/product\/4731"}],"collection":[{"href":"https:\/\/tigea-shop.si\/hr\/wp-json\/wp\/v2\/product"}],"about":[{"href":"https:\/\/tigea-shop.si\/hr\/wp-json\/wp\/v2\/types\/product"}],"wp:featuredmedia":[{"embeddable":true,"href":"https:\/\/tigea-shop.si\/hr\/wp-json\/wp\/v2\/media\/4732"}],"wp:attachment":[{"href":"https:\/\/tigea-shop.si\/hr\/wp-json\/wp\/v2\/media?parent=4731"}],"curies":[{"name":"wp","href":"https:\/\/api.w.org\/{rel}","templated":true}]}}