{"id":1534,"date":"2021-02-03T20:56:50","date_gmt":"2021-02-03T19:56:50","guid":{"rendered":"https:\/\/tigea-shop.si\/?post_type=product&#038;p=1534"},"modified":"2022-08-11T18:36:03","modified_gmt":"2022-08-11T16:36:03","slug":"snemalec-hidravlicni-abciger-10ton","status":"publish","type":"product","link":"https:\/\/tigea-shop.si\/hu\/izdelek\/snemalec-hidravlicni-abciger-10ton\/","title":{"rendered":"Snemalec \u2013 hidravli\u010dni Abciger 10Ton"},"content":{"rendered":"<h3 class=\"title\">Opis produkta<\/h3>\n<p>Hidravli\u010dni abciger oziroma izvleka\u010di z zmogljvistjo 10 ton se uporabljajo za monta\u017eo in demonta\u017eo le\u017eajev, jermenic, spojev ter zobnikov.<\/p>\n<p>Lastnosti:<\/p>\n<p>Zlo\u017eeno v priro\u010dnem kov\u010dku<\/p>\n<p>Vle\u010dna sila: 10 ton<\/p>\n<p>Razmik stopal: 250 mm<\/p>\n<p>Najvi\u0161ja vi\u0161ina: 160 mm<\/p>\n<p>Te\u017ea: 9,5 kg<\/p>\n","protected":false},"excerpt":{"rendered":"<p>Opis produkta Hidravli\u010dni abciger oziroma izvleka\u010di z zmogljvistjo 10 ton se uporabljajo za monta\u017eo in demonta\u017eo le\u017eajev, jermenic, spojev ter zobnikov. Lastnosti: Zlo\u017eeno v priro\u010dnem kov\u010dku Vle\u010dna sila: 10 ton Razmik stopal: 250 mm Najvi\u0161ja vi\u0161ina: 160 mm Te\u017ea: 9,5 kg<\/p>\n","protected":false},"featured_media":1529,"template":"","meta":[],"_links":{"self":[{"href":"https:\/\/tigea-shop.si\/hu\/wp-json\/wp\/v2\/product\/1534"}],"collection":[{"href":"https:\/\/tigea-shop.si\/hu\/wp-json\/wp\/v2\/product"}],"about":[{"href":"https:\/\/tigea-shop.si\/hu\/wp-json\/wp\/v2\/types\/product"}],"wp:featuredmedia":[{"embeddable":true,"href":"https:\/\/tigea-shop.si\/hu\/wp-json\/wp\/v2\/media\/1529"}],"wp:attachment":[{"href":"https:\/\/tigea-shop.si\/hu\/wp-json\/wp\/v2\/media?parent=1534"}],"curies":[{"name":"wp","href":"https:\/\/api.w.org\/{rel}","templated":true}]}}